{"id":12856,"date":"2022-01-08T15:55:42","date_gmt":"2022-01-08T14:55:42","guid":{"rendered":"https:\/\/kitesafe.de\/que-es-el-remo-de-pie\/"},"modified":"2022-01-08T17:42:21","modified_gmt":"2022-01-08T16:42:21","slug":"que-es-el-remo-de-pie","status":"publish","type":"page","link":"https:\/\/kitesafe.de\/es\/sup\/que-es-el-sup\/","title":{"rendered":"\u00bfQu\u00e9 es el SUP?"},"content":{"rendered":"<div id=\"modal-ready\"><div id=\"pl-12856\"  class=\"panel-layout\" ><div id=\"pg-12856-0\"  class=\"panel-grid panel-no-style\" ><div id=\"pgc-12856-0-0\"  class=\"panel-grid-cell\" ><div id=\"panel-12856-0-0-0\" class=\"so-panel widget widget_sow-image panel-first-child panel-last-child\" data-index=\"0\" ><div\n\t\t\t\n\t\t\tclass=\"so-widget-sow-image so-widget-sow-image-default-8b5b6f678277-12856\"\n\t\t\t\n\t\t>\n<div class=\"sow-image-container\">\n\t\t\t<a href=\"https:\/\/kitesafe.de\/wp-content\/uploads\/2018\/12\/maxime-niyomwungeri-561351-unsplash.jpg\"\n\t\t\tdata-lightbox=\"18255850735c1ad67b4d29c405855380\" data-lightbox-options=\"{&quot;alwaysShowNavOnTouchDevices&quot;:false,&quot;disabledOnTablet&quot;:false,&quot;disabledOnMobile&quot;:false,&quot;disableScrolling&quot;:false,&quot;overlayColor&quot;:&quot;#000&quot;,&quot;overlayOpacity&quot;:0.8000000000000000444089209850062616169452667236328125,&quot;fadeDuration&quot;:600,&quot;fitImagesInViewport&quot;:true,&quot;imageFadeDuration&quot;:600,&quot;maxHeight&quot;:&quot;&quot;,&quot;maxWidth&quot;:&quot;&quot;,&quot;positionFromTop&quot;:50,&quot;resizeDuration&quot;:700,&quot;showImageNumberLabel&quot;:true,&quot;disableCaption&quot;:&quot;&quot;,&quot;wrapAround&quot;:true,&quot;albumLabel&quot;:&quot; %1 of %2&quot;}\" data-title=\"SUP-maxime-niyomwungeri-561351-unsplash\" \t\t>\n\t\t\t<img decoding=\"async\" src=\"https:\/\/kitesafe.de\/wp-content\/uploads\/2018\/12\/maxime-niyomwungeri-561351-unsplash-864x330.jpg\" width=\"864\" height=\"330\" sizes=\"(max-width: 864px) 100vw, 864px\" title=\"SUP-maxime-niyomwungeri-561351-unsplash\" alt=\"\" class=\"so-widget-image\">\n\t\t\t<\/a><\/div>\n\n<\/div><\/div><\/div><\/div><div id=\"pg-12856-1\"  class=\"panel-grid panel-no-style\" ><div id=\"pgc-12856-1-0\"  class=\"panel-grid-cell\" ><div id=\"panel-12856-1-0-0\" class=\"so-panel widget widget_sow-editor panel-first-child panel-last-child\" data-index=\"1\" ><div\n\t\t\t\n\t\t\tclass=\"so-widget-sow-editor so-widget-sow-editor-base\"\n\t\t\t\n\t\t><h3 class=\"widget-title\"><span class=\"widget-title__inline\">C\u00f3mo empez\u00f3 todo ...<\/span><\/h3>\n<div class=\"siteorigin-widget-tinymce textwidget\">\n\t<p>Las ra\u00edces del remo de pie o en resumen: SUP probablemente se encuentran en Indonesia, donde los pescadores iban a pescar mientras estaban parados en sus botes. Hasta el d\u00eda de hoy todav\u00eda hay regiones, no solo en Asia, donde los pescadores se mueven con un remo mientras est\u00e1n de pie.<\/p>\n<\/div>\n<\/div><\/div><\/div><div id=\"pgc-12856-1-1\"  class=\"panel-grid-cell\" ><div id=\"panel-12856-1-1-0\" class=\"so-panel widget widget_sow-image panel-first-child panel-last-child\" data-index=\"2\" ><div\n\t\t\t\n\t\t\tclass=\"so-widget-sow-image so-widget-sow-image-default-8b5b6f678277-12856\"\n\t\t\t\n\t\t>\n<div class=\"sow-image-container\">\n\t\t\t<a href=\"https:\/\/kitesafe.de\/wp-content\/uploads\/2018\/12\/zheng-hong-chua-731785-unsplash.jpg\"\n\t\t\tdata-lightbox=\"21173533825c35f179b89f5925347305\" data-lightbox-options=\"{&quot;alwaysShowNavOnTouchDevices&quot;:false,&quot;disabledOnTablet&quot;:false,&quot;disabledOnMobile&quot;:false,&quot;disableScrolling&quot;:false,&quot;overlayColor&quot;:&quot;#000&quot;,&quot;overlayOpacity&quot;:0.8000000000000000444089209850062616169452667236328125,&quot;fadeDuration&quot;:600,&quot;fitImagesInViewport&quot;:true,&quot;imageFadeDuration&quot;:600,&quot;maxHeight&quot;:&quot;&quot;,&quot;maxWidth&quot;:&quot;&quot;,&quot;positionFromTop&quot;:50,&quot;resizeDuration&quot;:700,&quot;showImageNumberLabel&quot;:true,&quot;disableCaption&quot;:&quot;&quot;,&quot;wrapAround&quot;:true,&quot;albumLabel&quot;:&quot; %1 of %2&quot;}\" data-title=\"SUP-zheng-hong-chua-731785-unsplash\" \t\t>\n\t\t\t<img decoding=\"async\" src=\"https:\/\/kitesafe.de\/wp-content\/uploads\/2018\/12\/zheng-hong-chua-731785-unsplash.jpg\" width=\"864\" height=\"486\" srcset=\"https:\/\/kitesafe.de\/wp-content\/uploads\/2018\/12\/zheng-hong-chua-731785-unsplash.jpg 864w, https:\/\/kitesafe.de\/wp-content\/uploads\/2018\/12\/zheng-hong-chua-731785-unsplash-300x169.jpg 300w, https:\/\/kitesafe.de\/wp-content\/uploads\/2018\/12\/zheng-hong-chua-731785-unsplash-768x432.jpg 768w, https:\/\/kitesafe.de\/wp-content\/uploads\/2018\/12\/zheng-hong-chua-731785-unsplash-540x304.jpg 540w, https:\/\/kitesafe.de\/wp-content\/uploads\/2018\/12\/zheng-hong-chua-731785-unsplash-352x198.jpg 352w, https:\/\/kitesafe.de\/wp-content\/uploads\/2018\/12\/zheng-hong-chua-731785-unsplash-360x204.jpg 360w, https:\/\/kitesafe.de\/wp-content\/uploads\/2018\/12\/zheng-hong-chua-731785-unsplash-600x338.jpg 600w\" sizes=\"(max-width: 864px) 100vw, 864px\" title=\"SUP-zheng-hong-chua-731785-unsplash\" alt=\"\" class=\"so-widget-image\">\n\t\t\t<\/a><\/div>\n\n<\/div><\/div><\/div><\/div><div id=\"pg-12856-2\"  class=\"panel-grid panel-no-style\" ><div id=\"pgc-12856-2-0\"  class=\"panel-grid-cell\" ><div id=\"panel-12856-2-0-0\" class=\"so-panel widget widget_sow-editor panel-first-child panel-last-child\" data-index=\"3\" ><div\n\t\t\t\n\t\t\tclass=\"so-widget-sow-editor so-widget-sow-editor-base\"\n\t\t\t\n\t\t>\n<div class=\"siteorigin-widget-tinymce textwidget\">\n\t<p>Hoy en d\u00eda, los deportes acu\u00e1ticos dif\u00edcilmente se pueden imaginar sin las grandes tablas de remo: ya sea para competiciones, como entrenamiento, como deporte de ocio, como medio de transporte o como juguetes acu\u00e1ticos, los SUP han sido durante mucho tiempo un elemento permanente en las playas del mundo. En Europa, el SUP solo ha sido una tendencia desde hace unos a\u00f1os y se est\u00e1 extendiendo no solo en las costas, sino tambi\u00e9n en los lagos y aguas interiores.<\/p>\n<\/div>\n<\/div><\/div><\/div><div id=\"pgc-12856-2-1\"  class=\"panel-grid-cell\" ><div id=\"panel-12856-2-1-0\" class=\"so-panel widget widget_sow-image panel-first-child panel-last-child\" data-index=\"4\" ><div\n\t\t\t\n\t\t\tclass=\"so-widget-sow-image so-widget-sow-image-default-8b5b6f678277-12856\"\n\t\t\t\n\t\t>\n<div class=\"sow-image-container\">\n\t\t\t<a href=\"https:\/\/kitesafe.de\/wp-content\/uploads\/2018\/12\/ben-white-131242-unsplash.jpg\"\n\t\t\tdata-lightbox=\"19372205515c35f17bb6c5c229009361\" data-lightbox-options=\"{&quot;alwaysShowNavOnTouchDevices&quot;:false,&quot;disabledOnTablet&quot;:false,&quot;disabledOnMobile&quot;:false,&quot;disableScrolling&quot;:false,&quot;overlayColor&quot;:&quot;#000&quot;,&quot;overlayOpacity&quot;:0.8000000000000000444089209850062616169452667236328125,&quot;fadeDuration&quot;:600,&quot;fitImagesInViewport&quot;:true,&quot;imageFadeDuration&quot;:600,&quot;maxHeight&quot;:&quot;&quot;,&quot;maxWidth&quot;:&quot;&quot;,&quot;positionFromTop&quot;:50,&quot;resizeDuration&quot;:700,&quot;showImageNumberLabel&quot;:true,&quot;disableCaption&quot;:&quot;&quot;,&quot;wrapAround&quot;:true,&quot;albumLabel&quot;:&quot; %1 of %2&quot;}\" data-title=\"SUP-ben-white-131242-unsplash\" \t\t>\n\t\t\t<img decoding=\"async\" src=\"https:\/\/kitesafe.de\/wp-content\/uploads\/2018\/12\/ben-white-131242-unsplash.jpg\" width=\"864\" height=\"486\" srcset=\"https:\/\/kitesafe.de\/wp-content\/uploads\/2018\/12\/ben-white-131242-unsplash.jpg 864w, https:\/\/kitesafe.de\/wp-content\/uploads\/2018\/12\/ben-white-131242-unsplash-300x169.jpg 300w, https:\/\/kitesafe.de\/wp-content\/uploads\/2018\/12\/ben-white-131242-unsplash-768x432.jpg 768w, https:\/\/kitesafe.de\/wp-content\/uploads\/2018\/12\/ben-white-131242-unsplash-540x304.jpg 540w, https:\/\/kitesafe.de\/wp-content\/uploads\/2018\/12\/ben-white-131242-unsplash-352x198.jpg 352w, https:\/\/kitesafe.de\/wp-content\/uploads\/2018\/12\/ben-white-131242-unsplash-360x204.jpg 360w, https:\/\/kitesafe.de\/wp-content\/uploads\/2018\/12\/ben-white-131242-unsplash-600x338.jpg 600w\" sizes=\"(max-width: 864px) 100vw, 864px\" title=\"SUP-ben-white-131242-unsplash\" alt=\"\" class=\"so-widget-image\">\n\t\t\t<\/a><\/div>\n\n<\/div><\/div><\/div><\/div><div id=\"pg-12856-3\"  class=\"panel-grid panel-no-style\" ><div id=\"pgc-12856-3-0\"  class=\"panel-grid-cell\" ><div id=\"panel-12856-3-0-0\" class=\"so-panel widget widget_sow-editor panel-first-child panel-last-child\" data-index=\"5\" ><div\n\t\t\t\n\t\t\tclass=\"so-widget-sow-editor so-widget-sow-editor-base\"\n\t\t\t\n\t\t>\n<div class=\"siteorigin-widget-tinymce textwidget\">\n\t<p>Pero, \u00bfpor qu\u00e9 SUP en una escuela de kitesurf? Lo que una persona est\u00e1 feliz es el sufrimiento de otra: no necesitas viento para remar (al contrario, \u00a1cuando hay viento se vuelve realmente agotador en el SUP!) Y no hay olas, lo que hace que el deporte sea un complemento perfecto para el kitesurf, el windsurf. , el surf y la vela lo es. Y como afortunadamente no podemos influir en el clima, tenemos una buena alternativa con nuestra peque\u00f1a flota de SUP en los d\u00edas en que no aparece el viento.<\/p>\n<\/div>\n<\/div><\/div><\/div><div id=\"pgc-12856-3-1\"  class=\"panel-grid-cell\" ><div id=\"panel-12856-3-1-0\" class=\"so-panel widget widget_sow-image panel-first-child panel-last-child\" data-index=\"6\" ><div\n\t\t\t\n\t\t\tclass=\"so-widget-sow-image so-widget-sow-image-default-8b5b6f678277-12856\"\n\t\t\t\n\t\t>\n<div class=\"sow-image-container\">\n\t\t\t<a href=\"https:\/\/kitesafe.de\/wp-content\/uploads\/2018\/12\/luisy-guimaraes-716751-unsplash.jpg\"\n\t\t\tdata-lightbox=\"5822358635c35f17c7293f671316832\" data-lightbox-options=\"{&quot;alwaysShowNavOnTouchDevices&quot;:false,&quot;disabledOnTablet&quot;:false,&quot;disabledOnMobile&quot;:false,&quot;disableScrolling&quot;:false,&quot;overlayColor&quot;:&quot;#000&quot;,&quot;overlayOpacity&quot;:0.8000000000000000444089209850062616169452667236328125,&quot;fadeDuration&quot;:600,&quot;fitImagesInViewport&quot;:true,&quot;imageFadeDuration&quot;:600,&quot;maxHeight&quot;:&quot;&quot;,&quot;maxWidth&quot;:&quot;&quot;,&quot;positionFromTop&quot;:50,&quot;resizeDuration&quot;:700,&quot;showImageNumberLabel&quot;:true,&quot;disableCaption&quot;:&quot;&quot;,&quot;wrapAround&quot;:true,&quot;albumLabel&quot;:&quot; %1 of %2&quot;}\" data-title=\"SUP-luisy-guimaraes-716751-unsplash\" \t\t>\n\t\t\t<img decoding=\"async\" src=\"https:\/\/kitesafe.de\/wp-content\/uploads\/2018\/12\/luisy-guimaraes-716751-unsplash.jpg\" width=\"864\" height=\"486\" srcset=\"https:\/\/kitesafe.de\/wp-content\/uploads\/2018\/12\/luisy-guimaraes-716751-unsplash.jpg 864w, https:\/\/kitesafe.de\/wp-content\/uploads\/2018\/12\/luisy-guimaraes-716751-unsplash-300x169.jpg 300w, https:\/\/kitesafe.de\/wp-content\/uploads\/2018\/12\/luisy-guimaraes-716751-unsplash-768x432.jpg 768w, https:\/\/kitesafe.de\/wp-content\/uploads\/2018\/12\/luisy-guimaraes-716751-unsplash-540x304.jpg 540w, https:\/\/kitesafe.de\/wp-content\/uploads\/2018\/12\/luisy-guimaraes-716751-unsplash-352x198.jpg 352w, https:\/\/kitesafe.de\/wp-content\/uploads\/2018\/12\/luisy-guimaraes-716751-unsplash-360x204.jpg 360w, https:\/\/kitesafe.de\/wp-content\/uploads\/2018\/12\/luisy-guimaraes-716751-unsplash-600x338.jpg 600w\" sizes=\"(max-width: 864px) 100vw, 864px\" title=\"SUP-luisy-guimaraes-716751-unsplash\" alt=\"\" class=\"so-widget-image\">\n\t\t\t<\/a><\/div>\n\n<\/div><\/div><\/div><\/div><div id=\"pg-12856-4\"  class=\"panel-grid panel-no-style\" ><div id=\"pgc-12856-4-0\"  class=\"panel-grid-cell\" ><div id=\"panel-12856-4-0-0\" class=\"so-panel widget widget_sow-image panel-first-child panel-last-child\" data-index=\"7\" ><div\n\t\t\t\n\t\t\tclass=\"so-widget-sow-image so-widget-sow-image-default-8b5b6f678277-12856\"\n\t\t\t\n\t\t>\n<div class=\"sow-image-container\">\n\t\t\t<a href=\"https:\/\/kitesafe.de\/wp-content\/uploads\/2018\/12\/unsplash_nicolas_cool.jpg\"\n\t\t\tdata-lightbox=\"3096803215c35f238eda05289166468\" data-lightbox-options=\"{&quot;alwaysShowNavOnTouchDevices&quot;:false,&quot;disabledOnTablet&quot;:false,&quot;disabledOnMobile&quot;:false,&quot;disableScrolling&quot;:false,&quot;overlayColor&quot;:&quot;#000&quot;,&quot;overlayOpacity&quot;:0.8000000000000000444089209850062616169452667236328125,&quot;fadeDuration&quot;:600,&quot;fitImagesInViewport&quot;:true,&quot;imageFadeDuration&quot;:600,&quot;maxHeight&quot;:&quot;&quot;,&quot;maxWidth&quot;:&quot;&quot;,&quot;positionFromTop&quot;:50,&quot;resizeDuration&quot;:700,&quot;showImageNumberLabel&quot;:true,&quot;disableCaption&quot;:&quot;&quot;,&quot;wrapAround&quot;:true,&quot;albumLabel&quot;:&quot; %1 of %2&quot;}\" data-title=\"SUP Wave Crash\" \t\t>\n\t\t\t<img \n\tsrc=\"https:\/\/kitesafe.de\/wp-content\/uploads\/2018\/12\/unsplash_nicolas_cool-960x330.jpg\" width=\"960\" height=\"330\" srcset=\"https:\/\/kitesafe.de\/wp-content\/uploads\/2018\/12\/unsplash_nicolas_cool-960x330.jpg 960w, https:\/\/kitesafe.de\/wp-content\/uploads\/2018\/12\/unsplash_nicolas_cool-480x165.jpg 480w\" sizes=\"(max-width: 960px) 100vw, 960px\" title=\"SUP Wave Crash\" alt=\"Was ist Stand-Up-Paddling?\" \t\tclass=\"so-widget-image\"\/>\n\t\t\t<\/a><\/div>\n\n<\/div><\/div><\/div><\/div><\/div><\/div>","protected":false},"excerpt":{"rendered":"<p>Las ra\u00edces del remo de pie o en resumen: SUP probablemente se encuentran en Indonesia, donde los pescadores iban a pescar mientras estaban parados en sus botes. Hasta el d\u00eda de hoy todav\u00eda hay regiones, no solo en Asia, donde los pescadores se mueven con un remo mientras est\u00e1n de pie.<\/p>\n","protected":false},"author":1,"featured_media":0,"parent":12858,"menu_order":0,"comment_status":"closed","ping_status":"closed","template":"","meta":{"_acf_changed":false,"ngg_post_thumbnail":0,"footnotes":""},"class_list":["post-12856","page","type-page","status-publish","hentry","clearfix"],"acf":[],"_links":{"self":[{"href":"https:\/\/kitesafe.de\/es\/wp-json\/wp\/v2\/pages\/12856","targetHints":{"allow":["GET"]}}],"collection":[{"href":"https:\/\/kitesafe.de\/es\/wp-json\/wp\/v2\/pages"}],"about":[{"href":"https:\/\/kitesafe.de\/es\/wp-json\/wp\/v2\/types\/page"}],"author":[{"embeddable":true,"href":"https:\/\/kitesafe.de\/es\/wp-json\/wp\/v2\/users\/1"}],"replies":[{"embeddable":true,"href":"https:\/\/kitesafe.de\/es\/wp-json\/wp\/v2\/comments?post=12856"}],"version-history":[{"count":4,"href":"https:\/\/kitesafe.de\/es\/wp-json\/wp\/v2\/pages\/12856\/revisions"}],"predecessor-version":[{"id":14207,"href":"https:\/\/kitesafe.de\/es\/wp-json\/wp\/v2\/pages\/12856\/revisions\/14207"}],"up":[{"embeddable":true,"href":"https:\/\/kitesafe.de\/es\/wp-json\/wp\/v2\/pages\/12858"}],"wp:attachment":[{"href":"https:\/\/kitesafe.de\/es\/wp-json\/wp\/v2\/media?parent=12856"}],"curies":[{"name":"wp","href":"https:\/\/api.w.org\/{rel}","templated":true}]}}