{"id":12848,"date":"2022-01-08T15:55:00","date_gmt":"2022-01-08T14:55:00","guid":{"rendered":"https:\/\/kitesafe.de\/imprimir\/"},"modified":"2022-01-08T18:55:32","modified_gmt":"2022-01-08T17:55:32","slug":"imprimir","status":"publish","type":"page","link":"https:\/\/kitesafe.de\/es\/imprimir\/","title":{"rendered":"imprimir"},"content":{"rendered":"<div id=\"modal-ready\"><h2>Identificaci\u00f3n del proveedor legal:<\/h2>\n<p>Thilo Voges<br \/>\nkitesafe.de<br \/>\nEn Strandweg 1<br \/>\n17509 Luisiana<br \/>\nAlemania<br \/>\nTel\u00e9fono: +491632904111<br \/>\nFax: +49 2203 84136<br \/>\nCorreo electr\u00f3nico: info@kitesafe.de<br \/>\nN\u00famero de identificaci\u00f3n fiscal: DE284140901<\/p>\n<p>&nbsp;<\/p>\n<h2>Responsable del contenido seg\u00fan \u00a7 18 Abs. 2 MStV:<\/h2>\n<p>Sr. Thilo Voges<br \/>\nIglesia 2<br \/>\n17509 Loissin OT Luisburgo<br \/>\nAlemania<\/p>\n<p>&nbsp;<\/p>\n<h2>Resoluci\u00f3n de conflicto alternativa:<\/h2>\n<p>La Comisi\u00f3n Europea proporciona una plataforma para la resoluci\u00f3n extrajudicial de disputas en l\u00ednea (plataforma OS), disponible en <a href=\"https:\/\/ec.europa.eu\/odr\" target=\"_blank\" rel=\"noopener\">https:\/\/ec.europa.eu\/odr<\/a>.<\/p>\n<\/div>","protected":false},"excerpt":{"rendered":"<p>Identificaci\u00f3n del proveedor legal: Thilo Voges kitesafe.de En Strandweg 1 17509 Luisiana Alemania Tel\u00e9fono: +491632904111 Fax: +49 2203 84136 Correo electr\u00f3nico: info@kitesafe.de N\u00famero de identificaci\u00f3n fiscal: DE284140901 &nbsp; Responsable del contenido seg\u00fan \u00a7 18 Abs. 2 MStV: Sr. Thilo Voges Iglesia 2 17509 Loissin OT Luisburgo Alemania &nbsp; Resoluci\u00f3n de conflicto alternativa: La Comisi\u00f3n Europea &hellip;<\/p>\n","protected":false},"author":1,"featured_media":0,"parent":0,"menu_order":0,"comment_status":"closed","ping_status":"closed","template":"","meta":{"_acf_changed":false,"ngg_post_thumbnail":0,"footnotes":""},"class_list":["post-12848","page","type-page","status-publish","hentry","clearfix"],"acf":[],"_links":{"self":[{"href":"https:\/\/kitesafe.de\/es\/wp-json\/wp\/v2\/pages\/12848","targetHints":{"allow":["GET"]}}],"collection":[{"href":"https:\/\/kitesafe.de\/es\/wp-json\/wp\/v2\/pages"}],"about":[{"href":"https:\/\/kitesafe.de\/es\/wp-json\/wp\/v2\/types\/page"}],"author":[{"embeddable":true,"href":"https:\/\/kitesafe.de\/es\/wp-json\/wp\/v2\/users\/1"}],"replies":[{"embeddable":true,"href":"https:\/\/kitesafe.de\/es\/wp-json\/wp\/v2\/comments?post=12848"}],"version-history":[{"count":3,"href":"https:\/\/kitesafe.de\/es\/wp-json\/wp\/v2\/pages\/12848\/revisions"}],"predecessor-version":[{"id":14281,"href":"https:\/\/kitesafe.de\/es\/wp-json\/wp\/v2\/pages\/12848\/revisions\/14281"}],"wp:attachment":[{"href":"https:\/\/kitesafe.de\/es\/wp-json\/wp\/v2\/media?parent=12848"}],"curies":[{"name":"wp","href":"https:\/\/api.w.org\/{rel}","templated":true}]}}