{"id":12844,"date":"2022-01-08T15:54:58","date_gmt":"2022-01-08T14:54:58","guid":{"rendered":"https:\/\/kitesafe.de\/excursiones-en-sup\/"},"modified":"2022-01-08T17:44:26","modified_gmt":"2022-01-08T16:44:26","slug":"excursiones-en-sup","status":"publish","type":"page","link":"https:\/\/kitesafe.de\/es\/sup\/excursiones-en-sup\/","title":{"rendered":"Excursiones en SUP"},"content":{"rendered":"<div id=\"modal-ready\"><div id=\"pl-12844\"  class=\"panel-layout\" ><div id=\"pg-12844-0\"  class=\"panel-grid panel-no-style\" ><div id=\"pgc-12844-0-0\"  class=\"panel-grid-cell\" ><div id=\"panel-12844-0-0-0\" class=\"so-panel widget widget_sow-image panel-first-child panel-last-child\" data-index=\"0\" ><div\n\t\t\t\n\t\t\tclass=\"so-widget-sow-image so-widget-sow-image-default-8b5b6f678277-12844\"\n\t\t\t\n\t\t>\n<div class=\"sow-image-container\">\n\t\t\t<a href=\"https:\/\/kitesafe.de\/wp-content\/uploads\/2018\/12\/DSC07798.jpg\"\n\t\t\tdata-lightbox=\"14453447445c1adc139cb72664953730\" data-lightbox-options=\"{&quot;alwaysShowNavOnTouchDevices&quot;:false,&quot;disabledOnTablet&quot;:false,&quot;disabledOnMobile&quot;:false,&quot;disableScrolling&quot;:false,&quot;overlayColor&quot;:&quot;#000&quot;,&quot;overlayOpacity&quot;:0.8000000000000000444089209850062616169452667236328125,&quot;fadeDuration&quot;:600,&quot;fitImagesInViewport&quot;:true,&quot;imageFadeDuration&quot;:600,&quot;maxHeight&quot;:&quot;&quot;,&quot;maxWidth&quot;:&quot;&quot;,&quot;positionFromTop&quot;:50,&quot;resizeDuration&quot;:700,&quot;showImageNumberLabel&quot;:true,&quot;disableCaption&quot;:&quot;&quot;,&quot;wrapAround&quot;:true,&quot;albumLabel&quot;:&quot; %1 of %2&quot;}\" data-title=\"Tour de SUP Greifswalder Bodden\" \t\t>\n\t\t\t<img \n\tsrc=\"https:\/\/kitesafe.de\/wp-content\/uploads\/2018\/12\/DSC07798-864x330.jpg\" width=\"864\" height=\"330\" sizes=\"(max-width: 864px) 100vw, 864px\" title=\"Tour de SUP Greifswalder Bodden\" alt=\"Tour de SUP Greifswalder Bodden\" \t\tclass=\"so-widget-image\"\/>\n\t\t\t<\/a><\/div>\n\n<\/div><\/div><\/div><\/div><div id=\"pg-12844-1\"  class=\"panel-grid panel-no-style\" ><div id=\"pgc-12844-1-0\"  class=\"panel-grid-cell\" ><div id=\"panel-12844-1-0-0\" class=\"so-panel widget widget_sow-editor panel-first-child panel-last-child\" data-index=\"1\" ><div\n\t\t\t\n\t\t\tclass=\"so-widget-sow-editor so-widget-sow-editor-base\"\n\t\t\t\n\t\t>\n<div class=\"siteorigin-widget-tinymce textwidget\">\n\t<h2>Todos los s\u00e1bados, \u00a1nuestro tour de SUP en el Greifswalder Bodden!<\/h2>\n<p>Si el tiempo coopera, nos embarcaremos en un tour de remo con los SUP el <strong>s\u00e1bado por la tarde<\/strong> . Los destinos en las inmediaciones son la costa sur de <strong>Greifswald Bodden<\/strong> , navegando hacia la <strong>puesta<\/strong> de sol o incluso podemos comenzar una excursi\u00f3n a remo a <strong>Lubmin, Greifswald<\/strong> o <strong>Usedom<\/strong> .&nbsp;<\/p>\n<p>Los recorridos suelen durar entre 1,5 y 2 horas, ofrecen diferentes perfiles de requisitos para los remeros en funci\u00f3n del viento y el clima y son una garant\u00eda para conciliar el sue\u00f1o r\u00e1pidamente por la noche y dolor muscular por la ma\u00f1ana. Y, sin embargo, siempre es muy divertido remar casi en silencio por la bah\u00eda con algunas personas.<\/p>\n<ul>\n<li><strong>Hora de inicio<\/strong> : s\u00e1bado por la tarde - hora a acordar<\/li>\n<li><strong>Duraci\u00f3n<\/strong> : desde 90min<\/li>\n<li><strong>Precio<\/strong> : 30 \u20ac \/ persona, a partir de 4 personas o previa cita.<\/li>\n<li><strong>Equipo<\/strong> : tablas de turismo de <a href=\"https:\/\/www.fanatic.com\/de\/sup\" target=\"_blank\" rel=\"noopener\">Fanatic<\/a> e <a href=\"https:\/\/www.indiana-paddlesurf.ch\/de\" target=\"_blank\" rel=\"noopener\">Indiana<\/a><\/li>\n<\/ul>\n<p>Organizamos excursiones en la regi\u00f3n (por ejemplo, Demmin, Peene, Usedom, Ryck ...) y en otros d\u00edas con usted si lo solicita, simplemente env\u00edenos un <a href=\"https:\/\/kitesafe.de\/kontakt\/\">mensaje<\/a>&nbsp; con sus deseos y veremos c\u00f3mo podemos implementarlos.<\/p>\n<h5>Tenga en cuenta:<br \/>\nDado que los recorridos comienzan cuando el clima es tranquilo, no podemos descartar cambios en las fechas o cancelaciones con poca antelaci\u00f3n debido al clima.<\/h5>\n<p>&nbsp;<\/p>\n<\/div>\n<\/div><\/div><\/div><div id=\"pgc-12844-1-1\"  class=\"panel-grid-cell\" ><div id=\"panel-12844-1-1-0\" class=\"so-panel widget widget_sow-image panel-first-child\" data-index=\"2\" ><div\n\t\t\t\n\t\t\tclass=\"so-widget-sow-image so-widget-sow-image-default-8b5b6f678277-12844\"\n\t\t\t\n\t\t>\n<div class=\"sow-image-container\">\n\t\t\t<a href=\"https:\/\/kitesafe.de\/wp-content\/uploads\/2018\/12\/P2270052.jpg\" data-lightbox=\"15060008025c35f47c0dc43785129000\" data-lightbox-options=\"{&quot;alwaysShowNavOnTouchDevices&quot;:false,&quot;disabledOnTablet&quot;:false,&quot;disabledOnMobile&quot;:false,&quot;disableScrolling&quot;:false,&quot;overlayColor&quot;:&quot;#000&quot;,&quot;overlayOpacity&quot;:0.8000000000000000444089209850062616169452667236328125,&quot;fadeDuration&quot;:600,&quot;fitImagesInViewport&quot;:true,&quot;imageFadeDuration&quot;:600,&quot;maxHeight&quot;:&quot;&quot;,&quot;maxWidth&quot;:&quot;&quot;,&quot;positionFromTop&quot;:50,&quot;resizeDuration&quot;:700,&quot;showImageNumberLabel&quot;:true,&quot;disableCaption&quot;:&quot;&quot;,&quot;wrapAround&quot;:true,&quot;albumLabel&quot;:&quot; %1 of %2&quot;}\" data-title=\"Tour de SUP Mallorca\">\n\t\t\t<img \n\tsrc=\"https:\/\/kitesafe.de\/wp-content\/uploads\/2018\/12\/P2270052.jpg\" width=\"864\" height=\"486\" srcset=\"https:\/\/kitesafe.de\/wp-content\/uploads\/2018\/12\/P2270052.jpg 864w, https:\/\/kitesafe.de\/wp-content\/uploads\/2018\/12\/P2270052-300x169.jpg 300w, https:\/\/kitesafe.de\/wp-content\/uploads\/2018\/12\/P2270052-768x432.jpg 768w, https:\/\/kitesafe.de\/wp-content\/uploads\/2018\/12\/P2270052-540x304.jpg 540w, https:\/\/kitesafe.de\/wp-content\/uploads\/2018\/12\/P2270052-352x198.jpg 352w, https:\/\/kitesafe.de\/wp-content\/uploads\/2018\/12\/P2270052-360x204.jpg 360w, https:\/\/kitesafe.de\/wp-content\/uploads\/2018\/12\/P2270052-600x338.jpg 600w\" sizes=\"(max-width: 864px) 100vw, 864px\" title=\"Tour de SUP Mallorca\" alt=\"Tour de SUP Mallorca\" \t\tclass=\"so-widget-image\"\/>\n\t\t\t<\/a><\/div>\n\n<\/div><\/div><div id=\"panel-12844-1-1-1\" class=\"so-panel widget widget_sow-image\" data-index=\"3\" ><div\n\t\t\t\n\t\t\tclass=\"so-widget-sow-image so-widget-sow-image-default-8b5b6f678277-12844\"\n\t\t\t\n\t\t>\n<div class=\"sow-image-container\">\n\t\t\t<a href=\"https:\/\/kitesafe.de\/wp-content\/uploads\/2021\/03\/sunset-3818091_1920.jpg\" data-lightbox=\"469596523604e633e0a1bd870643070\" data-lightbox-options=\"{&quot;alwaysShowNavOnTouchDevices&quot;:false,&quot;disabledOnTablet&quot;:false,&quot;disabledOnMobile&quot;:false,&quot;disableScrolling&quot;:false,&quot;overlayColor&quot;:&quot;#000&quot;,&quot;overlayOpacity&quot;:0.8000000000000000444089209850062616169452667236328125,&quot;fadeDuration&quot;:600,&quot;fitImagesInViewport&quot;:true,&quot;imageFadeDuration&quot;:600,&quot;maxHeight&quot;:&quot;&quot;,&quot;maxWidth&quot;:&quot;&quot;,&quot;positionFromTop&quot;:50,&quot;resizeDuration&quot;:700,&quot;showImageNumberLabel&quot;:true,&quot;disableCaption&quot;:&quot;&quot;,&quot;wrapAround&quot;:true,&quot;albumLabel&quot;:&quot; %1 of %2&quot;}\" data-title=\"Tour de SUP Greifswalder Bodden\">\n\t\t\t<img \n\tsrc=\"https:\/\/kitesafe.de\/wp-content\/uploads\/2021\/03\/sunset-3818091_1920.jpg\" width=\"1920\" height=\"1093\" srcset=\"https:\/\/kitesafe.de\/wp-content\/uploads\/2021\/03\/sunset-3818091_1920.jpg 1920w, https:\/\/kitesafe.de\/wp-content\/uploads\/2021\/03\/sunset-3818091_1920-300x171.jpg 300w, https:\/\/kitesafe.de\/wp-content\/uploads\/2021\/03\/sunset-3818091_1920-1024x583.jpg 1024w, https:\/\/kitesafe.de\/wp-content\/uploads\/2021\/03\/sunset-3818091_1920-768x437.jpg 768w, https:\/\/kitesafe.de\/wp-content\/uploads\/2021\/03\/sunset-3818091_1920-1536x874.jpg 1536w, https:\/\/kitesafe.de\/wp-content\/uploads\/2021\/03\/sunset-3818091_1920-540x307.jpg 540w, https:\/\/kitesafe.de\/wp-content\/uploads\/2021\/03\/sunset-3818091_1920-360x204.jpg 360w\" sizes=\"(max-width: 1920px) 100vw, 1920px\" title=\"Tour de SUP Greifswalder Bodden\" alt=\"Tour de SUP Greifswalder Bodden\" \t\tclass=\"so-widget-image\"\/>\n\t\t\t<\/a><\/div>\n\n<\/div><\/div><div id=\"panel-12844-1-1-2\" class=\"so-panel widget widget_sow-image\" data-index=\"4\" ><div\n\t\t\t\n\t\t\tclass=\"so-widget-sow-image so-widget-sow-image-default-8b5b6f678277-12844\"\n\t\t\t\n\t\t>\n<div class=\"sow-image-container\">\n\t\t\t<a href=\"https:\/\/kitesafe.de\/wp-content\/uploads\/2018\/12\/DSC07762.jpg\" data-lightbox=\"16444593035c35f47eacda5949988709\" data-lightbox-options=\"{&quot;alwaysShowNavOnTouchDevices&quot;:false,&quot;disabledOnTablet&quot;:false,&quot;disabledOnMobile&quot;:false,&quot;disableScrolling&quot;:false,&quot;overlayColor&quot;:&quot;#000&quot;,&quot;overlayOpacity&quot;:0.8000000000000000444089209850062616169452667236328125,&quot;fadeDuration&quot;:600,&quot;fitImagesInViewport&quot;:true,&quot;imageFadeDuration&quot;:600,&quot;maxHeight&quot;:&quot;&quot;,&quot;maxWidth&quot;:&quot;&quot;,&quot;positionFromTop&quot;:50,&quot;resizeDuration&quot;:700,&quot;showImageNumberLabel&quot;:true,&quot;disableCaption&quot;:&quot;&quot;,&quot;wrapAround&quot;:true,&quot;albumLabel&quot;:&quot; %1 of %2&quot;}\" data-title=\"Tour de SUP Greifswalder Bodden\">\n\t\t\t<img \n\tsrc=\"https:\/\/kitesafe.de\/wp-content\/uploads\/2018\/12\/DSC07762.jpg\" width=\"864\" height=\"486\" srcset=\"https:\/\/kitesafe.de\/wp-content\/uploads\/2018\/12\/DSC07762.jpg 864w, https:\/\/kitesafe.de\/wp-content\/uploads\/2018\/12\/DSC07762-300x169.jpg 300w, https:\/\/kitesafe.de\/wp-content\/uploads\/2018\/12\/DSC07762-768x432.jpg 768w, https:\/\/kitesafe.de\/wp-content\/uploads\/2018\/12\/DSC07762-540x304.jpg 540w, https:\/\/kitesafe.de\/wp-content\/uploads\/2018\/12\/DSC07762-352x198.jpg 352w, https:\/\/kitesafe.de\/wp-content\/uploads\/2018\/12\/DSC07762-360x204.jpg 360w, https:\/\/kitesafe.de\/wp-content\/uploads\/2018\/12\/DSC07762-600x338.jpg 600w\" sizes=\"(max-width: 864px) 100vw, 864px\" title=\"Tour de SUP Greifswalder Bodden\" alt=\"Tour de SUP Greifswalder Bodden\" \t\tclass=\"so-widget-image\"\/>\n\t\t\t<\/a><\/div>\n\n<\/div><\/div><div id=\"panel-12844-1-1-3\" class=\"so-panel widget widget_sow-image panel-last-child\" data-index=\"5\" ><div\n\t\t\t\n\t\t\tclass=\"so-widget-sow-image so-widget-sow-image-default-8b5b6f678277-12844\"\n\t\t\t\n\t\t>\n<div class=\"sow-image-container\">\n\t\t\t<a href=\"https:\/\/kitesafe.de\/wp-content\/uploads\/2021\/03\/stand-up-paddle-1645430_1920.jpg\" data-lightbox=\"932826916604e633fd2162740336071\" data-lightbox-options=\"{&quot;alwaysShowNavOnTouchDevices&quot;:false,&quot;disabledOnTablet&quot;:false,&quot;disabledOnMobile&quot;:false,&quot;disableScrolling&quot;:false,&quot;overlayColor&quot;:&quot;#000&quot;,&quot;overlayOpacity&quot;:0.8000000000000000444089209850062616169452667236328125,&quot;fadeDuration&quot;:600,&quot;fitImagesInViewport&quot;:true,&quot;imageFadeDuration&quot;:600,&quot;maxHeight&quot;:&quot;&quot;,&quot;maxWidth&quot;:&quot;&quot;,&quot;positionFromTop&quot;:50,&quot;resizeDuration&quot;:700,&quot;showImageNumberLabel&quot;:true,&quot;disableCaption&quot;:&quot;&quot;,&quot;wrapAround&quot;:true,&quot;albumLabel&quot;:&quot; %1 of %2&quot;}\" data-title=\"Tour de SUP Greifswalder Bodden\">\n\t\t\t<img \n\tsrc=\"https:\/\/kitesafe.de\/wp-content\/uploads\/2021\/03\/stand-up-paddle-1645430_1920.jpg\" width=\"1920\" height=\"1280\" srcset=\"https:\/\/kitesafe.de\/wp-content\/uploads\/2021\/03\/stand-up-paddle-1645430_1920.jpg 1920w, https:\/\/kitesafe.de\/wp-content\/uploads\/2021\/03\/stand-up-paddle-1645430_1920-300x200.jpg 300w, https:\/\/kitesafe.de\/wp-content\/uploads\/2021\/03\/stand-up-paddle-1645430_1920-1024x683.jpg 1024w, https:\/\/kitesafe.de\/wp-content\/uploads\/2021\/03\/stand-up-paddle-1645430_1920-768x512.jpg 768w, https:\/\/kitesafe.de\/wp-content\/uploads\/2021\/03\/stand-up-paddle-1645430_1920-1536x1024.jpg 1536w, https:\/\/kitesafe.de\/wp-content\/uploads\/2021\/03\/stand-up-paddle-1645430_1920-540x360.jpg 540w, https:\/\/kitesafe.de\/wp-content\/uploads\/2021\/03\/stand-up-paddle-1645430_1920-272x182.jpg 272w\" sizes=\"(max-width: 1920px) 100vw, 1920px\" title=\"Tour de SUP Greifswalder Bodden\" alt=\"Tour de SUP Greifswalder Bodden\" \t\tclass=\"so-widget-image\"\/>\n\t\t\t<\/a><\/div>\n\n<\/div><\/div><\/div><\/div><div id=\"pg-12844-2\"  class=\"panel-grid panel-no-style\" ><div id=\"pgc-12844-2-0\"  class=\"panel-grid-cell\" ><div id=\"panel-12844-2-0-0\" class=\"so-panel widget widget_sow-image panel-first-child panel-last-child\" data-index=\"6\" ><div\n\t\t\t\n\t\t\tclass=\"so-widget-sow-image so-widget-sow-image-default-8b5b6f678277-12844\"\n\t\t\t\n\t\t>\n<div class=\"sow-image-container\">\n\t\t\t<a href=\"https:\/\/kitesafe.de\/wp-content\/uploads\/2018\/12\/P1020572.jpg\" data-lightbox=\"12986849265c35f47e3f10b002135756\" data-lightbox-options=\"{&quot;alwaysShowNavOnTouchDevices&quot;:false,&quot;disabledOnTablet&quot;:false,&quot;disabledOnMobile&quot;:false,&quot;disableScrolling&quot;:false,&quot;overlayColor&quot;:&quot;#000&quot;,&quot;overlayOpacity&quot;:0.8000000000000000444089209850062616169452667236328125,&quot;fadeDuration&quot;:600,&quot;fitImagesInViewport&quot;:true,&quot;imageFadeDuration&quot;:600,&quot;maxHeight&quot;:&quot;&quot;,&quot;maxWidth&quot;:&quot;&quot;,&quot;positionFromTop&quot;:50,&quot;resizeDuration&quot;:700,&quot;showImageNumberLabel&quot;:true,&quot;disableCaption&quot;:&quot;&quot;,&quot;wrapAround&quot;:true,&quot;albumLabel&quot;:&quot; %1 of %2&quot;}\" data-title=\"SUP Tour Dinamarca Playa\">\n\t\t\t<img \n\tsrc=\"https:\/\/kitesafe.de\/wp-content\/uploads\/2018\/12\/P1020572-864x330.jpg\" width=\"864\" height=\"330\" sizes=\"(max-width: 864px) 100vw, 864px\" title=\"SUP Tour Dinamarca Playa\" alt=\"SUP Tour Dinamarca Playa\" \t\tclass=\"so-widget-image\"\/>\n\t\t\t<\/a><\/div>\n\n<\/div><\/div><\/div><\/div><\/div><\/div>","protected":false},"excerpt":{"rendered":"<p>Todos los s\u00e1bados, \u00a1nuestro tour de SUP en el Greifswalder Bodden! Si el tiempo coopera, nos embarcaremos en un tour de remo con los SUP el s\u00e1bado por la tarde . Los destinos en las inmediaciones son la costa sur de Greifswald Bodden , navegando hacia la puesta de sol o incluso podemos comenzar una &hellip;<\/p>\n","protected":false},"author":1,"featured_media":0,"parent":12858,"menu_order":0,"comment_status":"closed","ping_status":"closed","template":"","meta":{"_acf_changed":false,"ngg_post_thumbnail":0,"footnotes":""},"class_list":["post-12844","page","type-page","status-publish","hentry","clearfix"],"acf":[],"_links":{"self":[{"href":"https:\/\/kitesafe.de\/es\/wp-json\/wp\/v2\/pages\/12844","targetHints":{"allow":["GET"]}}],"collection":[{"href":"https:\/\/kitesafe.de\/es\/wp-json\/wp\/v2\/pages"}],"about":[{"href":"https:\/\/kitesafe.de\/es\/wp-json\/wp\/v2\/types\/page"}],"author":[{"embeddable":true,"href":"https:\/\/kitesafe.de\/es\/wp-json\/wp\/v2\/users\/1"}],"replies":[{"embeddable":true,"href":"https:\/\/kitesafe.de\/es\/wp-json\/wp\/v2\/comments?post=12844"}],"version-history":[{"count":3,"href":"https:\/\/kitesafe.de\/es\/wp-json\/wp\/v2\/pages\/12844\/revisions"}],"predecessor-version":[{"id":14211,"href":"https:\/\/kitesafe.de\/es\/wp-json\/wp\/v2\/pages\/12844\/revisions\/14211"}],"up":[{"embeddable":true,"href":"https:\/\/kitesafe.de\/es\/wp-json\/wp\/v2\/pages\/12858"}],"wp:attachment":[{"href":"https:\/\/kitesafe.de\/es\/wp-json\/wp\/v2\/media?parent=12844"}],"curies":[{"name":"wp","href":"https:\/\/api.w.org\/{rel}","templated":true}]}}