{"id":12840,"date":"2022-01-08T15:54:57","date_gmt":"2022-01-08T14:54:57","guid":{"rendered":"https:\/\/kitesafe.de\/alquiler-de-sup\/"},"modified":"2022-01-08T17:47:15","modified_gmt":"2022-01-08T16:47:15","slug":"alquiler-de-sup","status":"publish","type":"page","link":"https:\/\/kitesafe.de\/es\/sup\/alquiler-de-sup\/","title":{"rendered":"Alquiler de SUP"},"content":{"rendered":"<div id=\"modal-ready\"><div id=\"pl-12840\"  class=\"panel-layout\" ><div id=\"pg-12840-0\"  class=\"panel-grid panel-no-style\" ><div id=\"pgc-12840-0-0\"  class=\"panel-grid-cell\" ><div id=\"panel-12840-0-0-0\" class=\"so-panel widget widget_sow-image panel-first-child panel-last-child\" data-index=\"0\" ><div\n\t\t\t\n\t\t\tclass=\"so-widget-sow-image so-widget-sow-image-default-8b5b6f678277-12840\"\n\t\t\t\n\t\t>\n<div class=\"sow-image-container\">\n\t\t\t<a href=\"https:\/\/kitesafe.de\/wp-content\/uploads\/2018\/12\/P1020506.jpg\"\n\t\t\tdata-lightbox=\"18400335025c27647a5b044448200510\" data-lightbox-options=\"{&quot;alwaysShowNavOnTouchDevices&quot;:false,&quot;disabledOnTablet&quot;:false,&quot;disabledOnMobile&quot;:false,&quot;disableScrolling&quot;:false,&quot;overlayColor&quot;:&quot;#000&quot;,&quot;overlayOpacity&quot;:0.8000000000000000444089209850062616169452667236328125,&quot;fadeDuration&quot;:600,&quot;fitImagesInViewport&quot;:true,&quot;imageFadeDuration&quot;:600,&quot;maxHeight&quot;:&quot;&quot;,&quot;maxWidth&quot;:&quot;&quot;,&quot;positionFromTop&quot;:50,&quot;resizeDuration&quot;:700,&quot;showImageNumberLabel&quot;:true,&quot;disableCaption&quot;:&quot;&quot;,&quot;wrapAround&quot;:true,&quot;albumLabel&quot;:&quot; %1 of %2&quot;}\" data-title=\"Alquiler de SUP en la playa\" \t\t>\n\t\t\t<img \n\tsrc=\"https:\/\/kitesafe.de\/wp-content\/uploads\/2018\/12\/P1020506-864x330.jpg\" width=\"864\" height=\"330\" sizes=\"(max-width: 864px) 100vw, 864px\" title=\"Alquiler de SUP en la playa\" alt=\"Alquiler de SUP en la playa\" \t\tclass=\"so-widget-image\"\/>\n\t\t\t<\/a><\/div>\n\n<\/div><\/div><\/div><\/div><div id=\"pg-12840-1\"  class=\"panel-grid panel-no-style\" ><div id=\"pgc-12840-1-0\"  class=\"panel-grid-cell\" ><div id=\"panel-12840-1-0-0\" class=\"so-panel widget widget_sow-editor panel-first-child panel-last-child\" data-index=\"1\" ><div\n\t\t\t\n\t\t\tclass=\"so-widget-sow-editor so-widget-sow-editor-base\"\n\t\t\t\n\t\t><h3 class=\"widget-title\"><span class=\"widget-title__inline\">Alquiler de SUP<\/span><\/h3>\n<div class=\"siteorigin-widget-tinymce textwidget\">\n\t<p>Stand up paddle o SUP para abreviar se ha consolidado en los \u00faltimos a\u00f1os como el entrenamiento perfecto y la alternativa tranquila al kitesurf. E incluso sin ambiciones de un rendimiento atl\u00e9tico superior, es divertido caerse de la tabla en la bah\u00eda o mirar el suelo en el agua hasta la cintura. Tenemos tablas de SUP y remos de SUP de FANATIC &amp; Indiana en el lugar en el alquiler de SUP, que estamos felices de prestarle (por un dep\u00f3sito).<\/p>\n<\/div>\n<\/div><\/div><\/div><\/div><div id=\"pg-12840-2\"  class=\"panel-grid panel-no-style\" ><div id=\"pgc-12840-2-0\"  class=\"panel-grid-cell\" ><div id=\"panel-12840-2-0-0\" class=\"so-panel widget widget_pw_pricing_list widget-pricing-list panel-first-child panel-last-child\" data-index=\"2\" >\n\t<div class=\"pricing-list\">\n\t\t\t\t\t<div class=\"pricing-list__widget-title\">\n\t\t\t\t<h3 class=\"widget-title\"><span class=\"widget-title__inline\">SUP Verleih &#8211; Preisliste<\/span><\/h3>\t\t\t<\/div>\n\t\t\t\t\t\t\t<div class=\"pricing-list__item\">\n\t\t\t\t\t\t\t\t<span class=\"pricing-list__title\">SUP &amp; Paddel (1 Stunde)<\/span>\n\t\t\t\t<span class=\"pricing-list__line\"><\/span>\n\t\t\t\t<span class=\"pricing-list__price\">15\u20ac<\/span>\n\t\t\t\t\t\t\t<\/div>\n\t\t\t\t\t<div class=\"pricing-list__item\">\n\t\t\t\t\t\t\t\t\t<span class=\"pricing-list__badge\">Unser Tipp!<\/span>\n\t\t\t\t\t\t\t\t<span class=\"pricing-list__title\">SUP &amp; Paddel (3 Stunden)<\/span>\n\t\t\t\t<span class=\"pricing-list__line\"><\/span>\n\t\t\t\t<span class=\"pricing-list__price\">30\u20ac<\/span>\n\t\t\t\t\t\t\t<\/div>\n\t\t\t\t\t<div class=\"pricing-list__item\">\n\t\t\t\t\t\t\t\t<span class=\"pricing-list__title\">SUP &amp; Paddel (1 Tag)<\/span>\n\t\t\t\t<span class=\"pricing-list__line\"><\/span>\n\t\t\t\t<span class=\"pricing-list__price\">45\u20ac<\/span>\n\t\t\t\t\t\t\t<\/div>\n\t\t\t\t\t<div class=\"pricing-list__item\">\n\t\t\t\t\t\t\t\t<span class=\"pricing-list__title\">SUP-Tour (90min)<\/span>\n\t\t\t\t<span class=\"pricing-list__line\"><\/span>\n\t\t\t\t<span class=\"pricing-list__price\">30\u20ac<\/span>\n\t\t\t\t\t\t\t<\/div>\n\t\t\t\t\t<div class=\"pricing-list__item\">\n\t\t\t\t\t\t\t\t<span class=\"pricing-list__title\">SUP-Kurs (90min)<\/span>\n\t\t\t\t<span class=\"pricing-list__line\"><\/span>\n\t\t\t\t<span class=\"pricing-list__price\">45\u20ac<\/span>\n\t\t\t\t\t\t\t<\/div>\n\t\t\t\t\t<div class=\"pricing-list__item\">\n\t\t\t\t\t\t\t\t<span class=\"pricing-list__title\">Neopren (1 Stunde)<\/span>\n\t\t\t\t<span class=\"pricing-list__line\"><\/span>\n\t\t\t\t<span class=\"pricing-list__price\">5\u20ac<\/span>\n\t\t\t\t\t\t\t<\/div>\n\t\t\t\t\t<div class=\"pricing-list__item\">\n\t\t\t\t\t\t\t\t<span class=\"pricing-list__title\">Neopren (3 Stunden)<\/span>\n\t\t\t\t<span class=\"pricing-list__line\"><\/span>\n\t\t\t\t<span class=\"pricing-list__price\">10\u20ac<\/span>\n\t\t\t\t\t\t\t<\/div>\n\t\t\t\t\t<div class=\"pricing-list__item\">\n\t\t\t\t\t\t\t\t<span class=\"pricing-list__title\">Neopren (1 Tag)<\/span>\n\t\t\t\t<span class=\"pricing-list__line\"><\/span>\n\t\t\t\t<span class=\"pricing-list__price\">15\u20ac<\/span>\n\t\t\t\t\t\t\t<\/div>\n\t\t\t<\/div>\n\n<\/div><\/div><div id=\"pgc-12840-2-1\"  class=\"panel-grid-cell\" ><div id=\"panel-12840-2-1-0\" class=\"so-panel widget widget_pw_accordion widget-accordion panel-first-child panel-last-child\" data-index=\"3\" >\t<div class=\"accordion panel-group\" id=\"accordion-widget-2-1-0\" role=\"tablist\" aria-multiselectable=\"true\">\n\t\t\t<div class=\"accordion__panel  panel  panel-default\">\n\t\t\t<div class=\"accordion__heading  panel-heading\" role=\"tab\" id=\"heading-widget-2-1-0-1\">\n\t\t\t\t<h4 class=\"panel-title\">\n\t\t\t\t\t<a class=\"collapsed\" role=\"button\" data-toggle=\"collapse\" data-parent=\"#accordion-widget-2-1-0\" href=\"#collapse-widget-2-1-0-1\" aria-expanded=\"false\" aria-controls=\"collapse-widget-2-1-0-1\">\n\t\t\t\t\t\tWas muss ich zum Paddeln anziehen?\t\t\t\t\t<\/a>\n\t\t\t\t<\/h4>\n\t\t\t<\/div>\n\t\t\t<div id=\"collapse-widget-2-1-0-1\" class=\"accordion__content  panel-collapse  collapse\" role=\"tabpanel\" aria-labelledby=\"heading-widget-2-1-0-1\">\n\t\t\t\t<div class=\"panel-body\">\n\t\t\t\t\tKommt drauf an \ud83d\ude09 Wir empfehlen im Sommer Boardshort &amp; Shirt, in der Vor- und Nachsaison schadet auch ein Neoprenanzug nicht. Kommt im Endeffekt darauf an, ob und wie oft Du ins Wasser fallen wirst und wie lange Du auf dem Wasser bleiben willst.\t\t\t\t<\/div>\n\t\t\t<\/div>\n\t\t<\/div>\n\t\t\t<div class=\"accordion__panel  panel  panel-default\">\n\t\t\t<div class=\"accordion__heading  panel-heading\" role=\"tab\" id=\"heading-widget-2-1-0-2\">\n\t\t\t\t<h4 class=\"panel-title\">\n\t\t\t\t\t<a class=\"collapsed\" role=\"button\" data-toggle=\"collapse\" data-parent=\"#accordion-widget-2-1-0\" href=\"#collapse-widget-2-1-0-2\" aria-expanded=\"false\" aria-controls=\"collapse-widget-2-1-0-2\">\n\t\t\t\t\t\tBrauche ich irgendwelche Vorkenntnisse?\t\t\t\t\t<\/a>\n\t\t\t\t<\/h4>\n\t\t\t<\/div>\n\t\t\t<div id=\"collapse-widget-2-1-0-2\" class=\"accordion__content  panel-collapse  collapse\" role=\"tabpanel\" aria-labelledby=\"heading-widget-2-1-0-2\">\n\t\t\t\t<div class=\"panel-body\">\n\t\t\t\t\tDu musst schwimmen k\u00f6nnen und Dich vor dem Paddeln \u00fcber die Windrichtung und die damit verbundenen Risiken informieren.\t\t\t\t<\/div>\n\t\t\t<\/div>\n\t\t<\/div>\n\t\t\t<div class=\"accordion__panel  panel  panel-default\">\n\t\t\t<div class=\"accordion__heading  panel-heading\" role=\"tab\" id=\"heading-widget-2-1-0-3\">\n\t\t\t\t<h4 class=\"panel-title\">\n\t\t\t\t\t<a class=\"collapsed\" role=\"button\" data-toggle=\"collapse\" data-parent=\"#accordion-widget-2-1-0\" href=\"#collapse-widget-2-1-0-3\" aria-expanded=\"false\" aria-controls=\"collapse-widget-2-1-0-3\">\n\t\t\t\t\t\tMuss ich noch irgendwas mitbringen?\t\t\t\t\t<\/a>\n\t\t\t\t<\/h4>\n\t\t\t<\/div>\n\t\t\t<div id=\"collapse-widget-2-1-0-3\" class=\"accordion__content  panel-collapse  collapse\" role=\"tabpanel\" aria-labelledby=\"heading-widget-2-1-0-3\">\n\t\t\t\t<div class=\"panel-body\">\n\t\t\t\t\tDu solltest Dir noch etwas zu trinken, Sonnencreme, M\u00fcckenspray und eine Sonnenbrille mitbringen. Wenn Du eine wasserfeste Kamera hast, bring sie ruhig mit..\t\t\t\t<\/div>\n\t\t\t<\/div>\n\t\t<\/div>\n\t\t\t<div class=\"accordion__panel  panel  panel-default\">\n\t\t\t<div class=\"accordion__heading  panel-heading\" role=\"tab\" id=\"heading-widget-2-1-0-4\">\n\t\t\t\t<h4 class=\"panel-title\">\n\t\t\t\t\t<a class=\"collapsed\" role=\"button\" data-toggle=\"collapse\" data-parent=\"#accordion-widget-2-1-0\" href=\"#collapse-widget-2-1-0-4\" aria-expanded=\"false\" aria-controls=\"collapse-widget-2-1-0-4\">\n\t\t\t\t\t\tGibt es die M\u00f6glichkeit, sich mit dem Board irgendwo abholen zu lassen?\t\t\t\t\t<\/a>\n\t\t\t\t<\/h4>\n\t\t\t<\/div>\n\t\t\t<div id=\"collapse-widget-2-1-0-4\" class=\"accordion__content  panel-collapse  collapse\" role=\"tabpanel\" aria-labelledby=\"heading-widget-2-1-0-4\">\n\t\t\t\t<div class=\"panel-body\">\n\t\t\t\t\tJa, allerdings nur nach vorheriger Absprache und Verf\u00fcgbarkeit - plane also Wartezeit mit ein...\t\t\t\t<\/div>\n\t\t\t<\/div>\n\t\t<\/div>\n\t\t\t<div class=\"accordion__panel  panel  panel-default\">\n\t\t\t<div class=\"accordion__heading  panel-heading\" role=\"tab\" id=\"heading-widget-2-1-0-5\">\n\t\t\t\t<h4 class=\"panel-title\">\n\t\t\t\t\t<a class=\"collapsed\" role=\"button\" data-toggle=\"collapse\" data-parent=\"#accordion-widget-2-1-0\" href=\"#collapse-widget-2-1-0-5\" aria-expanded=\"false\" aria-controls=\"collapse-widget-2-1-0-5\">\n\t\t\t\t\t\tKann ich auch einen Hund mit auf die Boards nehmen?\t\t\t\t\t<\/a>\n\t\t\t\t<\/h4>\n\t\t\t<\/div>\n\t\t\t<div id=\"collapse-widget-2-1-0-5\" class=\"accordion__content  panel-collapse  collapse\" role=\"tabpanel\" aria-labelledby=\"heading-widget-2-1-0-5\">\n\t\t\t\t<div class=\"panel-body\">\n\t\t\t\t\tGenerell ist das m\u00f6glich - allerdings sind die Boards doch recht empfindlich, was Krallen angeht. Sollte das Board durch Deinen Hund besch\u00e4digt werden, musst Du f\u00fcr die Reparatur\/Instandsetzung aufkommen.\t\t\t\t<\/div>\n\t\t\t<\/div>\n\t\t<\/div>\n\t\t\t<\/div>\n\n<\/div><\/div><\/div><div id=\"pg-12840-3\"  class=\"panel-grid panel-no-style\" ><div id=\"pgc-12840-3-0\"  class=\"panel-grid-cell\" ><div id=\"panel-12840-3-0-0\" class=\"so-panel widget widget_sow-image panel-first-child panel-last-child\" data-index=\"4\" ><div\n\t\t\t\n\t\t\tclass=\"so-widget-sow-image so-widget-sow-image-default-8b5b6f678277-12840\"\n\t\t\t\n\t\t>\n<div class=\"sow-image-container\">\n\t\t\t<a href=\"https:\/\/kitesafe.de\/wp-content\/uploads\/2018\/12\/SUP-Loissin-12.jpg\"\n\t\t\tdata-lightbox=\"21312982585c35f54f7144e682641698\" data-lightbox-options=\"{&quot;alwaysShowNavOnTouchDevices&quot;:false,&quot;disabledOnTablet&quot;:false,&quot;disabledOnMobile&quot;:false,&quot;disableScrolling&quot;:false,&quot;overlayColor&quot;:&quot;#000&quot;,&quot;overlayOpacity&quot;:0.8000000000000000444089209850062616169452667236328125,&quot;fadeDuration&quot;:600,&quot;fitImagesInViewport&quot;:true,&quot;imageFadeDuration&quot;:600,&quot;maxHeight&quot;:&quot;&quot;,&quot;maxWidth&quot;:&quot;&quot;,&quot;positionFromTop&quot;:50,&quot;resizeDuration&quot;:700,&quot;showImageNumberLabel&quot;:true,&quot;disableCaption&quot;:&quot;&quot;,&quot;wrapAround&quot;:true,&quot;albumLabel&quot;:&quot; %1 of %2&quot;}\" data-title=\"Perro SUP\" \t\t>\n\t\t\t<img \n\tsrc=\"https:\/\/kitesafe.de\/wp-content\/uploads\/2018\/12\/SUP-Loissin-12.jpg\" width=\"864\" height=\"486\" srcset=\"https:\/\/kitesafe.de\/wp-content\/uploads\/2018\/12\/SUP-Loissin-12.jpg 864w, https:\/\/kitesafe.de\/wp-content\/uploads\/2018\/12\/SUP-Loissin-12-300x169.jpg 300w, https:\/\/kitesafe.de\/wp-content\/uploads\/2018\/12\/SUP-Loissin-12-768x432.jpg 768w, https:\/\/kitesafe.de\/wp-content\/uploads\/2018\/12\/SUP-Loissin-12-540x304.jpg 540w, https:\/\/kitesafe.de\/wp-content\/uploads\/2018\/12\/SUP-Loissin-12-352x198.jpg 352w, https:\/\/kitesafe.de\/wp-content\/uploads\/2018\/12\/SUP-Loissin-12-360x204.jpg 360w, https:\/\/kitesafe.de\/wp-content\/uploads\/2018\/12\/SUP-Loissin-12-600x338.jpg 600w\" sizes=\"(max-width: 864px) 100vw, 864px\" title=\"Perro SUP\" alt=\"Perro SUP\" \t\tclass=\"so-widget-image\"\/>\n\t\t\t<\/a><\/div>\n\n<\/div><\/div><\/div><\/div><\/div><\/div>","protected":false},"excerpt":{"rendered":"<p>Stand up paddle o SUP para abreviar se ha consolidado en los \u00faltimos a\u00f1os como el entrenamiento perfecto y la alternativa tranquila al kitesurf. E incluso sin ambiciones de un rendimiento atl\u00e9tico superior, es divertido caerse de la tabla en la bah\u00eda o mirar el suelo en el agua hasta la cintura. Tenemos tablas de &hellip;<\/p>\n","protected":false},"author":1,"featured_media":0,"parent":12858,"menu_order":0,"comment_status":"closed","ping_status":"closed","template":"","meta":{"_acf_changed":false,"ngg_post_thumbnail":0,"footnotes":""},"class_list":["post-12840","page","type-page","status-publish","hentry","clearfix"],"acf":[],"_links":{"self":[{"href":"https:\/\/kitesafe.de\/es\/wp-json\/wp\/v2\/pages\/12840","targetHints":{"allow":["GET"]}}],"collection":[{"href":"https:\/\/kitesafe.de\/es\/wp-json\/wp\/v2\/pages"}],"about":[{"href":"https:\/\/kitesafe.de\/es\/wp-json\/wp\/v2\/types\/page"}],"author":[{"embeddable":true,"href":"https:\/\/kitesafe.de\/es\/wp-json\/wp\/v2\/users\/1"}],"replies":[{"embeddable":true,"href":"https:\/\/kitesafe.de\/es\/wp-json\/wp\/v2\/comments?post=12840"}],"version-history":[{"count":3,"href":"https:\/\/kitesafe.de\/es\/wp-json\/wp\/v2\/pages\/12840\/revisions"}],"predecessor-version":[{"id":14215,"href":"https:\/\/kitesafe.de\/es\/wp-json\/wp\/v2\/pages\/12840\/revisions\/14215"}],"up":[{"embeddable":true,"href":"https:\/\/kitesafe.de\/es\/wp-json\/wp\/v2\/pages\/12858"}],"wp:attachment":[{"href":"https:\/\/kitesafe.de\/es\/wp-json\/wp\/v2\/media?parent=12840"}],"curies":[{"name":"wp","href":"https:\/\/api.w.org\/{rel}","templated":true}]}}