{"id":12836,"date":"2022-01-08T15:54:56","date_gmt":"2022-01-08T14:54:56","guid":{"rendered":"https:\/\/kitesafe.de\/renta-de-equipo\/"},"modified":"2022-01-08T17:31:03","modified_gmt":"2022-01-08T16:31:03","slug":"renta-de-equipo","status":"publish","type":"page","link":"https:\/\/kitesafe.de\/es\/kitesurf\/renta-de-equipo\/","title":{"rendered":"Renta de equipo"},"content":{"rendered":"<div id=\"modal-ready\"><div id=\"pl-12836\"  class=\"panel-layout\" ><div id=\"pg-12836-0\"  class=\"panel-grid panel-no-style\" ><div id=\"pgc-12836-0-0\"  class=\"panel-grid-cell\" ><div id=\"panel-12836-0-0-0\" class=\"so-panel widget widget_sow-image panel-first-child panel-last-child\" data-index=\"0\" ><div\n\t\t\t\n\t\t\tclass=\"so-widget-sow-image so-widget-sow-image-default-8b5b6f678277-12836\"\n\t\t\t\n\t\t>\n<div class=\"sow-image-container\">\n\t\t<img decoding=\"async\" src=\"https:\/\/kitesafe.de\/wp-content\/uploads\/2018\/12\/Unbenannt-1-2.jpg\" width=\"1920\" height=\"450\" srcset=\"https:\/\/kitesafe.de\/wp-content\/uploads\/2018\/12\/Unbenannt-1-2.jpg 1920w, https:\/\/kitesafe.de\/wp-content\/uploads\/2018\/12\/Unbenannt-1-2-300x70.jpg 300w, https:\/\/kitesafe.de\/wp-content\/uploads\/2018\/12\/Unbenannt-1-2-768x180.jpg 768w, https:\/\/kitesafe.de\/wp-content\/uploads\/2018\/12\/Unbenannt-1-2-1024x240.jpg 1024w, https:\/\/kitesafe.de\/wp-content\/uploads\/2018\/12\/Unbenannt-1-2-540x127.jpg 540w, https:\/\/kitesafe.de\/wp-content\/uploads\/2018\/12\/Unbenannt-1-2-600x141.jpg 600w\" sizes=\"(max-width: 1920px) 100vw, 1920px\" title=\"Mallorca-Alcudia-Slider\" alt=\"\" class=\"so-widget-image\">\n\t<\/div>\n\n<\/div><\/div><\/div><\/div><div id=\"pg-12836-1\"  class=\"panel-grid panel-no-style\" ><div id=\"pgc-12836-1-0\"  class=\"panel-grid-cell\" ><div id=\"panel-12836-1-0-0\" class=\"so-panel widget widget_sow-editor panel-first-child panel-last-child\" data-index=\"1\" ><div\n\t\t\t\n\t\t\tclass=\"so-widget-sow-editor so-widget-sow-editor-base\"\n\t\t\t\n\t\t><h3 class=\"widget-title\"><span class=\"widget-title__inline\">\u00a1A\u00fan puedes divertirte sin tu propio material!<\/span><\/h3>\n<div class=\"siteorigin-widget-tinymce textwidget\">\n\t<p>\u00bfAcabas de terminar tu curso de kitesurf, est\u00e1s de paso o simplemente te detuviste espont\u00e1neamente y no tienes ning\u00fan equipo? Hay muchas razones por las que te quedas en la playa sin equipo en las mejores condiciones y no te subes al agua, y bueno, \u00a1todos hemos estado en esa situaci\u00f3n antes!<\/p>\n<p>As\u00ed que podemos decirte: \u00a1no es un problema en absoluto! Porque con nosotros puedes tomar prestado el material m\u00e1s actual de DUOTONE e ION. Todo lo que necesita para esto es una licencia de kite y, en el mejor de los casos, una responsabilidad que cubra los da\u00f1os al equipo prestado. Si no tiene una licencia y \/ o un seguro de responsabilidad civil adecuado: una licencia IKO est\u00e1 incluida en el precio de todos nuestros cursos, puede reservar la herramienta de seguridad para el seguro en el sitio y estar\u00e1 cubierto de inmediato.<\/p>\n<\/div>\n<\/div><\/div><\/div><\/div><div id=\"pg-12836-2\"  class=\"panel-grid panel-no-style\" ><div id=\"pgc-12836-2-0\"  class=\"panel-grid-cell\" ><div id=\"panel-12836-2-0-0\" class=\"so-panel widget widget_pw_pricing_list widget-pricing-list panel-first-child panel-last-child\" data-index=\"2\" ><div class=\"featured-widget panel-widget-style panel-widget-style-for-12836-2-0-0\" >\n\t<div class=\"pricing-list\">\n\t\t\t\t\t<div class=\"pricing-list__widget-title\">\n\t\t\t\t<h3 class=\"widget-title\"><span class=\"widget-title__inline\">Materialverleih Kites \/ Bar \/ Board<\/span><\/h3>\t\t\t<\/div>\n\t\t\t\t\t\t\t<div class=\"pricing-list__item\">\n\t\t\t\t\t\t\t\t\t<span class=\"pricing-list__badge\">Preis pro Tag<\/span>\n\t\t\t\t\t\t\t\t<span class=\"pricing-list__title\"><\/span>\n\t\t\t\t<span class=\"pricing-list__line\"><\/span>\n\t\t\t\t<span class=\"pricing-list__price\"><\/span>\n\t\t\t\t\t\t\t<\/div>\n\t\t\t\t\t<div class=\"pricing-list__item\">\n\t\t\t\t\t\t\t\t<span class=\"pricing-list__title\">Kite &amp; Bar &amp; Board<\/span>\n\t\t\t\t<span class=\"pricing-list__line\"><\/span>\n\t\t\t\t<span class=\"pricing-list__price\">80\u20ac<\/span>\n\t\t\t\t\t\t\t<\/div>\n\t\t\t\t\t<div class=\"pricing-list__item\">\n\t\t\t\t\t\t\t\t<span class=\"pricing-list__title\">Kite &amp; Bar<\/span>\n\t\t\t\t<span class=\"pricing-list__line\"><\/span>\n\t\t\t\t<span class=\"pricing-list__price\">60\u20ac<\/span>\n\t\t\t\t\t\t\t<\/div>\n\t\t\t\t\t<div class=\"pricing-list__item\">\n\t\t\t\t\t\t\t\t<span class=\"pricing-list__title\">Board<\/span>\n\t\t\t\t<span class=\"pricing-list__line\"><\/span>\n\t\t\t\t<span class=\"pricing-list__price\">25\u20ac<\/span>\n\t\t\t\t\t\t\t<\/div>\n\t\t\t\t\t<div class=\"pricing-list__item\">\n\t\t\t\t\t\t\t\t<span class=\"pricing-list__title\">Bar<\/span>\n\t\t\t\t<span class=\"pricing-list__line\"><\/span>\n\t\t\t\t<span class=\"pricing-list__price\">20\u20ac<\/span>\n\t\t\t\t\t\t\t<\/div>\n\t\t\t\t\t<div class=\"pricing-list__item\">\n\t\t\t\t\t\t\t\t\t<span class=\"pricing-list__badge\">Sch\u00fclerpreis pro Tag<\/span>\n\t\t\t\t\t\t\t\t<span class=\"pricing-list__title\"><\/span>\n\t\t\t\t<span class=\"pricing-list__line\"><\/span>\n\t\t\t\t<span class=\"pricing-list__price\"><\/span>\n\t\t\t\t\t\t\t<\/div>\n\t\t\t\t\t<div class=\"pricing-list__item\">\n\t\t\t\t\t\t\t\t<span class=\"pricing-list__title\">Kite &amp; Bar &amp; Board<\/span>\n\t\t\t\t<span class=\"pricing-list__line\"><\/span>\n\t\t\t\t<span class=\"pricing-list__price\">65\u20ac<\/span>\n\t\t\t\t\t\t\t<\/div>\n\t\t\t\t\t<div class=\"pricing-list__item\">\n\t\t\t\t\t\t\t\t<span class=\"pricing-list__title\">Kite &amp; Bar<\/span>\n\t\t\t\t<span class=\"pricing-list__line\"><\/span>\n\t\t\t\t<span class=\"pricing-list__price\">45\u20ac<\/span>\n\t\t\t\t\t\t\t<\/div>\n\t\t\t\t\t<div class=\"pricing-list__item\">\n\t\t\t\t\t\t\t\t<span class=\"pricing-list__title\">Board<\/span>\n\t\t\t\t<span class=\"pricing-list__line\"><\/span>\n\t\t\t\t<span class=\"pricing-list__price\">20\u20ac<\/span>\n\t\t\t\t\t\t\t<\/div>\n\t\t\t\t\t<div class=\"pricing-list__item\">\n\t\t\t\t\t\t\t\t<span class=\"pricing-list__title\">Bar<\/span>\n\t\t\t\t<span class=\"pricing-list__line\"><\/span>\n\t\t\t\t<span class=\"pricing-list__price\">15\u20ac<\/span>\n\t\t\t\t\t\t\t<\/div>\n\t\t\t<\/div>\n\n<\/div><\/div><\/div><div id=\"pgc-12836-2-1\"  class=\"panel-grid-cell\" ><div id=\"panel-12836-2-1-0\" class=\"so-panel widget widget_pw_pricing_list widget-pricing-list panel-first-child panel-last-child\" data-index=\"3\" ><div class=\"featured-widget panel-widget-style panel-widget-style-for-12836-2-1-0\" >\n\t<div class=\"pricing-list\">\n\t\t\t\t\t<div class=\"pricing-list__widget-title\">\n\t\t\t\t<h3 class=\"widget-title\"><span class=\"widget-title__inline\">Materialverleih Waveboard &#038; Hydrofoil<\/span><\/h3>\t\t\t<\/div>\n\t\t\t\t\t\t\t<div class=\"pricing-list__item\">\n\t\t\t\t\t\t\t\t\t<span class=\"pricing-list__badge\">Preise pro Tag<\/span>\n\t\t\t\t\t\t\t\t<span class=\"pricing-list__title\"><\/span>\n\t\t\t\t<span class=\"pricing-list__line\"><\/span>\n\t\t\t\t<span class=\"pricing-list__price\"><\/span>\n\t\t\t\t\t\t\t<\/div>\n\t\t\t\t\t<div class=\"pricing-list__item\">\n\t\t\t\t\t\t\t\t<span class=\"pricing-list__title\">Waveboard Beginner<\/span>\n\t\t\t\t<span class=\"pricing-list__line\"><\/span>\n\t\t\t\t<span class=\"pricing-list__price\">40\u20ac<\/span>\n\t\t\t\t\t\t\t<\/div>\n\t\t\t\t\t<div class=\"pricing-list__item\">\n\t\t\t\t\t\t\t\t<span class=\"pricing-list__title\">Waveboard Advanced<\/span>\n\t\t\t\t<span class=\"pricing-list__line\"><\/span>\n\t\t\t\t<span class=\"pricing-list__price\">50\u20ac<\/span>\n\t\t\t\t\t\t\t<\/div>\n\t\t\t\t\t<div class=\"pricing-list__item\">\n\t\t\t\t\t\t\t\t<span class=\"pricing-list__title\">Hydrofoil<\/span>\n\t\t\t\t<span class=\"pricing-list__line\"><\/span>\n\t\t\t\t<span class=\"pricing-list__price\">60\u20ac<\/span>\n\t\t\t\t\t\t\t<\/div>\n\t\t\t\t\t<div class=\"pricing-list__item\">\n\t\t\t\t\t\t\t\t\t<span class=\"pricing-list__badge\">Sch\u00fclerpreis pro Tag<\/span>\n\t\t\t\t\t\t\t\t<span class=\"pricing-list__title\"><\/span>\n\t\t\t\t<span class=\"pricing-list__line\"><\/span>\n\t\t\t\t<span class=\"pricing-list__price\"><\/span>\n\t\t\t\t\t\t\t<\/div>\n\t\t\t\t\t<div class=\"pricing-list__item\">\n\t\t\t\t\t\t\t\t<span class=\"pricing-list__title\">Waveboard Beginner<\/span>\n\t\t\t\t<span class=\"pricing-list__line\"><\/span>\n\t\t\t\t<span class=\"pricing-list__price\">30\u20ac<\/span>\n\t\t\t\t\t\t\t<\/div>\n\t\t\t\t\t<div class=\"pricing-list__item\">\n\t\t\t\t\t\t\t\t<span class=\"pricing-list__title\">Waveboard Advanced<\/span>\n\t\t\t\t<span class=\"pricing-list__line\"><\/span>\n\t\t\t\t<span class=\"pricing-list__price\">40\u20ac<\/span>\n\t\t\t\t\t\t\t<\/div>\n\t\t\t\t\t<div class=\"pricing-list__item\">\n\t\t\t\t\t\t\t\t<span class=\"pricing-list__title\">Hydrofoil<\/span>\n\t\t\t\t<span class=\"pricing-list__line\"><\/span>\n\t\t\t\t<span class=\"pricing-list__price\">50\u20ac<\/span>\n\t\t\t\t\t\t\t<\/div>\n\t\t\t<\/div>\n\n<\/div><\/div><\/div><\/div><div id=\"pg-12836-3\"  class=\"panel-grid panel-has-style\" ><div class=\"so-parallax panel-row-style panel-row-style-for-12836-3\" ><img fetchpriority=\"high\" decoding=\"async\" width=\"1920\" height=\"450\" src=\"https:\/\/kitesafe.de\/wp-content\/uploads\/2018\/12\/Unbenannt-2.jpg\" class=\"attachment-full size-full\" alt=\"\" data-siteorigin-parallax=\"true\" loading=\"eager\" srcset=\"https:\/\/kitesafe.de\/wp-content\/uploads\/2018\/12\/Unbenannt-2.jpg 1920w, https:\/\/kitesafe.de\/wp-content\/uploads\/2018\/12\/Unbenannt-2-300x70.jpg 300w, https:\/\/kitesafe.de\/wp-content\/uploads\/2018\/12\/Unbenannt-2-768x180.jpg 768w, https:\/\/kitesafe.de\/wp-content\/uploads\/2018\/12\/Unbenannt-2-1024x240.jpg 1024w, https:\/\/kitesafe.de\/wp-content\/uploads\/2018\/12\/Unbenannt-2-540x127.jpg 540w, https:\/\/kitesafe.de\/wp-content\/uploads\/2018\/12\/Unbenannt-2-600x141.jpg 600w\" sizes=\"(max-width: 1920px) 100vw, 1920px\" title=\"\"><div id=\"pgc-12836-3-0\"  class=\"panel-grid-cell\" ><div id=\"panel-12836-3-0-0\" class=\"so-panel widget widget_sow-editor panel-first-child panel-last-child\" data-index=\"4\" ><div class=\"featured-widget panel-widget-style panel-widget-style-for-12836-3-0-0\" ><div\n\t\t\t\n\t\t\tclass=\"so-widget-sow-editor so-widget-sow-editor-base\"\n\t\t\t\n\t\t>\n<div class=\"siteorigin-widget-tinymce textwidget\">\n\t<h3 style=\"text-align: center;\">\u00bfNecesitas m\u00e1s? \u00a1H\u00e1blenos sobre nuestras tarjetas de bonificaci\u00f3n!<\/h3>\n<\/div>\n<\/div><\/div><\/div><\/div><\/div><\/div><div id=\"pg-12836-4\"  class=\"panel-grid panel-no-style\" ><div id=\"pgc-12836-4-0\"  class=\"panel-grid-cell\" ><div id=\"panel-12836-4-0-0\" class=\"so-panel widget widget_pw_pricing_list widget-pricing-list panel-first-child panel-last-child\" data-index=\"5\" ><div class=\"featured-widget panel-widget-style panel-widget-style-for-12836-4-0-0\" >\n\t<div class=\"pricing-list\">\n\t\t\t\t\t<div class=\"pricing-list__widget-title\">\n\t\t\t\t<h3 class=\"widget-title\"><span class=\"widget-title__inline\">Materialverleih Neopren\/Helm\/Weste\/etc<\/span><\/h3>\t\t\t<\/div>\n\t\t\t\t\t\t\t<div class=\"pricing-list__item\">\n\t\t\t\t\t\t\t\t\t<span class=\"pricing-list__badge\">Preis pro Tag<\/span>\n\t\t\t\t\t\t\t\t<span class=\"pricing-list__title\"><\/span>\n\t\t\t\t<span class=\"pricing-list__line\"><\/span>\n\t\t\t\t<span class=\"pricing-list__price\"><\/span>\n\t\t\t\t\t\t\t<\/div>\n\t\t\t\t\t<div class=\"pricing-list__item\">\n\t\t\t\t\t\t\t\t<span class=\"pricing-list__title\">Neopren<\/span>\n\t\t\t\t<span class=\"pricing-list__line\"><\/span>\n\t\t\t\t<span class=\"pricing-list__price\">15\u20ac<\/span>\n\t\t\t\t\t\t\t<\/div>\n\t\t\t\t\t<div class=\"pricing-list__item\">\n\t\t\t\t\t\t\t\t<span class=\"pricing-list__title\">Trapez<\/span>\n\t\t\t\t<span class=\"pricing-list__line\"><\/span>\n\t\t\t\t<span class=\"pricing-list__price\">15\u20ac<\/span>\n\t\t\t\t\t\t\t<\/div>\n\t\t\t\t\t<div class=\"pricing-list__item\">\n\t\t\t\t\t\t\t\t<span class=\"pricing-list__title\">Helm<\/span>\n\t\t\t\t<span class=\"pricing-list__line\"><\/span>\n\t\t\t\t<span class=\"pricing-list__price\">5\u20ac<\/span>\n\t\t\t\t\t\t\t<\/div>\n\t\t\t\t\t<div class=\"pricing-list__item\">\n\t\t\t\t\t\t\t\t\t<span class=\"pricing-list__badge\">Sch\u00fclerpreis pro Tag<\/span>\n\t\t\t\t\t\t\t\t<span class=\"pricing-list__title\"><\/span>\n\t\t\t\t<span class=\"pricing-list__line\"><\/span>\n\t\t\t\t<span class=\"pricing-list__price\"><\/span>\n\t\t\t\t\t\t\t<\/div>\n\t\t\t\t\t<div class=\"pricing-list__item\">\n\t\t\t\t\t\t\t\t<span class=\"pricing-list__title\">Neopren<\/span>\n\t\t\t\t<span class=\"pricing-list__line\"><\/span>\n\t\t\t\t<span class=\"pricing-list__price\">10\u20ac<\/span>\n\t\t\t\t\t\t\t<\/div>\n\t\t\t\t\t<div class=\"pricing-list__item\">\n\t\t\t\t\t\t\t\t<span class=\"pricing-list__title\">Trapez<\/span>\n\t\t\t\t<span class=\"pricing-list__line\"><\/span>\n\t\t\t\t<span class=\"pricing-list__price\">10\u20ac<\/span>\n\t\t\t\t\t\t\t<\/div>\n\t\t\t\t\t<div class=\"pricing-list__item\">\n\t\t\t\t\t\t\t\t<span class=\"pricing-list__title\">Helm<\/span>\n\t\t\t\t<span class=\"pricing-list__line\"><\/span>\n\t\t\t\t<span class=\"pricing-list__price\">gratis<\/span>\n\t\t\t\t\t\t\t<\/div>\n\t\t\t<\/div>\n\n<\/div><\/div><\/div><div id=\"pgc-12836-4-1\"  class=\"panel-grid-cell\" ><div id=\"panel-12836-4-1-0\" class=\"so-panel widget widget_sow-image panel-first-child panel-last-child\" data-index=\"6\" ><div\n\t\t\t\n\t\t\tclass=\"so-widget-sow-image so-widget-sow-image-default-dbf295114b96-12836\"\n\t\t\t\n\t\t>\n<div class=\"sow-image-container\">\n\t\t<img decoding=\"async\" src=\"https:\/\/kitesafe.de\/wp-content\/uploads\/2018\/12\/Unbenannt-3-1-540x540.jpg\" width=\"540\" height=\"540\" srcset=\"https:\/\/kitesafe.de\/wp-content\/uploads\/2018\/12\/Unbenannt-3-1-540x540.jpg 540w, https:\/\/kitesafe.de\/wp-content\/uploads\/2018\/12\/Unbenannt-3-1-150x150.jpg 150w, https:\/\/kitesafe.de\/wp-content\/uploads\/2018\/12\/Unbenannt-3-1-300x300.jpg 300w, https:\/\/kitesafe.de\/wp-content\/uploads\/2018\/12\/Unbenannt-3-1-768x768.jpg 768w, https:\/\/kitesafe.de\/wp-content\/uploads\/2018\/12\/Unbenannt-3-1-600x600.jpg 600w, https:\/\/kitesafe.de\/wp-content\/uploads\/2018\/12\/Unbenannt-3-1-100x100.jpg 100w, https:\/\/kitesafe.de\/wp-content\/uploads\/2018\/12\/Unbenannt-3-1.jpg 800w\" sizes=\"(max-width: 540px) 100vw, 540px\" title=\"Aegypten_Fahne_800px\" alt=\"\" class=\"so-widget-image\">\n\t<\/div>\n\n<\/div><\/div><\/div><\/div><div id=\"pg-12836-5\"  class=\"panel-grid panel-no-style\" ><div id=\"pgc-12836-5-0\"  class=\"panel-grid-cell\" ><div id=\"panel-12836-5-0-0\" class=\"so-panel widget widget_pw_accordion widget-accordion panel-first-child panel-last-child\" data-index=\"7\" ><h3 class=\"widget-title\"><span class=\"widget-title__inline\">Fragen und Antworten zum Verleih<\/span><\/h3>\t<div class=\"accordion panel-group\" id=\"accordion-widget-5-0-0\" role=\"tablist\" aria-multiselectable=\"true\">\n\t\t\t<div class=\"accordion__panel  panel  panel-default\">\n\t\t\t<div class=\"accordion__heading  panel-heading\" role=\"tab\" id=\"heading-widget-5-0-0-1\">\n\t\t\t\t<h4 class=\"panel-title\">\n\t\t\t\t\t<a class=\"collapsed\" role=\"button\" data-toggle=\"collapse\" data-parent=\"#accordion-widget-5-0-0\" href=\"#collapse-widget-5-0-0-1\" aria-expanded=\"false\" aria-controls=\"collapse-widget-5-0-0-1\">\n\t\t\t\t\t\tIch habe keine Lizenz (bei mir) - kann ich trotzdem ausleihen?\t\t\t\t\t<\/a>\n\t\t\t\t<\/h4>\n\t\t\t<\/div>\n\t\t\t<div id=\"collapse-widget-5-0-0-1\" class=\"accordion__content  panel-collapse  collapse\" role=\"tabpanel\" aria-labelledby=\"heading-widget-5-0-0-1\">\n\t\t\t\t<div class=\"panel-body\">\n\t\t\t\t\tWenn Du eine IKO-Lizenz hast, kein Problem - da k\u00f6nnen wir online nachschauen. Hast Du Deine Lizenz bei einem anderen Verband gemacht, kannst Du eine Stunde buchen und mit einem unserer Instructoren Dein Level checken. Material f\u00fcr die Stunde und Lizenz sind schon mit drin - und vielleicht k\u00f6nnen wir Dir in der Zeit ja noch etwas beibringen (wir lieben Selbstrettung!!!). \t\t\t\t<\/div>\n\t\t\t<\/div>\n\t\t<\/div>\n\t\t\t<div class=\"accordion__panel  panel  panel-default\">\n\t\t\t<div class=\"accordion__heading  panel-heading\" role=\"tab\" id=\"heading-widget-5-0-0-2\">\n\t\t\t\t<h4 class=\"panel-title\">\n\t\t\t\t\t<a class=\"collapsed\" role=\"button\" data-toggle=\"collapse\" data-parent=\"#accordion-widget-5-0-0\" href=\"#collapse-widget-5-0-0-2\" aria-expanded=\"false\" aria-controls=\"collapse-widget-5-0-0-2\">\n\t\t\t\t\t\tIst der zus\u00e4tzliche Versicherungsschutz (Safety Tool) zwingend erforderlich?\t\t\t\t\t<\/a>\n\t\t\t\t<\/h4>\n\t\t\t<\/div>\n\t\t\t<div id=\"collapse-widget-5-0-0-2\" class=\"accordion__content  panel-collapse  collapse\" role=\"tabpanel\" aria-labelledby=\"heading-widget-5-0-0-2\">\n\t\t\t\t<div class=\"panel-body\">\n\t\t\t\t\tNein, ist er nicht - wir k\u00f6nnen ihn Dir nur ans Herz legen, da eben Sch\u00e4den an Leihmaterial gegen eine geringe Selbstbeteiligung mit abgedeckt sind. Sprich uns gerne darauf an, gerne gehen wir gemeinsam mit Dir die Vorteile durch und helfen Dir bei der Buchung vor Ort.\t\t\t\t<\/div>\n\t\t\t<\/div>\n\t\t<\/div>\n\t\t\t<div class=\"accordion__panel  panel  panel-default\">\n\t\t\t<div class=\"accordion__heading  panel-heading\" role=\"tab\" id=\"heading-widget-5-0-0-3\">\n\t\t\t\t<h4 class=\"panel-title\">\n\t\t\t\t\t<a class=\"collapsed\" role=\"button\" data-toggle=\"collapse\" data-parent=\"#accordion-widget-5-0-0\" href=\"#collapse-widget-5-0-0-3\" aria-expanded=\"false\" aria-controls=\"collapse-widget-5-0-0-3\">\n\t\t\t\t\t\tWer \u00fcbernimmt die Kosten, wenn etwas kaputt geht?\t\t\t\t\t<\/a>\n\t\t\t\t<\/h4>\n\t\t\t<\/div>\n\t\t\t<div id=\"collapse-widget-5-0-0-3\" class=\"accordion__content  panel-collapse  collapse\" role=\"tabpanel\" aria-labelledby=\"heading-widget-5-0-0-3\">\n\t\t\t\t<div class=\"panel-body\">\n\t\t\t\t\tWenn es sich um einen Materialfehler handelt, \u00fcbernehmen wir nat\u00fcrlich die Reparatur. Falls der Schaden durch Dich verursacht wurde, musst Du f\u00fcr den Schaden aufkommen. Falls Du ein aktives Safety Tool gebucht hast, \u00fcbernimmt die Versicherung den Schaden abz\u00fcglich der Selbstbeteiligung - mutwillige Zerst\u00f6rung ausgenommen.\t\t\t\t<\/div>\n\t\t\t<\/div>\n\t\t<\/div>\n\t\t\t<div class=\"accordion__panel  panel  panel-default\">\n\t\t\t<div class=\"accordion__heading  panel-heading\" role=\"tab\" id=\"heading-widget-5-0-0-4\">\n\t\t\t\t<h4 class=\"panel-title\">\n\t\t\t\t\t<a class=\"collapsed\" role=\"button\" data-toggle=\"collapse\" data-parent=\"#accordion-widget-5-0-0\" href=\"#collapse-widget-5-0-0-4\" aria-expanded=\"false\" aria-controls=\"collapse-widget-5-0-0-4\">\n\t\t\t\t\t\tIhr habt nur Tagespreise, ich habe aber nicht den ganzen Tag Zeit - gibt es da Sonderpreise?\t\t\t\t\t<\/a>\n\t\t\t\t<\/h4>\n\t\t\t<\/div>\n\t\t\t<div id=\"collapse-widget-5-0-0-4\" class=\"accordion__content  panel-collapse  collapse\" role=\"tabpanel\" aria-labelledby=\"heading-widget-5-0-0-4\">\n\t\t\t\t<div class=\"panel-body\">\n\t\t\t\t\tKlar doch! Ab der dritten Stunde gilt der Tagespreis - wenn Du nach 120min wieder bei uns im Shop stehst und das Material zur\u00fcckbringst, berechnen wir Dir nur den halben Tag. \t\t\t\t<\/div>\n\t\t\t<\/div>\n\t\t<\/div>\n\t\t\t<div class=\"accordion__panel  panel  panel-default\">\n\t\t\t<div class=\"accordion__heading  panel-heading\" role=\"tab\" id=\"heading-widget-5-0-0-5\">\n\t\t\t\t<h4 class=\"panel-title\">\n\t\t\t\t\t<a class=\"collapsed\" role=\"button\" data-toggle=\"collapse\" data-parent=\"#accordion-widget-5-0-0\" href=\"#collapse-widget-5-0-0-5\" aria-expanded=\"false\" aria-controls=\"collapse-widget-5-0-0-5\">\n\t\t\t\t\t\tKann ich bei euch auch Material testen?\t\t\t\t\t<\/a>\n\t\t\t\t<\/h4>\n\t\t\t<\/div>\n\t\t\t<div id=\"collapse-widget-5-0-0-5\" class=\"accordion__content  panel-collapse  collapse\" role=\"tabpanel\" aria-labelledby=\"heading-widget-5-0-0-5\">\n\t\t\t\t<div class=\"panel-body\">\n\t\t\t\t\tNat\u00fcrlich kannst Du bei uns Material testen - die erste Stunde ist umsonst! Sprich uns einfach vor Ort an, dann schauen wir was passt und verf\u00fcgbar ist. Nach der ersten Stunde berechnen wir dann die normalen Preise. \t\t\t\t<\/div>\n\t\t\t<\/div>\n\t\t<\/div>\n\t\t\t<div class=\"accordion__panel  panel  panel-default\">\n\t\t\t<div class=\"accordion__heading  panel-heading\" role=\"tab\" id=\"heading-widget-5-0-0-6\">\n\t\t\t\t<h4 class=\"panel-title\">\n\t\t\t\t\t<a class=\"collapsed\" role=\"button\" data-toggle=\"collapse\" data-parent=\"#accordion-widget-5-0-0\" href=\"#collapse-widget-5-0-0-6\" aria-expanded=\"false\" aria-controls=\"collapse-widget-5-0-0-6\">\n\t\t\t\t\t\tDarf ich mit geliehenem Material meine Freunde unterrichten?\t\t\t\t\t<\/a>\n\t\t\t\t<\/h4>\n\t\t\t<\/div>\n\t\t\t<div id=\"collapse-widget-5-0-0-6\" class=\"accordion__content  panel-collapse  collapse\" role=\"tabpanel\" aria-labelledby=\"heading-widget-5-0-0-6\">\n\t\t\t\t<div class=\"panel-body\">\n\t\t\t\t\tNein - daf\u00fcr sind wir schlie\u00dflich da. Falls Du trotzdem mit unserem Material schulst, werden wir recht schnell auf Dich zukommen und das Material wieder einsammeln. \t\t\t\t<\/div>\n\t\t\t<\/div>\n\t\t<\/div>\n\t\t\t<div class=\"accordion__panel  panel  panel-default\">\n\t\t\t<div class=\"accordion__heading  panel-heading\" role=\"tab\" id=\"heading-widget-5-0-0-7\">\n\t\t\t\t<h4 class=\"panel-title\">\n\t\t\t\t\t<a class=\"collapsed\" role=\"button\" data-toggle=\"collapse\" data-parent=\"#accordion-widget-5-0-0\" href=\"#collapse-widget-5-0-0-7\" aria-expanded=\"false\" aria-controls=\"collapse-widget-5-0-0-7\">\n\t\t\t\t\t\tWelches Level ben\u00f6tige ich, um Material ausleihen zu k\u00f6nnen?\t\t\t\t\t<\/a>\n\t\t\t\t<\/h4>\n\t\t\t<\/div>\n\t\t\t<div id=\"collapse-widget-5-0-0-7\" class=\"accordion__content  panel-collapse  collapse\" role=\"tabpanel\" aria-labelledby=\"heading-widget-5-0-0-7\">\n\t\t\t\t<div class=\"panel-body\">\n\t\t\t\t\tDu musst den Wasserstart beherrschen und erste Meter fahren k\u00f6nnen. Sollten wir feststellen, dass Dein Level f\u00fcr die Bedingungen noch nicht gut genug ist, werden wir Dich ansprechen und den Verleih ggf. abbrechen. \t\t\t\t<\/div>\n\t\t\t<\/div>\n\t\t<\/div>\n\t\t\t<\/div>\n\n<\/div><\/div><\/div><div id=\"pg-12836-6\"  class=\"panel-grid panel-has-style\" ><div class=\"siteorigin-panels-stretch panel-row-style panel-row-style-for-12836-6\" data-stretch-type=\"full\" ><div id=\"pgc-12836-6-0\"  class=\"panel-grid-cell\" ><div id=\"panel-12836-6-0-0\" class=\"so-panel widget widget_pw_call_to_action widget-call-to-action panel-first-child panel-last-child\" data-index=\"8\" >\t\t\t\t<div class=\"call-to-action\">\n\t\t\t\t\t<div class=\"call-to-action__text\">\n\t\t\t\t\t\t<h4 class=\"call-to-action__title\">\n\t\t\t\t\t\t\tKURS UND\/ODER REISE GESUCHT?\t\t\t\t\t\t<\/h4>\n\t\t\t\t\t\t\t\t\t\t\t\t<p class=\"call-to-action__subtitle\">\n\t\t\t\t\t\t\tDann schau Dir unser Angebot an - wir haben bestimmt was f\u00fcr Dich!\t\t\t\t\t\t<\/p>\n\t\t\t\t\t\t\t\t\t\t\t<\/div>\n\t\t\t\t\t<div class=\"call-to-action__button\">\n\t\t\t\t\t\t<a class=\"btn  btn-primary\" href=\"\/kitekurse\" target=\"_self\"> ZU DEN KURSEN<\/a><a class=\"btn  btn-light\" href=\"\/termine\" target=\"_blank\"> TERMINE UND EVENTS<\/a>\t\t\t\t\t<\/div>\n\t\t\t\t<\/div>\n\t\t\t<\/div><\/div><\/div><\/div><div id=\"pg-12836-7\"  class=\"panel-grid panel-no-style\" ><div id=\"pgc-12836-7-0\"  class=\"panel-grid-cell\" ><div id=\"panel-12836-7-0-0\" class=\"so-panel widget widget_sow-image panel-first-child panel-last-child\" data-index=\"9\" ><div\n\t\t\t\n\t\t\tclass=\"so-widget-sow-image so-widget-sow-image-default-8b5b6f678277-12836\"\n\t\t\t\n\t\t>\n<div class=\"sow-image-container\">\n\t\t<img decoding=\"async\" src=\"https:\/\/kitesafe.de\/wp-content\/uploads\/2018\/12\/DUOTONE-TRUE-KITEBOARDING.jpg\" width=\"980\" height=\"515\" srcset=\"https:\/\/kitesafe.de\/wp-content\/uploads\/2018\/12\/DUOTONE-TRUE-KITEBOARDING.jpg 980w, https:\/\/kitesafe.de\/wp-content\/uploads\/2018\/12\/DUOTONE-TRUE-KITEBOARDING-300x158.jpg 300w, https:\/\/kitesafe.de\/wp-content\/uploads\/2018\/12\/DUOTONE-TRUE-KITEBOARDING-768x404.jpg 768w, https:\/\/kitesafe.de\/wp-content\/uploads\/2018\/12\/DUOTONE-TRUE-KITEBOARDING-540x284.jpg 540w, https:\/\/kitesafe.de\/wp-content\/uploads\/2018\/12\/DUOTONE-TRUE-KITEBOARDING-600x315.jpg 600w\" sizes=\"(max-width: 980px) 100vw, 980px\" alt=\"\" class=\"so-widget-image\" title=\"\">\n\t<\/div>\n\n<\/div><\/div><\/div><\/div><\/div><\/div>","protected":false},"excerpt":{"rendered":"<p>\u00bfAcabas de terminar tu curso de kitesurf, est\u00e1s de paso o simplemente te detuviste espont\u00e1neamente y no tienes ning\u00fan equipo? Hay muchas razones por las que te quedas en la playa sin equipo en las mejores condiciones y no te subes al agua, y bueno, \u00a1todos hemos estado en esa situaci\u00f3n antes! As\u00ed que podemos &hellip;<\/p>\n","protected":false},"author":1,"featured_media":0,"parent":12861,"menu_order":0,"comment_status":"closed","ping_status":"closed","template":"","meta":{"_acf_changed":false,"ngg_post_thumbnail":0,"footnotes":""},"class_list":["post-12836","page","type-page","status-publish","hentry","clearfix"],"acf":[],"_links":{"self":[{"href":"https:\/\/kitesafe.de\/es\/wp-json\/wp\/v2\/pages\/12836","targetHints":{"allow":["GET"]}}],"collection":[{"href":"https:\/\/kitesafe.de\/es\/wp-json\/wp\/v2\/pages"}],"about":[{"href":"https:\/\/kitesafe.de\/es\/wp-json\/wp\/v2\/types\/page"}],"author":[{"embeddable":true,"href":"https:\/\/kitesafe.de\/es\/wp-json\/wp\/v2\/users\/1"}],"replies":[{"embeddable":true,"href":"https:\/\/kitesafe.de\/es\/wp-json\/wp\/v2\/comments?post=12836"}],"version-history":[{"count":3,"href":"https:\/\/kitesafe.de\/es\/wp-json\/wp\/v2\/pages\/12836\/revisions"}],"predecessor-version":[{"id":13850,"href":"https:\/\/kitesafe.de\/es\/wp-json\/wp\/v2\/pages\/12836\/revisions\/13850"}],"up":[{"embeddable":true,"href":"https:\/\/kitesafe.de\/es\/wp-json\/wp\/v2\/pages\/12861"}],"wp:attachment":[{"href":"https:\/\/kitesafe.de\/es\/wp-json\/wp\/v2\/media?parent=12836"}],"curies":[{"name":"wp","href":"https:\/\/api.w.org\/{rel}","templated":true}]}}