{"id":12797,"date":"2022-01-08T15:54:08","date_gmt":"2022-01-08T14:54:08","guid":{"rendered":"https:\/\/kitesafe.de\/venta-de-entradas\/"},"modified":"2022-01-08T20:38:26","modified_gmt":"2022-01-08T19:38:26","slug":"venta-de-entradas","status":"publish","type":"page","link":"https:\/\/kitesafe.de\/es\/reservas\/","title":{"rendered":"Reserva un curso"},"content":{"rendered":"<div id=\"modal-ready\"><div id=\"pl-12797\"  class=\"panel-layout\" ><div id=\"pg-12797-0\"  class=\"panel-grid panel-has-style\" ><div class=\"panel-row-style panel-row-style-for-12797-0\" ><div id=\"pgc-12797-0-0\"  class=\"panel-grid-cell\" ><div id=\"panel-12797-0-0-0\" class=\"so-panel widget widget_sow-editor panel-first-child panel-last-child\" data-index=\"0\" ><div\n\t\t\t\n\t\t\tclass=\"so-widget-sow-editor so-widget-sow-editor-base\"\n\t\t\t\n\t\t>\n<div class=\"siteorigin-widget-tinymce textwidget\">\n\t<h3 style=\"text-align: center;\"><span style=\"color: #06a6e4;\"><strong>\u00bfHa mirado con nosotros y ha encontrado un curso adecuado para usted?<br \/>\n\u00bfO le gustar\u00eda regalar un bono de curso de forma r\u00e1pida y sencilla?<\/strong><\/span><\/h3>\n<h3 style=\"text-align: center;\"><span style=\"color: #808080;\">\u00a1Entonces puedes consultar las fechas disponibles aqu\u00ed y reservar tu curso directamente!<br \/>\nSimplemente haga clic en el deporte: \u00a1encontrar\u00e1 los cupones un poco m\u00e1s abajo!<\/span><\/h3>\n<\/div>\n<\/div><\/div><\/div><\/div><\/div><div id=\"pg-12797-1\"  class=\"panel-grid panel-no-style\" ><div id=\"pgc-12797-1-0\"  class=\"panel-grid-cell\" ><div id=\"panel-12797-1-0-0\" class=\"so-panel widget widget_pw_image_banner widget-image-banner panel-first-child\" data-index=\"1\" ><div class=\"panel-widget-style panel-widget-style-for-12797-1-0-0\" >\t\t\t\t<a href=\"https:\/\/app.vikingbookings.com\/widget\/booking\/0701000005000000f62d4efe\" target=\"_self\" class=\"image-banner\" rel=\"noopener\">\n\t\t\t\t\t<img decoding=\"async\" class=\"img-fluid  image-banner__image\" src=\"https:\/\/kitesafe.de\/wp-content\/uploads\/2021\/01\/wavacamp_loissin_2.jpg\" alt=\"KITESURF\" title=\"\">\n\t\t\t\t\t<div class=\"image-banner__text  image-banner__text--normal\" style=\"color: #ffffff\">\n\t\t\t\t\t\tKITESURF\t\t\t\t\t<\/div>\n\t\t\t\t<\/a>\n\t\t\t<\/div><\/div><div id=\"panel-12797-1-0-1\" class=\"so-panel widget widget_pw_image_banner widget-image-banner panel-last-child\" data-index=\"2\" ><div class=\"panel-widget-style panel-widget-style-for-12797-1-0-1\" >\t\t\t\t<a href=\"https:\/\/app.vikingbookings.com\/widget\/booking\/07010000070000007de54754\" target=\"_self\" class=\"image-banner\" rel=\"noopener\">\n\t\t\t\t\t<img decoding=\"async\" class=\"img-fluid  image-banner__image\" src=\"https:\/\/kitesafe.de\/wp-content\/uploads\/2021\/12\/SUP_buchung.jpg\" alt=\"SUP \/ STAND-UP-PADDLE\" title=\"\">\n\t\t\t\t\t<div class=\"image-banner__text  image-banner__text--normal\" style=\"color: #ffffff\">\n\t\t\t\t\t\tSUP \/ STAND-UP-PADDLE\t\t\t\t\t<\/div>\n\t\t\t\t<\/a>\n\t\t\t<\/div><\/div><\/div><div id=\"pgc-12797-1-1\"  class=\"panel-grid-cell\" ><div id=\"panel-12797-1-1-0\" class=\"so-panel widget widget_pw_image_banner widget-image-banner panel-first-child\" data-index=\"3\" ><div class=\"panel-widget-style panel-widget-style-for-12797-1-1-0\" >\t\t\t\t<a href=\"https:\/\/app.vikingbookings.com\/widget\/booking\/07010000060000001882fbec\" target=\"_self\" class=\"image-banner\" rel=\"noopener\">\n\t\t\t\t\t<img decoding=\"async\" class=\"img-fluid  image-banner__image\" src=\"https:\/\/kitesafe.de\/wp-content\/uploads\/2021\/12\/wingfoil_klein.jpg\" alt=\"WINGFOIL\" title=\"\">\n\t\t\t\t\t<div class=\"image-banner__text  image-banner__text--normal\" style=\"color: #ffffff\">\n\t\t\t\t\t\tWINGFOIL\t\t\t\t\t<\/div>\n\t\t\t\t<\/a>\n\t\t\t<\/div><\/div><div id=\"panel-12797-1-1-1\" class=\"so-panel widget widget_pw_image_banner widget-image-banner panel-last-child\" data-index=\"4\" ><div class=\"panel-widget-style panel-widget-style-for-12797-1-1-1\" >\t\t\t\t<a href=\"https:\/\/app.vikingbookings.com\/widget\/booking\/0701000018000000b4a23d5c\" target=\"_self\" class=\"image-banner\" rel=\"noopener\">\n\t\t\t\t\t<img decoding=\"async\" class=\"img-fluid  image-banner__image\" src=\"https:\/\/kitesafe.de\/wp-content\/uploads\/2021\/12\/reise_buchung.jpg\" alt=\"CAMPS &amp; VIAJES\" title=\"\">\n\t\t\t\t\t<div class=\"image-banner__text  image-banner__text--normal\" style=\"color: #ffffff\">\n\t\t\t\t\t\tCAMPS &amp; VIAJES\t\t\t\t\t<\/div>\n\t\t\t\t<\/a>\n\t\t\t<\/div><\/div><\/div><\/div><div id=\"pg-12797-2\"  class=\"panel-grid panel-has-style\" ><div class=\"panel-row-style panel-row-style-for-12797-2\" ><div id=\"pgc-12797-2-0\"  class=\"panel-grid-cell\" ><div id=\"panel-12797-2-0-0\" class=\"so-panel widget widget_sow-editor panel-first-child\" data-index=\"5\" ><div\n\t\t\t\n\t\t\tclass=\"so-widget-sow-editor so-widget-sow-editor-base\"\n\t\t\t\n\t\t>\n<div class=\"siteorigin-widget-tinymce textwidget\">\n\t<h5 style=\"text-align: center;\"><strong>Si la fecha deseada no est\u00e1 disponible o hay problemas con la reserva, ll\u00e1menos:<\/strong><\/h5>\n<h5 style=\"text-align: center;\"><strong>Tel\u00e9fono \/ WhatsApp +49 (0) 163-2904111 <\/strong><\/h5>\n<p style=\"text-align: center;\">Estaremos encantados de trabajar con usted para verificar la disponibilidad de los cursos y fechas deseados por tel\u00e9fono en una conversaci\u00f3n personal.<\/p>\n<\/div>\n<\/div><\/div><div id=\"panel-12797-2-0-1\" class=\"so-panel widget widget_pw_image_banner widget-image-banner\" data-index=\"6\" ><div id=\"gutschein\" class=\"panel-widget-style panel-widget-style-for-12797-2-0-1\" >\t\t\t\t<a href=\"#\" target=\"_self\" class=\"image-banner\">\n\t\t\t\t\t<img decoding=\"async\" class=\"img-fluid  image-banner__image\" src=\"https:\/\/kitesafe.de\/wp-content\/uploads\/2021\/12\/gutschein_buchung-1.jpg\" alt=\"BONO DE CURSO\" title=\"\">\n\t\t\t\t\t<div class=\"image-banner__text  image-banner__text--normal\" style=\"color: #ffffff\">\n\t\t\t\t\t\tBONO DE CURSO\t\t\t\t\t<\/div>\n\t\t\t\t<\/a>\n\t\t\t<\/div><\/div><div id=\"panel-12797-2-0-2\" class=\"so-panel widget widget_text panel-last-child\" data-index=\"7\" >\t\t\t<div class=\"textwidget\"><p>Regale nuestros cursos a sus seres queridos cuando lo desee; todo lo que tiene que hacer es ingresar su nombre, su direcci\u00f3n de correo electr\u00f3nico y una cantidad uniforme en el formulario y, despu\u00e9s del pago, recibir\u00e1 un cup\u00f3n en formato PDF en su buz\u00f3n. Puede encontrar nuestros precios para cursos, campamentos, viajes y alquileres en los respectivos cursos \/ productos. A continuaci\u00f3n, puede imprimir el cup\u00f3n o simplemente regalarlo digitalmente: \u00a1el destinatario estar\u00e1 feliz!<\/p>\n<\/div>\n\t\t<\/div><\/div><\/div><\/div><div id=\"pg-12797-3\"  class=\"panel-grid panel-no-style\" ><div id=\"pgc-12797-3-0\"  class=\"panel-grid-cell\" ><div id=\"panel-12797-3-0-0\" class=\"so-panel widget widget_sow-editor panel-first-child panel-last-child\" data-index=\"8\" ><div\n\t\t\t\n\t\t\tclass=\"so-widget-sow-editor so-widget-sow-editor-base\"\n\t\t\t\n\t\t>\n<div class=\"siteorigin-widget-tinymce textwidget\">\n\t<div class=\"fusion-text fusion-text-3\">\n<h2 class=\"title-heading-left fusion-responsive-typography-calculated\" data-fontsize=\"40\" data-lineheight=\"33.2px\">El bono de cursos kitesafe.de<br \/>\n(versi\u00f3n pdf)<\/h2>\n<p>&nbsp;<\/p>\n<\/div>\n<div class=\"fusion-li-item-content\">\n<ul>\n<li>\n<h5>cup\u00f3n pdf directamente en su buz\u00f3n por correo electr\u00f3nico<\/h5>\n<\/li>\n<li>\n<h5>v\u00e1lido por 3 a\u00f1os a partir de la fecha de emisi\u00f3n<\/h5>\n<\/li>\n<li>\n<h5>el regalo perfecto - r\u00e1pido y f\u00e1cil&nbsp;<\/h5>\n<\/li>\n<li>\n<h5>simplemente impr\u00edmalo o env\u00edelo a otra persona&nbsp;<\/h5>\n<\/li>\n<li>\n<h5>solo v\u00e1lido para cursos, campamentos y alquileres<\/h5>\n<\/li>\n<li>\n<h5><strong>Los cupones para toda nuestra gama est\u00e1n disponibles <a href=\"https:\/\/shop.kitesafe.de\/Geschenkideen\" target=\"_blank\" rel=\"noopener\">aqu\u00ed<\/a><\/strong><\/h5>\n<\/li>\n<\/ul>\n<\/div>\n<\/div>\n<\/div><\/div><\/div><div id=\"pgc-12797-3-1\"  class=\"panel-grid-cell\" ><div id=\"panel-12797-3-1-0\" class=\"so-panel widget widget_text panel-first-child panel-last-child\" data-index=\"9\" ><div class=\"featured-widget panel-widget-style panel-widget-style-for-12797-3-1-0\" >\t\t\t<div class=\"textwidget\"><p><script type=\"text\/javascript\" src=\"https:\/\/kitesafe.vikingbookings.com\/de\/widget.js?type=voucher\"><\/script><\/p>\n<\/div>\n\t\t<\/div><\/div><\/div><\/div><div id=\"pg-12797-4\"  class=\"panel-grid panel-no-style\" ><div id=\"pgc-12797-4-0\"  class=\"panel-grid-cell\" ><div id=\"panel-12797-4-0-0\" class=\"so-panel widget widget_sow-image panel-first-child panel-last-child\" data-index=\"10\" ><div\n\t\t\t\n\t\t\tclass=\"so-widget-sow-image so-widget-sow-image-default-3a2476c0e107-12797\"\n\t\t\t\n\t\t>\n<div class=\"sow-image-container\">\n\t\t<img decoding=\"async\" src=\"https:\/\/kitesafe.de\/wp-content\/uploads\/2018\/12\/Mallorca-Alcudia-1920_660.jpg\" width=\"1920\" height=\"660\" srcset=\"https:\/\/kitesafe.de\/wp-content\/uploads\/2018\/12\/Mallorca-Alcudia-1920_660.jpg 1920w, https:\/\/kitesafe.de\/wp-content\/uploads\/2018\/12\/Mallorca-Alcudia-1920_660-300x103.jpg 300w, https:\/\/kitesafe.de\/wp-content\/uploads\/2018\/12\/Mallorca-Alcudia-1920_660-768x264.jpg 768w, https:\/\/kitesafe.de\/wp-content\/uploads\/2018\/12\/Mallorca-Alcudia-1920_660-1024x352.jpg 1024w, https:\/\/kitesafe.de\/wp-content\/uploads\/2018\/12\/Mallorca-Alcudia-1920_660-960x330.jpg 960w, https:\/\/kitesafe.de\/wp-content\/uploads\/2018\/12\/Mallorca-Alcudia-1920_660-480x165.jpg 480w, https:\/\/kitesafe.de\/wp-content\/uploads\/2018\/12\/Mallorca-Alcudia-1920_660-540x186.jpg 540w, https:\/\/kitesafe.de\/wp-content\/uploads\/2018\/12\/Mallorca-Alcudia-1920_660-600x206.jpg 600w\" sizes=\"(max-width: 1920px) 100vw, 1920px\" alt=\"\" class=\"so-widget-image\" title=\"\">\n\t<\/div>\n\n<\/div><\/div><\/div><\/div><\/div><\/div>","protected":false},"excerpt":{"rendered":"<p>\u00bfHa mirado con nosotros y ha encontrado un curso adecuado para usted? \u00bfO le gustar\u00eda regalar un bono de curso de forma r\u00e1pida y sencilla? \u00a1Entonces puedes consultar las fechas disponibles aqu\u00ed y reservar tu curso directamente! Simplemente haga clic en el deporte: \u00a1encontrar\u00e1 los cupones un poco m\u00e1s abajo!<\/p>\n","protected":false},"author":1,"featured_media":0,"parent":0,"menu_order":0,"comment_status":"closed","ping_status":"closed","template":"","meta":{"_acf_changed":false,"ngg_post_thumbnail":0,"footnotes":""},"class_list":["post-12797","page","type-page","status-publish","hentry","clearfix"],"acf":[],"_links":{"self":[{"href":"https:\/\/kitesafe.de\/es\/wp-json\/wp\/v2\/pages\/12797","targetHints":{"allow":["GET"]}}],"collection":[{"href":"https:\/\/kitesafe.de\/es\/wp-json\/wp\/v2\/pages"}],"about":[{"href":"https:\/\/kitesafe.de\/es\/wp-json\/wp\/v2\/types\/page"}],"author":[{"embeddable":true,"href":"https:\/\/kitesafe.de\/es\/wp-json\/wp\/v2\/users\/1"}],"replies":[{"embeddable":true,"href":"https:\/\/kitesafe.de\/es\/wp-json\/wp\/v2\/comments?post=12797"}],"version-history":[{"count":5,"href":"https:\/\/kitesafe.de\/es\/wp-json\/wp\/v2\/pages\/12797\/revisions"}],"predecessor-version":[{"id":14312,"href":"https:\/\/kitesafe.de\/es\/wp-json\/wp\/v2\/pages\/12797\/revisions\/14312"}],"wp:attachment":[{"href":"https:\/\/kitesafe.de\/es\/wp-json\/wp\/v2\/media?parent=12797"}],"curies":[{"name":"wp","href":"https:\/\/api.w.org\/{rel}","templated":true}]}}