{"id":12715,"date":"2022-01-08T15:52:24","date_gmt":"2022-01-08T14:52:24","guid":{"rendered":"https:\/\/kitesafe.de\/ala-frustrada\/cursos-de-wingfoil\/"},"modified":"2022-01-08T17:51:43","modified_gmt":"2022-01-08T16:51:43","slug":"cursos-de-wingfoil","status":"publish","type":"page","link":"https:\/\/kitesafe.de\/es\/wingfoil\/cursos-de-wingfoil\/","title":{"rendered":"Cursos de Wingfoil"},"content":{"rendered":"<div id=\"modal-ready\"><div id=\"pl-12715\"  class=\"panel-layout\" ><div id=\"pg-12715-0\"  class=\"panel-grid panel-no-style\" ><div id=\"pgc-12715-0-0\"  class=\"panel-grid-cell\" ><div id=\"panel-12715-0-0-0\" class=\"so-panel widget widget_sow-image panel-first-child panel-last-child\" data-index=\"0\" ><div\n\t\t\t\n\t\t\tclass=\"so-widget-sow-image so-widget-sow-image-default-8b5b6f678277-12715\"\n\t\t\t\n\t\t>\n<div class=\"sow-image-container\">\n\t\t\t<a href=\"https:\/\/kitesafe.de\/wp-content\/uploads\/2021\/12\/AdobeStock_468952541-scaled.jpeg\"\n\t\t\tdata-lightbox=\"19435452985c2759437438d250664172\" data-lightbox-options=\"{&quot;alwaysShowNavOnTouchDevices&quot;:false,&quot;disabledOnTablet&quot;:false,&quot;disabledOnMobile&quot;:false,&quot;disableScrolling&quot;:false,&quot;overlayColor&quot;:&quot;#000&quot;,&quot;overlayOpacity&quot;:0.8000000000000000444089209850062616169452667236328125,&quot;fadeDuration&quot;:600,&quot;fitImagesInViewport&quot;:true,&quot;imageFadeDuration&quot;:600,&quot;maxHeight&quot;:&quot;&quot;,&quot;maxWidth&quot;:&quot;&quot;,&quot;positionFromTop&quot;:50,&quot;resizeDuration&quot;:700,&quot;showImageNumberLabel&quot;:true,&quot;disableCaption&quot;:&quot;&quot;,&quot;wrapAround&quot;:true,&quot;albumLabel&quot;:&quot; %1 of %2&quot;}\" data-title=\"Curso de ala\" \t\t>\n\t\t\t<img \n\tsrc=\"https:\/\/kitesafe.de\/wp-content\/uploads\/2021\/12\/AdobeStock_468952541-960x330.jpeg\" width=\"960\" height=\"330\" srcset=\"https:\/\/kitesafe.de\/wp-content\/uploads\/2021\/12\/AdobeStock_468952541-960x330.jpeg 960w, https:\/\/kitesafe.de\/wp-content\/uploads\/2021\/12\/AdobeStock_468952541-1920x660.jpeg 1920w, https:\/\/kitesafe.de\/wp-content\/uploads\/2021\/12\/AdobeStock_468952541-480x165.jpeg 480w\" sizes=\"(max-width: 960px) 100vw, 960px\" title=\"Curso de ala\" alt=\"Curso de SUP en Alcudia\" \t\tclass=\"so-widget-image\"\/>\n\t\t\t<\/a><\/div>\n\n<\/div><\/div><\/div><\/div><div id=\"pg-12715-1\"  class=\"panel-grid panel-no-style\" ><div id=\"pgc-12715-1-0\"  class=\"panel-grid-cell\" ><div id=\"panel-12715-1-0-0\" class=\"so-panel widget widget_sow-editor panel-first-child\" data-index=\"1\" ><div\n\t\t\t\n\t\t\tclass=\"so-widget-sow-editor so-widget-sow-editor-base\"\n\t\t\t\n\t\t><h3 class=\"widget-title\"><span class=\"widget-title__inline\">\u00a1Wingfoiling con kitesafe.de!<\/span><\/h3>\n<div class=\"siteorigin-widget-tinymce textwidget\">\n\t<h5>\u00a1Con nuestros cursos Wingfoil te ayudaremos con los primeros pasos!<\/h5>\n<p>Wingfoiling requiere comparativamente poco material y es muy divertido incluso cuando hay poco viento.<\/p>\n<p>Repasamos los conceptos b\u00e1sicos con usted y le ense\u00f1amos de acuerdo con el nivel IKO Evolution Wingfoil y le ense\u00f1amos todo lo que necesita para un wingfoil seguro:<\/p>\n<ul>\n<li><strong>Construcci\u00f3n y manipulaci\u00f3n<\/strong><\/li>\n<li><strong>Ciencia material<\/strong><\/li>\n<li><strong>T\u00e9cnica de maniobra<\/strong>&nbsp;<\/li>\n<li><strong>Informaci\u00f3n de la zona<\/strong><\/li>\n<\/ul>\n<p>Despu\u00e9s del montaje y de una visita guiada por la playa, te adentrar\u00e1s directamente en el agua, \u00a1hasta donde puedas conseguirlo en tu recorrido!<\/p>\n<p>Hemos desarrollado 2 cursos para ti con este fin:<\/p>\n<\/div>\n<\/div><\/div><div id=\"panel-12715-1-0-1\" class=\"so-panel widget widget_sow-editor\" data-index=\"2\" ><div class=\"featured-widget panel-widget-style panel-widget-style-for-12715-1-0-1\" ><div\n\t\t\t\n\t\t\tclass=\"so-widget-sow-editor so-widget-sow-editor-base\"\n\t\t\t\n\t\t>\n<div class=\"siteorigin-widget-tinymce textwidget\">\n\t<h6>Curso para principiantes de wingfoil: descubra la entrada al mundo del wingfoil en un grupo con personas de ideas afines&nbsp;<\/h6>\n<ul>\n<li><strong>Inicio del curso: 12:30 p.m.<\/strong><\/li>\n<li><strong>Duraci\u00f3n del curso: 3 horas<\/strong><\/li>\n<li><strong>Precio: 149 \u20ac<\/strong><\/li>\n<\/ul>\n<\/div>\n<\/div><\/div><\/div><div id=\"panel-12715-1-0-2\" class=\"so-panel widget widget_pw_call_to_action widget-call-to-action\" data-index=\"3\" >\t\t\t\t<div class=\"call-to-action\">\n\t\t\t\t\t<div class=\"call-to-action__text\">\n\t\t\t\t\t\t<h4 class=\"call-to-action__title\">\n\t\t\t\t\t\t\t\t\t\t\t\t\t<\/h4>\n\t\t\t\t\t\t\t\t\t\t\t<\/div>\n\t\t\t\t\t<div class=\"call-to-action__button\">\n\t\t\t\t\t\t <a class=\"btn  btn-danger  js-funky-box  btn-funky  is-btn-title\" href=\"https:\/\/app.vikingbookings.com\/widget\/booking\/0701000019000000d1c581e4\" target=\"_self\" rel=\"noopener\"> Jetzt Buchen<\/a>\t\t\t\t\t<\/div>\n\t\t\t\t<\/div>\n\t\t\t<\/div><div id=\"panel-12715-1-0-3\" class=\"so-panel widget widget_sow-editor\" data-index=\"4\" ><div class=\"featured-widget panel-widget-style panel-widget-style-for-12715-1-0-3\" ><div\n\t\t\t\n\t\t\tclass=\"so-widget-sow-editor so-widget-sow-editor-base\"\n\t\t\t\n\t\t>\n<div class=\"siteorigin-widget-tinymce textwidget\">\n\t<h6>Lecciones privadas de Wingfoil: independientemente de si es un principiante o un escalador, con nuestras lecciones privadas progresar\u00e1 r\u00e1pidamente.<\/h6>\n<ul>\n<li><strong>Inicio del curso: 4:00 p.m.<\/strong><\/li>\n<li><strong>Duraci\u00f3n del curso: 1 hora<\/strong><\/li>\n<li><strong>Precio: 89 \u20ac<\/strong><\/li>\n<\/ul>\n<\/div>\n<\/div><\/div><\/div><div id=\"panel-12715-1-0-4\" class=\"so-panel widget widget_pw_call_to_action widget-call-to-action panel-last-child\" data-index=\"5\" >\t\t\t\t<div class=\"call-to-action\">\n\t\t\t\t\t<div class=\"call-to-action__text\">\n\t\t\t\t\t\t<h4 class=\"call-to-action__title\">\n\t\t\t\t\t\t\t\t\t\t\t\t\t<\/h4>\n\t\t\t\t\t\t\t\t\t\t\t<\/div>\n\t\t\t\t\t<div class=\"call-to-action__button\">\n\t\t\t\t\t\t <a class=\"btn  btn-danger  js-funky-box  btn-funky  is-btn-title\" href=\"https:\/\/app.vikingbookings.com\/widget\/booking\/070100001a0000003f6a34f6\" target=\"_self\" rel=\"noopener\"> Jetzt Buchen<\/a>\t\t\t\t\t<\/div>\n\t\t\t\t<\/div>\n\t\t\t<\/div><\/div><div id=\"pgc-12715-1-1\"  class=\"panel-grid-cell\" ><div id=\"panel-12715-1-1-0\" class=\"so-panel widget widget_sow-image panel-first-child\" data-index=\"6\" ><div\n\t\t\t\n\t\t\tclass=\"so-widget-sow-image so-widget-sow-image-default-8b5b6f678277-12715\"\n\t\t\t\n\t\t>\n<div class=\"sow-image-container\">\n\t\t\t<a href=\"https:\/\/kitesafe.de\/wp-content\/uploads\/2021\/12\/AdobeStock_471416585-scaled.jpeg\" data-lightbox=\"11152675755c35f37946018169395864\" data-lightbox-options=\"{&quot;alwaysShowNavOnTouchDevices&quot;:false,&quot;disabledOnTablet&quot;:false,&quot;disabledOnMobile&quot;:false,&quot;disableScrolling&quot;:false,&quot;overlayColor&quot;:&quot;#000&quot;,&quot;overlayOpacity&quot;:0.8000000000000000444089209850062616169452667236328125,&quot;fadeDuration&quot;:600,&quot;fitImagesInViewport&quot;:true,&quot;imageFadeDuration&quot;:600,&quot;maxHeight&quot;:&quot;&quot;,&quot;maxWidth&quot;:&quot;&quot;,&quot;positionFromTop&quot;:50,&quot;resizeDuration&quot;:700,&quot;showImageNumberLabel&quot;:true,&quot;disableCaption&quot;:&quot;&quot;,&quot;wrapAround&quot;:true,&quot;albumLabel&quot;:&quot; %1 of %2&quot;}\" data-title=\"Curso de SUP Loissin\">\n\t\t\t<img \n\tsrc=\"https:\/\/kitesafe.de\/wp-content\/uploads\/2021\/12\/AdobeStock_471416585-scaled.jpeg\" width=\"2560\" height=\"1708\" srcset=\"https:\/\/kitesafe.de\/wp-content\/uploads\/2021\/12\/AdobeStock_471416585-scaled.jpeg 2560w, https:\/\/kitesafe.de\/wp-content\/uploads\/2021\/12\/AdobeStock_471416585-300x200.jpeg 300w, https:\/\/kitesafe.de\/wp-content\/uploads\/2021\/12\/AdobeStock_471416585-1024x683.jpeg 1024w, https:\/\/kitesafe.de\/wp-content\/uploads\/2021\/12\/AdobeStock_471416585-768x513.jpeg 768w, https:\/\/kitesafe.de\/wp-content\/uploads\/2021\/12\/AdobeStock_471416585-1536x1025.jpeg 1536w, https:\/\/kitesafe.de\/wp-content\/uploads\/2021\/12\/AdobeStock_471416585-2048x1367.jpeg 2048w, https:\/\/kitesafe.de\/wp-content\/uploads\/2021\/12\/AdobeStock_471416585-540x360.jpeg 540w, https:\/\/kitesafe.de\/wp-content\/uploads\/2021\/12\/AdobeStock_471416585-272x182.jpeg 272w\" sizes=\"(max-width: 2560px) 100vw, 2560px\" title=\"Curso de SUP Loissin\" alt=\"Curso de SUP Loissin\" \t\tclass=\"so-widget-image\"\/>\n\t\t\t<\/a><\/div>\n\n<\/div><\/div><div id=\"panel-12715-1-1-1\" class=\"so-panel widget widget_sow-image\" data-index=\"7\" ><div\n\t\t\t\n\t\t\tclass=\"so-widget-sow-image so-widget-sow-image-default-8b5b6f678277-12715\"\n\t\t\t\n\t\t>\n<div class=\"sow-image-container\">\n\t\t\t<a href=\"https:\/\/kitesafe.de\/wp-content\/uploads\/2021\/12\/AdobeStock_422919229-scaled.jpeg\" data-lightbox=\"180727373604e2fee3a36d074555916\" data-lightbox-options=\"{&quot;alwaysShowNavOnTouchDevices&quot;:false,&quot;disabledOnTablet&quot;:false,&quot;disabledOnMobile&quot;:false,&quot;disableScrolling&quot;:false,&quot;overlayColor&quot;:&quot;#000&quot;,&quot;overlayOpacity&quot;:0.8000000000000000444089209850062616169452667236328125,&quot;fadeDuration&quot;:600,&quot;fitImagesInViewport&quot;:true,&quot;imageFadeDuration&quot;:600,&quot;maxHeight&quot;:&quot;&quot;,&quot;maxWidth&quot;:&quot;&quot;,&quot;positionFromTop&quot;:50,&quot;resizeDuration&quot;:700,&quot;showImageNumberLabel&quot;:true,&quot;disableCaption&quot;:&quot;&quot;,&quot;wrapAround&quot;:true,&quot;albumLabel&quot;:&quot; %1 of %2&quot;}\" data-title=\"GSUPA\">\n\t\t\t<img \n\tsrc=\"https:\/\/kitesafe.de\/wp-content\/uploads\/2021\/12\/AdobeStock_422919229-scaled.jpeg\" width=\"2560\" height=\"1686\" srcset=\"https:\/\/kitesafe.de\/wp-content\/uploads\/2021\/12\/AdobeStock_422919229-scaled.jpeg 2560w, https:\/\/kitesafe.de\/wp-content\/uploads\/2021\/12\/AdobeStock_422919229-300x198.jpeg 300w, https:\/\/kitesafe.de\/wp-content\/uploads\/2021\/12\/AdobeStock_422919229-1024x674.jpeg 1024w, https:\/\/kitesafe.de\/wp-content\/uploads\/2021\/12\/AdobeStock_422919229-768x506.jpeg 768w, https:\/\/kitesafe.de\/wp-content\/uploads\/2021\/12\/AdobeStock_422919229-1536x1012.jpeg 1536w, https:\/\/kitesafe.de\/wp-content\/uploads\/2021\/12\/AdobeStock_422919229-2048x1349.jpeg 2048w, https:\/\/kitesafe.de\/wp-content\/uploads\/2021\/12\/AdobeStock_422919229-540x356.jpeg 540w\" sizes=\"(max-width: 2560px) 100vw, 2560px\" title=\"GSUPA\" alt=\"GSUPA\" \t\tclass=\"so-widget-image\"\/>\n\t\t\t<\/a><\/div>\n\n<\/div><\/div><div id=\"panel-12715-1-1-2\" class=\"so-panel widget widget_sow-image panel-last-child\" data-index=\"8\" ><div\n\t\t\t\n\t\t\tclass=\"so-widget-sow-image so-widget-sow-image-default-8b5b6f678277-12715\"\n\t\t\t\n\t\t>\n<div class=\"sow-image-container\">\n\t\t\t<a href=\"https:\/\/kitesafe.de\/wp-content\/uploads\/2021\/12\/AdobeStock_467366713-scaled.jpeg\" data-lightbox=\"21318136815c35f380959d1739182501\" data-lightbox-options=\"{&quot;alwaysShowNavOnTouchDevices&quot;:false,&quot;disabledOnTablet&quot;:false,&quot;disabledOnMobile&quot;:false,&quot;disableScrolling&quot;:false,&quot;overlayColor&quot;:&quot;#000&quot;,&quot;overlayOpacity&quot;:0.8000000000000000444089209850062616169452667236328125,&quot;fadeDuration&quot;:600,&quot;fitImagesInViewport&quot;:true,&quot;imageFadeDuration&quot;:600,&quot;maxHeight&quot;:&quot;&quot;,&quot;maxWidth&quot;:&quot;&quot;,&quot;positionFromTop&quot;:50,&quot;resizeDuration&quot;:700,&quot;showImageNumberLabel&quot;:true,&quot;disableCaption&quot;:&quot;&quot;,&quot;wrapAround&quot;:true,&quot;albumLabel&quot;:&quot; %1 of %2&quot;}\" data-title=\"SUP Atardecer\">\n\t\t\t<img \n\tsrc=\"https:\/\/kitesafe.de\/wp-content\/uploads\/2021\/12\/AdobeStock_467366713-scaled.jpeg\" width=\"2560\" height=\"1669\" srcset=\"https:\/\/kitesafe.de\/wp-content\/uploads\/2021\/12\/AdobeStock_467366713-scaled.jpeg 2560w, https:\/\/kitesafe.de\/wp-content\/uploads\/2021\/12\/AdobeStock_467366713-300x196.jpeg 300w, https:\/\/kitesafe.de\/wp-content\/uploads\/2021\/12\/AdobeStock_467366713-1024x668.jpeg 1024w, https:\/\/kitesafe.de\/wp-content\/uploads\/2021\/12\/AdobeStock_467366713-768x501.jpeg 768w, https:\/\/kitesafe.de\/wp-content\/uploads\/2021\/12\/AdobeStock_467366713-1536x1001.jpeg 1536w, https:\/\/kitesafe.de\/wp-content\/uploads\/2021\/12\/AdobeStock_467366713-2048x1335.jpeg 2048w, https:\/\/kitesafe.de\/wp-content\/uploads\/2021\/12\/AdobeStock_467366713-540x352.jpeg 540w\" sizes=\"(max-width: 2560px) 100vw, 2560px\" title=\"SUP Atardecer\" alt=\"SUP Atardecer\" \t\tclass=\"so-widget-image\"\/>\n\t\t\t<\/a><\/div>\n\n<\/div><\/div><\/div><\/div><div id=\"pg-12715-2\"  class=\"panel-grid panel-no-style\" ><div id=\"pgc-12715-2-0\"  class=\"panel-grid-cell\" ><div id=\"panel-12715-2-0-0\" class=\"so-panel widget widget_sow-image panel-first-child panel-last-child\" data-index=\"9\" ><div\n\t\t\t\n\t\t\tclass=\"so-widget-sow-image so-widget-sow-image-default-8b5b6f678277-12715\"\n\t\t\t\n\t\t>\n<div class=\"sow-image-container\">\n\t\t\t<a href=\"https:\/\/kitesafe.de\/wp-content\/uploads\/2021\/12\/AdobeStock_355360005-scaled.jpeg\" data-lightbox=\"18352339845c35f37fea184447291710\" data-lightbox-options=\"{&quot;alwaysShowNavOnTouchDevices&quot;:false,&quot;disabledOnTablet&quot;:false,&quot;disabledOnMobile&quot;:false,&quot;disableScrolling&quot;:false,&quot;overlayColor&quot;:&quot;#000&quot;,&quot;overlayOpacity&quot;:0.8000000000000000444089209850062616169452667236328125,&quot;fadeDuration&quot;:600,&quot;fitImagesInViewport&quot;:true,&quot;imageFadeDuration&quot;:600,&quot;maxHeight&quot;:&quot;&quot;,&quot;maxWidth&quot;:&quot;&quot;,&quot;positionFromTop&quot;:50,&quot;resizeDuration&quot;:700,&quot;showImageNumberLabel&quot;:true,&quot;disableCaption&quot;:&quot;&quot;,&quot;wrapAround&quot;:true,&quot;albumLabel&quot;:&quot; %1 of %2&quot;}\" data-title=\"SUP Loissin \u00e1rboles durmientes\">\n\t\t\t<img \n\tsrc=\"https:\/\/kitesafe.de\/wp-content\/uploads\/2021\/12\/AdobeStock_355360005-scaled.jpeg\" width=\"2560\" height=\"1659\" srcset=\"https:\/\/kitesafe.de\/wp-content\/uploads\/2021\/12\/AdobeStock_355360005-scaled.jpeg 2560w, https:\/\/kitesafe.de\/wp-content\/uploads\/2021\/12\/AdobeStock_355360005-300x194.jpeg 300w, https:\/\/kitesafe.de\/wp-content\/uploads\/2021\/12\/AdobeStock_355360005-1024x664.jpeg 1024w, https:\/\/kitesafe.de\/wp-content\/uploads\/2021\/12\/AdobeStock_355360005-768x498.jpeg 768w, https:\/\/kitesafe.de\/wp-content\/uploads\/2021\/12\/AdobeStock_355360005-1536x996.jpeg 1536w, https:\/\/kitesafe.de\/wp-content\/uploads\/2021\/12\/AdobeStock_355360005-2048x1327.jpeg 2048w, https:\/\/kitesafe.de\/wp-content\/uploads\/2021\/12\/AdobeStock_355360005-540x350.jpeg 540w\" sizes=\"(max-width: 2560px) 100vw, 2560px\" title=\"SUP Loissin \u00e1rboles durmientes\" alt=\"SUP Loissin \u00e1rboles durmientes\" \t\tclass=\"so-widget-image\"\/>\n\t\t\t<\/a><\/div>\n\n<\/div><\/div><\/div><\/div><\/div><\/div>","protected":false},"excerpt":{"rendered":"<p>\u00a1Con nuestros cursos Wingfoil te ayudaremos con los primeros pasos! Wingfoiling requiere comparativamente poco material y es muy divertido incluso cuando hay poco viento. Repasamos los conceptos b\u00e1sicos con usted y le ense\u00f1amos de acuerdo con el nivel IKO Evolution Wingfoil y le ense\u00f1amos todo lo que necesita para un wingfoil seguro: Construcci\u00f3n y manipulaci\u00f3n &hellip;<\/p>\n","protected":false},"author":2,"featured_media":0,"parent":12663,"menu_order":0,"comment_status":"closed","ping_status":"closed","template":"","meta":{"_acf_changed":false,"ngg_post_thumbnail":0,"footnotes":""},"class_list":["post-12715","page","type-page","status-publish","hentry","clearfix"],"acf":[],"_links":{"self":[{"href":"https:\/\/kitesafe.de\/es\/wp-json\/wp\/v2\/pages\/12715","targetHints":{"allow":["GET"]}}],"collection":[{"href":"https:\/\/kitesafe.de\/es\/wp-json\/wp\/v2\/pages"}],"about":[{"href":"https:\/\/kitesafe.de\/es\/wp-json\/wp\/v2\/types\/page"}],"author":[{"embeddable":true,"href":"https:\/\/kitesafe.de\/es\/wp-json\/wp\/v2\/users\/2"}],"replies":[{"embeddable":true,"href":"https:\/\/kitesafe.de\/es\/wp-json\/wp\/v2\/comments?post=12715"}],"version-history":[{"count":3,"href":"https:\/\/kitesafe.de\/es\/wp-json\/wp\/v2\/pages\/12715\/revisions"}],"predecessor-version":[{"id":14222,"href":"https:\/\/kitesafe.de\/es\/wp-json\/wp\/v2\/pages\/12715\/revisions\/14222"}],"up":[{"embeddable":true,"href":"https:\/\/kitesafe.de\/es\/wp-json\/wp\/v2\/pages\/12663"}],"wp:attachment":[{"href":"https:\/\/kitesafe.de\/es\/wp-json\/wp\/v2\/media?parent=12715"}],"curies":[{"name":"wp","href":"https:\/\/api.w.org\/{rel}","templated":true}]}}