{"id":12687,"date":"2022-01-08T15:52:21","date_gmt":"2022-01-08T14:52:21","guid":{"rendered":"https:\/\/kitesafe.de\/campamentos\/"},"modified":"2022-01-08T17:29:40","modified_gmt":"2022-01-08T16:29:40","slug":"campamentos","status":"publish","type":"page","link":"https:\/\/kitesafe.de\/es\/kitesurf\/campamentos\/","title":{"rendered":"Campamentos"},"content":{"rendered":"<div id=\"modal-ready\"><div id=\"pl-12687\"  class=\"panel-layout\" ><div id=\"pg-12687-0\"  class=\"panel-grid panel-no-style\" ><div id=\"pgc-12687-0-0\"  class=\"panel-grid-cell\" ><div id=\"panel-12687-0-0-0\" class=\"so-panel widget widget_sow-editor panel-first-child panel-last-child\" data-index=\"0\" ><div\n\t\t\t\n\t\t\tclass=\"so-widget-sow-editor so-widget-sow-editor-base\"\n\t\t\t\n\t\t>\n<div class=\"siteorigin-widget-tinymce textwidget\">\n\t<h2>Para nosotros, los campamentos significan: experiencia y aprendizaje en un grupo con personas de ideas afines.<\/h2>\n<p>No se trata de competencia, perfiles o envidia, sino de avanzar juntos con apoyo mutuo.<br \/>\nNuestro objetivo es utilizar la observaci\u00f3n y los consejos en el momento adecuado para impulsar el progreso del aprendizaje de los participantes.<br \/>\nEsto es posible gracias a grupos peque\u00f1os, entrenamiento por radio y un \u00e1rea ideal para estar de pie en el Greifswalder Bodden.&nbsp;<\/p>\n<p>Y no importa si es SUP, kitesurf, yoga: nuestros instructores capacitados y certificados se ocupar\u00e1n de ti en el campamento:<\/p>\n<ul>\n<li>Verificaci\u00f3n de nivel y discusi\u00f3n de sus metas \/ problemas \/ temores individuales para el campamento<\/li>\n<li>Implementaci\u00f3n de sus objetivos de aprendizaje con un progreso de aprendizaje constante a trav\u00e9s de tareas peque\u00f1as y bien coordinadas.<\/li>\n<li>Ejercicio con equilibrio entre curso y entrenamiento gratuito<\/li>\n<li>Entrenamiento por radio con bbTalkin: as\u00ed es como establecemos una retroalimentaci\u00f3n intensiva con usted durante las unidades del curso.<\/li>\n<li>Preparaci\u00f3n para los temas relevantes a trav\u00e9s de rondas te\u00f3ricas y actualizaciones de pausas.<\/li>\n<li>A pesar de todas las ambiciones deportivas, la atenci\u00f3n se centra en la diversi\u00f3n y el buen humor.<\/li>\n<\/ul>\n<p>Todos los campamentos de la temporada actual con una descripci\u00f3n detallada del campamento se pueden encontrar aqu\u00ed como una descripci\u00f3n general; las fechas exactas se pueden encontrar en Fechas:&nbsp;<\/p>\n<\/div>\n<\/div><\/div><\/div><\/div><div id=\"pg-12687-1\"  class=\"panel-grid panel-no-style\" ><div id=\"pgc-12687-1-0\"  class=\"panel-grid-cell\" ><div id=\"panel-12687-1-0-0\" class=\"so-panel widget widget_pw_featured_page widget-featured-page panel-first-child panel-last-child\" data-index=\"1\" >\n\t<div class=\"page-box  page-box--block\">\n\t\t\t\t\t\t<a class=\"page-box__picture\" href=\"https:\/\/kitesafe.de\/kitesurfen\/camps\/ansurfen-absurfen\/\">\n\t\t\t\t\t<img decoding=\"async\" src=\"https:\/\/kitesafe.de\/wp-content\/uploads\/2019\/10\/IMG_20191014_112005-352x198.jpg\" width=\"352\" height=\"198\" srcset=\"https:\/\/kitesafe.de\/wp-content\/uploads\/2019\/10\/IMG_20191014_112005-352x198.jpg 352w, https:\/\/kitesafe.de\/wp-content\/uploads\/2019\/10\/IMG_20191014_112005.jpg 864w\" sizes=\"(min-width: 1200px) 349px, (min-width: 992px) 282px, (min-width: 768px) 690px, calc(100vw - 30px)\" class=\"wp-post-image\" alt=\"ANSURFEN \/ ABSURFEN\" title=\"\">\n\t\t\t\t\t\t\t\t\t<\/a>\n\t\t\t\t\t\t\t\t<div class=\"page-box__content\">\n\t\t\t<h4 class=\"page-box__title\"><a href=\"https:\/\/kitesafe.de\/kitesurfen\/camps\/ansurfen-absurfen\/\">ANSURFEN \/ ABSURFEN<\/a><\/h4>\n\t\t\t<p class=\"page-box__text\"><div\n\t\t\t\n\t\t\tclass=\"so-widget-sow-slider so-widget-sow-slider-default-71d5c9d9c341\"\n\t\t\t\n\t\t>\t\t\t\t<div class=\"sow-slider-base\" style=\"display: none\" tabindex=\"0\">\n\t\t\t\t\t<ul\n\t\t\t\t\tclass=\"sow-slider-images\"\n\t\t\t\t\tdata-settings=\"{&quot;pagination&quot;:true,&quot;speed&quot;:400,&quot;timeout&quot;:8000,&quot;paused&quot;:false,&quot;pause_on_hover&quot;:false,&quot;swipe&quot;:true,&quot;nav_always_show_desktop&quot;:&quot;&quot;,&quot;nav_always_show_mobile&quot;:&quot;&quot;,&quot;breakpoint&quot;:&quot;780px&quot;,&quot;unmute&quot;:false,&quot;anchor&quot;:null}\"\n\t\t\t\t\t\t\t\t\t\tdata-anchor-id=\"\"\n\t\t\t\t><\/ul>\t\t\t\t<ol class=\"sow-slider-pagination\">\n\t\t\t\t\t\t\t\t\t<\/ol>\n\n\t\t\t\t<div class=\"sow-slide-nav sow-slide-nav-next\">\n\t\t\t\t\t<a href=\"#\" data-goto=\"next\" aria-label=\"diapositiva siguiente\" data-action=\"next\">\n\t\t\t\t\t\t<em class=\"sow-sld-icon-thin-right\"><\/em>\n\t\t\t\t\t<\/a>\n\t\t\t\t<\/div>\n\n\t\t\t\t<div class=\"sow-slide-nav sow-slide-nav-prev\">\n\t\t\t\t\t<a href=\"#\" data-goto=\"previous\" aria-label=\"diapositiva anterior\" data-action=\"prev\">\n\t\t\t\t\t\t<em class=\"sow-sld-icon-thin-left\"><\/em>\n\t\t\t\t\t<\/a>\n\t\t\t\t<\/div>\n\t\t\t\t<\/div><\/div>Unsere Test-Events der Spitzenklasse!\n\n\t\nH\u00e4ufig gehen Camps f\u00fcr &hellip;<\/p>\n\t\t\t\t\t\t\t<a href=\"https:\/\/kitesafe.de\/kitesurfen\/camps\/ansurfen-absurfen\/\" class=\"page-box__more-link\">Mehr Infos<\/a>\n\t\t\t\t\t<\/div>\n\t<\/div>\n\n<\/div><\/div><div id=\"pgc-12687-1-1\"  class=\"panel-grid-cell\" ><div id=\"panel-12687-1-1-0\" class=\"so-panel widget widget_pw_featured_page widget-featured-page panel-first-child panel-last-child\" data-index=\"2\" >\n\t<div class=\"page-box  page-box--block\">\n\t\t\t\t\t\t<a class=\"page-box__picture\" href=\"https:\/\/kitesafe.de\/kitesurfen\/camps\/sicherheits-workshop\/\">\n\t\t\t\t\t<img decoding=\"async\" src=\"https:\/\/kitesafe.de\/wp-content\/uploads\/2021\/01\/lifeguard-on-duty-3590445_1280-352x198.jpg\" width=\"352\" height=\"198\" srcset=\"https:\/\/kitesafe.de\/wp-content\/uploads\/2021\/01\/lifeguard-on-duty-3590445_1280-352x198.jpg 352w, https:\/\/kitesafe.de\/wp-content\/uploads\/2021\/01\/lifeguard-on-duty-3590445_1280.jpg 1280w\" sizes=\"(min-width: 1200px) 349px, (min-width: 992px) 282px, (min-width: 768px) 690px, calc(100vw - 30px)\" class=\"wp-post-image\" alt=\"Sicherheits-Workshop\" title=\"\">\n\t\t\t\t\t\t\t\t\t<\/a>\n\t\t\t\t\t\t\t\t<div class=\"page-box__content\">\n\t\t\t<h4 class=\"page-box__title\"><a href=\"https:\/\/kitesafe.de\/kitesurfen\/camps\/sicherheits-workshop\/\">Sicherheits-Workshop<\/a><\/h4>\n\t\t\t<p class=\"page-box__text\"><div\n\t\t\t\n\t\t\tclass=\"so-widget-sow-slider so-widget-sow-slider-default-71d5c9d9c341\"\n\t\t\t\n\t\t>\t\t\t\t<div class=\"sow-slider-base\" style=\"display: none\" tabindex=\"0\">\n\t\t\t\t\t<ul\n\t\t\t\t\tclass=\"sow-slider-images\"\n\t\t\t\t\tdata-settings=\"{&quot;pagination&quot;:true,&quot;speed&quot;:400,&quot;timeout&quot;:8000,&quot;paused&quot;:false,&quot;pause_on_hover&quot;:false,&quot;swipe&quot;:true,&quot;nav_always_show_desktop&quot;:&quot;&quot;,&quot;nav_always_show_mobile&quot;:&quot;&quot;,&quot;breakpoint&quot;:&quot;780px&quot;,&quot;unmute&quot;:false,&quot;anchor&quot;:null}\"\n\t\t\t\t\t\t\t\t\t\tdata-anchor-id=\"\"\n\t\t\t\t><\/ul>\t\t\t\t<ol class=\"sow-slider-pagination\">\n\t\t\t\t\t\t\t\t\t<\/ol>\n\n\t\t\t\t<div class=\"sow-slide-nav sow-slide-nav-next\">\n\t\t\t\t\t<a href=\"#\" data-goto=\"next\" aria-label=\"diapositiva siguiente\" data-action=\"next\">\n\t\t\t\t\t\t<em class=\"sow-sld-icon-thin-right\"><\/em>\n\t\t\t\t\t<\/a>\n\t\t\t\t<\/div>\n\n\t\t\t\t<div class=\"sow-slide-nav sow-slide-nav-prev\">\n\t\t\t\t\t<a href=\"#\" data-goto=\"previous\" aria-label=\"diapositiva anterior\" data-action=\"prev\">\n\t\t\t\t\t\t<em class=\"sow-sld-icon-thin-left\"><\/em>\n\t\t\t\t\t<\/a>\n\t\t\t\t<\/div>\n\t\t\t\t<\/div><\/div>Sicherheit beim Kitesurfen? Auf jeden Fall: kite safe!!!\n\n\t\nLeider &hellip;<\/p>\n\t\t\t\t\t\t\t<a href=\"https:\/\/kitesafe.de\/kitesurfen\/camps\/sicherheits-workshop\/\" class=\"page-box__more-link\">Mehr Infos<\/a>\n\t\t\t\t\t<\/div>\n\t<\/div>\n\n<\/div><\/div><\/div><div id=\"pg-12687-2\"  class=\"panel-grid panel-no-style\" ><div id=\"pgc-12687-2-0\"  class=\"panel-grid-cell\" ><div id=\"panel-12687-2-0-0\" class=\"so-panel widget widget_pw_featured_page widget-featured-page panel-first-child panel-last-child\" data-index=\"3\" >\n\t<div class=\"page-box  page-box--block\">\n\t\t\t\t\t\t<a class=\"page-box__picture\" href=\"https:\/\/kitesafe.de\/kitesurfen\/camps\/hydrofoil-crashkurs-wochenende\/\">\n\t\t\t\t\t<img decoding=\"async\" src=\"https:\/\/kitesafe.de\/wp-content\/uploads\/2020\/03\/DSC01293-352x198.jpg\" width=\"352\" height=\"198\" srcset=\"https:\/\/kitesafe.de\/wp-content\/uploads\/2020\/03\/DSC01293-352x198.jpg 352w, https:\/\/kitesafe.de\/wp-content\/uploads\/2020\/03\/DSC01293.jpg 1600w\" sizes=\"(min-width: 1200px) 349px, (min-width: 992px) 282px, (min-width: 768px) 690px, calc(100vw - 30px)\" class=\"wp-post-image\" alt=\"Hydrofoil Crashkurs-Wochenende\" title=\"\">\n\t\t\t\t\t\t\t\t\t<\/a>\n\t\t\t\t\t\t\t\t<div class=\"page-box__content\">\n\t\t\t<h4 class=\"page-box__title\"><a href=\"https:\/\/kitesafe.de\/kitesurfen\/camps\/hydrofoil-crashkurs-wochenende\/\">Hydrofoil Crashkurs-Wochenende<\/a><\/h4>\n\t\t\t<p class=\"page-box__text\"><div\n\t\t\t\n\t\t\tclass=\"so-widget-sow-slider so-widget-sow-slider-default-71d5c9d9c341\"\n\t\t\t\n\t\t>\t\t\t\t<div class=\"sow-slider-base\" style=\"display: none\" tabindex=\"0\">\n\t\t\t\t\t<ul\n\t\t\t\t\tclass=\"sow-slider-images\"\n\t\t\t\t\tdata-settings=\"{&quot;pagination&quot;:true,&quot;speed&quot;:400,&quot;timeout&quot;:8000,&quot;paused&quot;:false,&quot;pause_on_hover&quot;:false,&quot;swipe&quot;:true,&quot;nav_always_show_desktop&quot;:&quot;&quot;,&quot;nav_always_show_mobile&quot;:&quot;&quot;,&quot;breakpoint&quot;:&quot;780px&quot;,&quot;unmute&quot;:false,&quot;anchor&quot;:null}\"\n\t\t\t\t\t\t\t\t\t\tdata-anchor-id=\"\"\n\t\t\t\t><\/ul>\t\t\t\t<ol class=\"sow-slider-pagination\">\n\t\t\t\t\t\t\t\t\t<\/ol>\n\n\t\t\t\t<div class=\"sow-slide-nav sow-slide-nav-next\">\n\t\t\t\t\t<a href=\"#\" data-goto=\"next\" aria-label=\"diapositiva siguiente\" data-action=\"next\">\n\t\t\t\t\t\t<em class=\"sow-sld-icon-thin-right\"><\/em>\n\t\t\t\t\t<\/a>\n\t\t\t\t<\/div>\n\n\t\t\t\t<div class=\"sow-slide-nav sow-slide-nav-prev\">\n\t\t\t\t\t<a href=\"#\" data-goto=\"previous\" aria-label=\"diapositiva anterior\" data-action=\"prev\">\n\t\t\t\t\t\t<em class=\"sow-sld-icon-thin-left\"><\/em>\n\t\t\t\t\t<\/a>\n\t\t\t\t<\/div>\n\t\t\t\t<\/div><\/div>Beinahe lautlos \u00fcber das Wasser schweben und das nach kurzer &hellip;<\/p>\n\t\t\t\t\t\t\t<a href=\"https:\/\/kitesafe.de\/kitesurfen\/camps\/hydrofoil-crashkurs-wochenende\/\" class=\"page-box__more-link\">Mehr Infos<\/a>\n\t\t\t\t\t<\/div>\n\t<\/div>\n\n<\/div><\/div><div id=\"pgc-12687-2-1\"  class=\"panel-grid-cell\" ><div id=\"panel-12687-2-1-0\" class=\"so-panel widget widget_pw_featured_page widget-featured-page panel-first-child panel-last-child\" data-index=\"4\" >\n\t<div class=\"page-box  page-box--block\">\n\t\t\t\t\t\t<a class=\"page-box__picture\" href=\"https:\/\/kitesafe.de\/kitesurfen\/camps\/beginner-wavecamp-loissin\/\">\n\t\t\t\t\t<img decoding=\"async\" src=\"https:\/\/kitesafe.de\/wp-content\/uploads\/2020\/09\/WhatsApp-Image-2020-09-19-at-17.27.10-352x198.jpeg\" width=\"352\" height=\"198\" srcset=\"https:\/\/kitesafe.de\/wp-content\/uploads\/2020\/09\/WhatsApp-Image-2020-09-19-at-17.27.10-352x198.jpeg 352w, https:\/\/kitesafe.de\/wp-content\/uploads\/2020\/09\/WhatsApp-Image-2020-09-19-at-17.27.10.jpeg 1600w\" sizes=\"(min-width: 1200px) 349px, (min-width: 992px) 282px, (min-width: 768px) 690px, calc(100vw - 30px)\" class=\"wp-post-image\" alt=\"Beginner Wavecamp Loissin\" title=\"\">\n\t\t\t\t\t\t\t\t\t<\/a>\n\t\t\t\t\t\t\t\t<div class=\"page-box__content\">\n\t\t\t<h4 class=\"page-box__title\"><a href=\"https:\/\/kitesafe.de\/kitesurfen\/camps\/beginner-wavecamp-loissin\/\">Beginner Wavecamp Loissin<\/a><\/h4>\n\t\t\t<p class=\"page-box__text\">Komm mit uns nach D\u00e4nemark und lerne, wie man mit Wellen umgeht. Waveboards, Strapless, Downwinder - eine Woche Spa\u00df auf Nordsee und Fjord!<\/p>\n\t\t\t\t\t\t\t<a href=\"https:\/\/kitesafe.de\/kitesurfen\/camps\/beginner-wavecamp-loissin\/\" class=\"page-box__more-link\">Mehr Infos<\/a>\n\t\t\t\t\t<\/div>\n\t<\/div>\n\n<\/div><\/div><\/div><div id=\"pg-12687-3\"  class=\"panel-grid panel-no-style\" ><div id=\"pgc-12687-3-0\"  class=\"panel-grid-cell\" ><div id=\"panel-12687-3-0-0\" class=\"so-panel widget widget_sow-editor panel-first-child panel-last-child\" data-index=\"5\" ><div\n\t\t\t\n\t\t\tclass=\"so-widget-sow-editor so-widget-sow-editor-base\"\n\t\t\t\n\t\t>\n<div class=\"siteorigin-widget-tinymce textwidget\">\n\t<p><a href=\"https:\/\/kitesafe.de\/wp-content\/uploads\/2021\/01\/surfers-4390427_1920.jpg\"><img decoding=\"async\" class=\"aligncenter wp-image-8361\" src=\"https:\/\/kitesafe.de\/wp-content\/uploads\/2021\/01\/surfers-4390427_1920-1024x683.jpg\" alt=\"\" width=\"864\" height=\"576\" srcset=\"https:\/\/kitesafe.de\/wp-content\/uploads\/2021\/01\/surfers-4390427_1920-1024x683.jpg 1024w, https:\/\/kitesafe.de\/wp-content\/uploads\/2021\/01\/surfers-4390427_1920-300x200.jpg 300w, https:\/\/kitesafe.de\/wp-content\/uploads\/2021\/01\/surfers-4390427_1920-768x512.jpg 768w, https:\/\/kitesafe.de\/wp-content\/uploads\/2021\/01\/surfers-4390427_1920-1536x1024.jpg 1536w, https:\/\/kitesafe.de\/wp-content\/uploads\/2021\/01\/surfers-4390427_1920-540x360.jpg 540w, https:\/\/kitesafe.de\/wp-content\/uploads\/2021\/01\/surfers-4390427_1920-272x182.jpg 272w, https:\/\/kitesafe.de\/wp-content\/uploads\/2021\/01\/surfers-4390427_1920.jpg 1920w\" sizes=\"(max-width: 864px) 100vw, 864px\" title=\"\"><\/a><\/p>\n<p style=\"text-align: center;\"><strong>EN PREPARACI\u00d3N: CAMPAMENTO DE NI\u00d1AS<\/strong><\/p>\n<\/div>\n<\/div><\/div><\/div><div id=\"pgc-12687-3-1\"  class=\"panel-grid-cell\" ><div id=\"panel-12687-3-1-0\" class=\"so-panel widget widget_sow-editor panel-first-child panel-last-child\" data-index=\"6\" ><div\n\t\t\t\n\t\t\tclass=\"so-widget-sow-editor so-widget-sow-editor-base\"\n\t\t\t\n\t\t>\n<div class=\"siteorigin-widget-tinymce textwidget\">\n\t<p><a href=\"https:\/\/kitesafe.de\/wp-content\/uploads\/2021\/01\/grandma-1185687_1920.jpg\"><img decoding=\"async\" class=\"aligncenter wp-image-8360\" src=\"https:\/\/kitesafe.de\/wp-content\/uploads\/2021\/01\/grandma-1185687_1920-1024x683.jpg\" alt=\"\" width=\"864\" height=\"576\" srcset=\"https:\/\/kitesafe.de\/wp-content\/uploads\/2021\/01\/grandma-1185687_1920-1024x683.jpg 1024w, https:\/\/kitesafe.de\/wp-content\/uploads\/2021\/01\/grandma-1185687_1920-300x200.jpg 300w, https:\/\/kitesafe.de\/wp-content\/uploads\/2021\/01\/grandma-1185687_1920-768x512.jpg 768w, https:\/\/kitesafe.de\/wp-content\/uploads\/2021\/01\/grandma-1185687_1920-1536x1024.jpg 1536w, https:\/\/kitesafe.de\/wp-content\/uploads\/2021\/01\/grandma-1185687_1920-540x360.jpg 540w, https:\/\/kitesafe.de\/wp-content\/uploads\/2021\/01\/grandma-1185687_1920-272x182.jpg 272w, https:\/\/kitesafe.de\/wp-content\/uploads\/2021\/01\/grandma-1185687_1920.jpg 1920w\" sizes=\"(max-width: 864px) 100vw, 864px\" title=\"\"><\/a><\/p>\n<p style=\"text-align: center;\"><strong>EN PREPARACI\u00d3N: Senior-All-Stars - el campamento para mayores de 50<\/strong><\/p>\n<\/div>\n<\/div><\/div><\/div><\/div><div id=\"pg-12687-4\"  class=\"panel-grid panel-no-style\" ><div id=\"pgc-12687-4-0\"  class=\"panel-grid-cell\" ><div id=\"panel-12687-4-0-0\" class=\"so-panel widget widget_sow-editor panel-first-child panel-last-child\" data-index=\"7\" ><div\n\t\t\t\n\t\t\tclass=\"so-widget-sow-editor so-widget-sow-editor-base\"\n\t\t\t\n\t\t>\n<div class=\"siteorigin-widget-tinymce textwidget\">\n\t<p><a href=\"https:\/\/kitesafe.de\/wp-content\/uploads\/2021\/01\/silhouette-5729614_1920.jpg\"><img decoding=\"async\" class=\"wp-image-8363 aligncenter\" src=\"https:\/\/kitesafe.de\/wp-content\/uploads\/2021\/01\/silhouette-5729614_1920-1024x690.jpg\" alt=\"\" width=\"864\" height=\"582\" srcset=\"https:\/\/kitesafe.de\/wp-content\/uploads\/2021\/01\/silhouette-5729614_1920-1024x690.jpg 1024w, https:\/\/kitesafe.de\/wp-content\/uploads\/2021\/01\/silhouette-5729614_1920-300x202.jpg 300w, https:\/\/kitesafe.de\/wp-content\/uploads\/2021\/01\/silhouette-5729614_1920-768x517.jpg 768w, https:\/\/kitesafe.de\/wp-content\/uploads\/2021\/01\/silhouette-5729614_1920-1536x1034.jpg 1536w, https:\/\/kitesafe.de\/wp-content\/uploads\/2021\/01\/silhouette-5729614_1920-540x364.jpg 540w, https:\/\/kitesafe.de\/wp-content\/uploads\/2021\/01\/silhouette-5729614_1920-272x182.jpg 272w, https:\/\/kitesafe.de\/wp-content\/uploads\/2021\/01\/silhouette-5729614_1920.jpg 1920w\" sizes=\"(max-width: 864px) 100vw, 864px\" title=\"\"><\/a><\/p>\n<p style=\"text-align: center;\"><strong>EN PREPARACI\u00d3N: KITE &amp; YOGA CAMP<\/strong><\/p>\n<\/div>\n<\/div><\/div><\/div><div id=\"pgc-12687-4-1\"  class=\"panel-grid-cell\" ><div id=\"panel-12687-4-1-0\" class=\"so-panel widget widget_sow-editor panel-first-child panel-last-child\" data-index=\"8\" ><div\n\t\t\t\n\t\t\tclass=\"so-widget-sow-editor so-widget-sow-editor-base\"\n\t\t\t\n\t\t>\n<div class=\"siteorigin-widget-tinymce textwidget\">\n\t<p><a href=\"https:\/\/kitesafe.de\/wp-content\/uploads\/2021\/01\/sun-4107083_1920.jpg\"><img decoding=\"async\" class=\"aligncenter wp-image-8362\" src=\"https:\/\/kitesafe.de\/wp-content\/uploads\/2021\/01\/sun-4107083_1920-1024x724.jpg\" alt=\"\" width=\"864\" height=\"611\" srcset=\"https:\/\/kitesafe.de\/wp-content\/uploads\/2021\/01\/sun-4107083_1920-1024x724.jpg 1024w, https:\/\/kitesafe.de\/wp-content\/uploads\/2021\/01\/sun-4107083_1920-300x212.jpg 300w, https:\/\/kitesafe.de\/wp-content\/uploads\/2021\/01\/sun-4107083_1920-768x543.jpg 768w, https:\/\/kitesafe.de\/wp-content\/uploads\/2021\/01\/sun-4107083_1920-1536x1086.jpg 1536w, https:\/\/kitesafe.de\/wp-content\/uploads\/2021\/01\/sun-4107083_1920-540x382.jpg 540w, https:\/\/kitesafe.de\/wp-content\/uploads\/2021\/01\/sun-4107083_1920-100x70.jpg 100w, https:\/\/kitesafe.de\/wp-content\/uploads\/2021\/01\/sun-4107083_1920.jpg 1920w\" sizes=\"(max-width: 864px) 100vw, 864px\" title=\"\"><\/a><\/p>\n<p style=\"text-align: center;\"><strong>EN PREPARACI\u00d3N: SUP &amp; YOGA Camp<\/strong><\/p>\n<\/div>\n<\/div><\/div><\/div><\/div><div id=\"pg-12687-5\"  class=\"panel-grid panel-no-style\" ><div id=\"pgc-12687-5-0\"  class=\"panel-grid-cell panel-grid-cell-empty\" ><\/div><\/div><\/div><\/div>","protected":false},"excerpt":{"rendered":"<p>Para nosotros, los campamentos significan: experiencia y aprendizaje en un grupo con personas de ideas afines. No se trata de competencia, perfiles o envidia, sino de avanzar juntos con apoyo mutuo. Nuestro objetivo es utilizar la observaci\u00f3n y los consejos en el momento adecuado para impulsar el progreso del aprendizaje de los participantes. Esto es &hellip;<\/p>\n","protected":false},"author":2,"featured_media":0,"parent":12861,"menu_order":0,"comment_status":"closed","ping_status":"closed","template":"","meta":{"_acf_changed":false,"ngg_post_thumbnail":0,"footnotes":""},"class_list":["post-12687","page","type-page","status-publish","hentry","clearfix"],"acf":[],"_links":{"self":[{"href":"https:\/\/kitesafe.de\/es\/wp-json\/wp\/v2\/pages\/12687","targetHints":{"allow":["GET"]}}],"collection":[{"href":"https:\/\/kitesafe.de\/es\/wp-json\/wp\/v2\/pages"}],"about":[{"href":"https:\/\/kitesafe.de\/es\/wp-json\/wp\/v2\/types\/page"}],"author":[{"embeddable":true,"href":"https:\/\/kitesafe.de\/es\/wp-json\/wp\/v2\/users\/2"}],"replies":[{"embeddable":true,"href":"https:\/\/kitesafe.de\/es\/wp-json\/wp\/v2\/comments?post=12687"}],"version-history":[{"count":4,"href":"https:\/\/kitesafe.de\/es\/wp-json\/wp\/v2\/pages\/12687\/revisions"}],"predecessor-version":[{"id":13816,"href":"https:\/\/kitesafe.de\/es\/wp-json\/wp\/v2\/pages\/12687\/revisions\/13816"}],"up":[{"embeddable":true,"href":"https:\/\/kitesafe.de\/es\/wp-json\/wp\/v2\/pages\/12861"}],"wp:attachment":[{"href":"https:\/\/kitesafe.de\/es\/wp-json\/wp\/v2\/media?parent=12687"}],"curies":[{"name":"wp","href":"https:\/\/api.w.org\/{rel}","templated":true}]}}