{"id":12684,"date":"2022-01-08T15:52:21","date_gmt":"2022-01-08T14:52:21","guid":{"rendered":"https:\/\/kitesafe.de\/sup-yoga\/"},"modified":"2022-01-08T17:45:26","modified_gmt":"2022-01-08T16:45:26","slug":"sup-yoga","status":"publish","type":"page","link":"https:\/\/kitesafe.de\/es\/sup\/sup-yoga\/","title":{"rendered":"SUP yoga"},"content":{"rendered":"<div id=\"modal-ready\"><div id=\"pl-12684\"  class=\"panel-layout\" ><div id=\"pg-12684-0\"  class=\"panel-grid panel-no-style\" ><div id=\"pgc-12684-0-0\"  class=\"panel-grid-cell\" ><div id=\"panel-12684-0-0-0\" class=\"so-panel widget widget_sow-image panel-first-child panel-last-child\" data-index=\"0\" ><div\n\t\t\t\n\t\t\tclass=\"so-widget-sow-image so-widget-sow-image-default-8b5b6f678277-12684\"\n\t\t\t\n\t\t>\n<div class=\"sow-image-container\">\n\t\t\t<a href=\"https:\/\/kitesafe.de\/wp-content\/uploads\/2021\/03\/AdobeStock_363843505.jpg\"\n\t\t\tdata-lightbox=\"19435452985c2759437438d250664172\" data-lightbox-options=\"{&quot;alwaysShowNavOnTouchDevices&quot;:false,&quot;disabledOnTablet&quot;:false,&quot;disabledOnMobile&quot;:false,&quot;disableScrolling&quot;:false,&quot;overlayColor&quot;:&quot;#000&quot;,&quot;overlayOpacity&quot;:0.8000000000000000444089209850062616169452667236328125,&quot;fadeDuration&quot;:600,&quot;fitImagesInViewport&quot;:true,&quot;imageFadeDuration&quot;:600,&quot;maxHeight&quot;:&quot;&quot;,&quot;maxWidth&quot;:&quot;&quot;,&quot;positionFromTop&quot;:50,&quot;resizeDuration&quot;:700,&quot;showImageNumberLabel&quot;:true,&quot;disableCaption&quot;:&quot;&quot;,&quot;wrapAround&quot;:true,&quot;albumLabel&quot;:&quot; %1 of %2&quot;}\" data-title=\"SUP Yoga Loissin\" \t\t>\n\t\t\t<img \n\tsrc=\"https:\/\/kitesafe.de\/wp-content\/uploads\/2021\/03\/AdobeStock_363843505-960x330.jpg\" width=\"960\" height=\"330\" srcset=\"https:\/\/kitesafe.de\/wp-content\/uploads\/2021\/03\/AdobeStock_363843505-960x330.jpg 960w, https:\/\/kitesafe.de\/wp-content\/uploads\/2021\/03\/AdobeStock_363843505-480x165.jpg 480w\" sizes=\"(max-width: 960px) 100vw, 960px\" title=\"SUP Yoga Loissin\" alt=\"SUP Yoga Loissin\" \t\tclass=\"so-widget-image\"\/>\n\t\t\t<\/a><\/div>\n\n<\/div><\/div><\/div><\/div><div id=\"pg-12684-1\"  class=\"panel-grid panel-no-style\" ><div id=\"pgc-12684-1-0\"  class=\"panel-grid-cell\" ><div id=\"panel-12684-1-0-0\" class=\"so-panel widget widget_sow-editor panel-first-child panel-last-child\" data-index=\"1\" ><div\n\t\t\t\n\t\t\tclass=\"so-widget-sow-editor so-widget-sow-editor-base\"\n\t\t\t\n\t\t><h3 class=\"widget-title\"><span class=\"widget-title__inline\">SUP Yoga - Namaste, paddle surfista<\/span><\/h3>\n<div class=\"siteorigin-widget-tinymce textwidget\">\n\t<p>Temprano en la ma\u00f1ana, la playa todav\u00eda est\u00e1 vac\u00eda y el agua en calma; en el este, el sol comienza lentamente su migraci\u00f3n diaria y el mundo se despierta.&nbsp;<\/p>\n<p>Como parte de este escenario, celebramos el inicio del d\u00eda con una ronda de SUP yoga - en y con la tabla de paddle surf y en un grupo con un m\u00e1ximo de 8 participantes, partimos hacia la armon\u00eda entre cuerpo, mente y alma. .<\/p>\n<p>Para ello, nos basamos en una combinaci\u00f3n de ejercicios para el cuerpo y la mente: tensi\u00f3n y relajaci\u00f3n de los m\u00fasculos, ejercicios de meditaci\u00f3n y respiraci\u00f3n que lo llevan directamente al momento y fuera de la vida cotidiana.<\/p>\n<p>Hasta este punto, nuestro SUP yoga no difiere notablemente del yoga sin SUP; sin embargo, \u00a1nuestro curso se lleva a cabo completamente en el agua! Recibir\u00e1s una tabla de SUP de yoga especial de Indiana para el curso y remaremos hasta nuestra isla de atraque, donde anclaremos las tablas y luego escucharemos a nuestro instructor de yoga apuntando hacia el centro de la isla.<\/p>\n<ul>\n<li><strong>Cu\u00e1ndo:<\/strong> con buen tiempo siempre los domingos; desde mediados de junio hasta finales de agosto tambi\u00e9n los mi\u00e9rcoles<\/li>\n<li><strong>Hora:<\/strong> comienza en la ma\u00f1ana antes del ajetreo y el bullicio por acuerdo, el objetivo es a las 8:30 a.m. - antes en la temporada principal.&nbsp;<\/li>\n<li><strong>Per\u00edodo de tiempo:<\/strong>&nbsp; min. 75min<\/li>\n<li><strong>Precio:<\/strong> 25 \u20ac \/ persona<\/li>\n<li><strong>Punto de encuentro:<\/strong>&nbsp; Camping Loissin en el PaddelBar.<\/li>\n<\/ul>\n<p>Otras fechas tambi\u00e9n son posibles por acuerdo. Si las condiciones son demasiado ventosas \/ onduladas, cambiaremos a un lugar cerca de la playa.&nbsp;<\/p>\n<p>Si necesita m\u00e1s informaci\u00f3n o tiene preguntas espec\u00edficas, estaremos encantados de responder a sus preguntas por tel\u00e9fono, <a href=\"https:\/\/kitesafe.de\/es\/?page_id=12869\">por escrito<\/a> o en la playa y la estaci\u00f3n, solo hable con nosotros.<\/p>\n<\/div>\n<\/div><\/div><\/div><div id=\"pgc-12684-1-1\"  class=\"panel-grid-cell\" ><div id=\"panel-12684-1-1-0\" class=\"so-panel widget widget_sow-image panel-first-child\" data-index=\"2\" ><div\n\t\t\t\n\t\t\tclass=\"so-widget-sow-image so-widget-sow-image-default-8b5b6f678277-12684\"\n\t\t\t\n\t\t>\n<div class=\"sow-image-container\">\n\t\t\t<a href=\"https:\/\/kitesafe.de\/wp-content\/uploads\/2021\/03\/AdobeStock_214473143.jpg\"\n\t\t\tdata-lightbox=\"180727373604e2fee3a36d074555916\" data-lightbox-options=\"{&quot;alwaysShowNavOnTouchDevices&quot;:false,&quot;disabledOnTablet&quot;:false,&quot;disabledOnMobile&quot;:false,&quot;disableScrolling&quot;:false,&quot;overlayColor&quot;:&quot;#000&quot;,&quot;overlayOpacity&quot;:0.8000000000000000444089209850062616169452667236328125,&quot;fadeDuration&quot;:600,&quot;fitImagesInViewport&quot;:true,&quot;imageFadeDuration&quot;:600,&quot;maxHeight&quot;:&quot;&quot;,&quot;maxWidth&quot;:&quot;&quot;,&quot;positionFromTop&quot;:50,&quot;resizeDuration&quot;:700,&quot;showImageNumberLabel&quot;:true,&quot;disableCaption&quot;:&quot;&quot;,&quot;wrapAround&quot;:true,&quot;albumLabel&quot;:&quot; %1 of %2&quot;}\" data-title=\"SUP yoga \" \t\t>\n\t\t\t<img \n\tsrc=\"https:\/\/kitesafe.de\/wp-content\/uploads\/2021\/03\/AdobeStock_214473143.jpg\" width=\"1600\" height=\"1067\" srcset=\"https:\/\/kitesafe.de\/wp-content\/uploads\/2021\/03\/AdobeStock_214473143.jpg 1600w, https:\/\/kitesafe.de\/wp-content\/uploads\/2021\/03\/AdobeStock_214473143-300x200.jpg 300w, https:\/\/kitesafe.de\/wp-content\/uploads\/2021\/03\/AdobeStock_214473143-1024x683.jpg 1024w, https:\/\/kitesafe.de\/wp-content\/uploads\/2021\/03\/AdobeStock_214473143-768x512.jpg 768w, https:\/\/kitesafe.de\/wp-content\/uploads\/2021\/03\/AdobeStock_214473143-1536x1024.jpg 1536w, https:\/\/kitesafe.de\/wp-content\/uploads\/2021\/03\/AdobeStock_214473143-540x360.jpg 540w, https:\/\/kitesafe.de\/wp-content\/uploads\/2021\/03\/AdobeStock_214473143-272x182.jpg 272w\" sizes=\"(max-width: 1600px) 100vw, 1600px\" title=\"SUP yoga \" alt=\"SUP yoga \" \t\tclass=\"so-widget-image\"\/>\n\t\t\t<\/a><\/div>\n\n<\/div><\/div><div id=\"panel-12684-1-1-1\" class=\"so-panel widget widget_sow-image\" data-index=\"3\" ><div\n\t\t\t\n\t\t\tclass=\"so-widget-sow-image so-widget-sow-image-default-8b5b6f678277-12684\"\n\t\t\t\n\t\t>\n<div class=\"sow-image-container\">\n\t\t\t<a href=\"https:\/\/kitesafe.de\/wp-content\/uploads\/2021\/03\/AdobeStock_362233121.jpg\"\n\t\t\tdata-lightbox=\"1749771440604e971c49408693263576\" data-lightbox-options=\"{&quot;alwaysShowNavOnTouchDevices&quot;:false,&quot;disabledOnTablet&quot;:false,&quot;disabledOnMobile&quot;:false,&quot;disableScrolling&quot;:false,&quot;overlayColor&quot;:&quot;#000&quot;,&quot;overlayOpacity&quot;:0.8000000000000000444089209850062616169452667236328125,&quot;fadeDuration&quot;:600,&quot;fitImagesInViewport&quot;:true,&quot;imageFadeDuration&quot;:600,&quot;maxHeight&quot;:&quot;&quot;,&quot;maxWidth&quot;:&quot;&quot;,&quot;positionFromTop&quot;:50,&quot;resizeDuration&quot;:700,&quot;showImageNumberLabel&quot;:true,&quot;disableCaption&quot;:&quot;&quot;,&quot;wrapAround&quot;:true,&quot;albumLabel&quot;:&quot; %1 of %2&quot;}\" data-title=\"Isla de SUP Yoga\" \t\t>\n\t\t\t<img \n\tsrc=\"https:\/\/kitesafe.de\/wp-content\/uploads\/2021\/03\/AdobeStock_362233121.jpg\" width=\"1600\" height=\"1067\" srcset=\"https:\/\/kitesafe.de\/wp-content\/uploads\/2021\/03\/AdobeStock_362233121.jpg 1600w, https:\/\/kitesafe.de\/wp-content\/uploads\/2021\/03\/AdobeStock_362233121-300x200.jpg 300w, https:\/\/kitesafe.de\/wp-content\/uploads\/2021\/03\/AdobeStock_362233121-1024x683.jpg 1024w, https:\/\/kitesafe.de\/wp-content\/uploads\/2021\/03\/AdobeStock_362233121-768x512.jpg 768w, https:\/\/kitesafe.de\/wp-content\/uploads\/2021\/03\/AdobeStock_362233121-1536x1024.jpg 1536w, https:\/\/kitesafe.de\/wp-content\/uploads\/2021\/03\/AdobeStock_362233121-540x360.jpg 540w, https:\/\/kitesafe.de\/wp-content\/uploads\/2021\/03\/AdobeStock_362233121-272x182.jpg 272w\" sizes=\"(max-width: 1600px) 100vw, 1600px\" title=\"Isla de SUP Yoga\" alt=\"Isla de SUP Yoga\" \t\tclass=\"so-widget-image\"\/>\n\t\t\t<\/a><\/div>\n\n<\/div><\/div><div id=\"panel-12684-1-1-2\" class=\"so-panel widget widget_sow-image\" data-index=\"4\" ><div\n\t\t\t\n\t\t\tclass=\"so-widget-sow-image so-widget-sow-image-default-8b5b6f678277-12684\"\n\t\t\t\n\t\t>\n<div class=\"sow-image-container\">\n\t\t\t<a href=\"https:\/\/kitesafe.de\/wp-content\/uploads\/2021\/03\/AdobeStock_223473016.jpg\"\n\t\t\tdata-lightbox=\"21318136815c35f380959d1739182501\" data-lightbox-options=\"{&quot;alwaysShowNavOnTouchDevices&quot;:false,&quot;disabledOnTablet&quot;:false,&quot;disabledOnMobile&quot;:false,&quot;disableScrolling&quot;:false,&quot;overlayColor&quot;:&quot;#000&quot;,&quot;overlayOpacity&quot;:0.8000000000000000444089209850062616169452667236328125,&quot;fadeDuration&quot;:600,&quot;fitImagesInViewport&quot;:true,&quot;imageFadeDuration&quot;:600,&quot;maxHeight&quot;:&quot;&quot;,&quot;maxWidth&quot;:&quot;&quot;,&quot;positionFromTop&quot;:50,&quot;resizeDuration&quot;:700,&quot;showImageNumberLabel&quot;:true,&quot;disableCaption&quot;:&quot;&quot;,&quot;wrapAround&quot;:true,&quot;albumLabel&quot;:&quot; %1 of %2&quot;}\" data-title=\"SUP Yoga Atardecer\" \t\t>\n\t\t\t<img \n\tsrc=\"https:\/\/kitesafe.de\/wp-content\/uploads\/2021\/03\/AdobeStock_223473016.jpg\" width=\"1600\" height=\"1068\" srcset=\"https:\/\/kitesafe.de\/wp-content\/uploads\/2021\/03\/AdobeStock_223473016.jpg 1600w, https:\/\/kitesafe.de\/wp-content\/uploads\/2021\/03\/AdobeStock_223473016-300x200.jpg 300w, https:\/\/kitesafe.de\/wp-content\/uploads\/2021\/03\/AdobeStock_223473016-1024x684.jpg 1024w, https:\/\/kitesafe.de\/wp-content\/uploads\/2021\/03\/AdobeStock_223473016-768x513.jpg 768w, https:\/\/kitesafe.de\/wp-content\/uploads\/2021\/03\/AdobeStock_223473016-1536x1025.jpg 1536w, https:\/\/kitesafe.de\/wp-content\/uploads\/2021\/03\/AdobeStock_223473016-540x360.jpg 540w, https:\/\/kitesafe.de\/wp-content\/uploads\/2021\/03\/AdobeStock_223473016-272x182.jpg 272w\" sizes=\"(max-width: 1600px) 100vw, 1600px\" title=\"SUP Yoga Atardecer\" alt=\"SUP Yoga Atardecer\" \t\tclass=\"so-widget-image\"\/>\n\t\t\t<\/a><\/div>\n\n<\/div><\/div><div id=\"panel-12684-1-1-3\" class=\"so-panel widget widget_sow-image panel-last-child\" data-index=\"5\" ><div\n\t\t\t\n\t\t\tclass=\"so-widget-sow-image so-widget-sow-image-default-8b5b6f678277-12684\"\n\t\t\t\n\t\t>\n<div class=\"sow-image-container\">\n\t\t\t<a href=\"https:\/\/kitesafe.de\/wp-content\/uploads\/2021\/03\/AdobeStock_219245067.jpg\"\n\t\t\tdata-lightbox=\"11152675755c35f37946018169395864\" data-lightbox-options=\"{&quot;alwaysShowNavOnTouchDevices&quot;:false,&quot;disabledOnTablet&quot;:false,&quot;disabledOnMobile&quot;:false,&quot;disableScrolling&quot;:false,&quot;overlayColor&quot;:&quot;#000&quot;,&quot;overlayOpacity&quot;:0.8000000000000000444089209850062616169452667236328125,&quot;fadeDuration&quot;:600,&quot;fitImagesInViewport&quot;:true,&quot;imageFadeDuration&quot;:600,&quot;maxHeight&quot;:&quot;&quot;,&quot;maxWidth&quot;:&quot;&quot;,&quot;positionFromTop&quot;:50,&quot;resizeDuration&quot;:700,&quot;showImageNumberLabel&quot;:true,&quot;disableCaption&quot;:&quot;&quot;,&quot;wrapAround&quot;:true,&quot;albumLabel&quot;:&quot; %1 of %2&quot;}\" data-title=\"SUP Yoga Loissin\" \t\t>\n\t\t\t<img \n\tsrc=\"https:\/\/kitesafe.de\/wp-content\/uploads\/2021\/03\/AdobeStock_219245067.jpg\" width=\"1600\" height=\"1067\" srcset=\"https:\/\/kitesafe.de\/wp-content\/uploads\/2021\/03\/AdobeStock_219245067.jpg 1600w, https:\/\/kitesafe.de\/wp-content\/uploads\/2021\/03\/AdobeStock_219245067-300x200.jpg 300w, https:\/\/kitesafe.de\/wp-content\/uploads\/2021\/03\/AdobeStock_219245067-1024x683.jpg 1024w, https:\/\/kitesafe.de\/wp-content\/uploads\/2021\/03\/AdobeStock_219245067-768x512.jpg 768w, https:\/\/kitesafe.de\/wp-content\/uploads\/2021\/03\/AdobeStock_219245067-1536x1024.jpg 1536w, https:\/\/kitesafe.de\/wp-content\/uploads\/2021\/03\/AdobeStock_219245067-540x360.jpg 540w, https:\/\/kitesafe.de\/wp-content\/uploads\/2021\/03\/AdobeStock_219245067-272x182.jpg 272w\" sizes=\"(max-width: 1600px) 100vw, 1600px\" title=\"SUP Yoga Loissin\" alt=\"SUP Yoga Loissin\" \t\tclass=\"so-widget-image\"\/>\n\t\t\t<\/a><\/div>\n\n<\/div><\/div><\/div><\/div><div id=\"pg-12684-2\"  class=\"panel-grid panel-no-style\" ><div id=\"pgc-12684-2-0\"  class=\"panel-grid-cell\" ><div id=\"panel-12684-2-0-0\" class=\"so-panel widget widget_sow-image panel-first-child\" data-index=\"6\" ><div\n\t\t\t\n\t\t\tclass=\"so-widget-sow-image so-widget-sow-image-default-8b5b6f678277-12684\"\n\t\t\t\n\t\t>\n<div class=\"sow-image-container\">\n\t\t\t<a href=\"https:\/\/kitesafe.de\/wp-content\/uploads\/2021\/03\/Indiana_Island.jpg\"\n\t\t\tdata-lightbox=\"18352339845c35f37fea184447291710\" data-lightbox-options=\"{&quot;alwaysShowNavOnTouchDevices&quot;:false,&quot;disabledOnTablet&quot;:false,&quot;disabledOnMobile&quot;:false,&quot;disableScrolling&quot;:false,&quot;overlayColor&quot;:&quot;#000&quot;,&quot;overlayOpacity&quot;:0.8000000000000000444089209850062616169452667236328125,&quot;fadeDuration&quot;:600,&quot;fitImagesInViewport&quot;:true,&quot;imageFadeDuration&quot;:600,&quot;maxHeight&quot;:&quot;&quot;,&quot;maxWidth&quot;:&quot;&quot;,&quot;positionFromTop&quot;:50,&quot;resizeDuration&quot;:700,&quot;showImageNumberLabel&quot;:true,&quot;disableCaption&quot;:&quot;&quot;,&quot;wrapAround&quot;:true,&quot;albumLabel&quot;:&quot; %1 of %2&quot;}\" data-title=\"SUP Yoga Loissin Sunset\" \t\t>\n\t\t\t<img \n\tsrc=\"https:\/\/kitesafe.de\/wp-content\/uploads\/2021\/03\/Indiana_Island.jpg\" width=\"2304\" height=\"1354\" srcset=\"https:\/\/kitesafe.de\/wp-content\/uploads\/2021\/03\/Indiana_Island.jpg 2304w, https:\/\/kitesafe.de\/wp-content\/uploads\/2021\/03\/Indiana_Island-300x176.jpg 300w, https:\/\/kitesafe.de\/wp-content\/uploads\/2021\/03\/Indiana_Island-1024x602.jpg 1024w, https:\/\/kitesafe.de\/wp-content\/uploads\/2021\/03\/Indiana_Island-768x451.jpg 768w, https:\/\/kitesafe.de\/wp-content\/uploads\/2021\/03\/Indiana_Island-1536x903.jpg 1536w, https:\/\/kitesafe.de\/wp-content\/uploads\/2021\/03\/Indiana_Island-2048x1204.jpg 2048w, https:\/\/kitesafe.de\/wp-content\/uploads\/2021\/03\/Indiana_Island-540x317.jpg 540w\" sizes=\"(max-width: 2304px) 100vw, 2304px\" title=\"SUP Yoga Loissin Sunset\" alt=\"SUP Yoga Loissin Sunset\" \t\tclass=\"so-widget-image\"\/>\n\t\t\t<\/a><\/div>\n\n<\/div><\/div><div id=\"panel-12684-2-0-1\" class=\"so-panel widget widget_sow-image panel-last-child\" data-index=\"7\" ><div\n\t\t\t\n\t\t\tclass=\"so-widget-sow-image so-widget-sow-image-default-8b5b6f678277-12684\"\n\t\t\t\n\t\t>\n<div class=\"sow-image-container\">\n\t\t\t<a href=\"https:\/\/kitesafe.de\/wp-content\/uploads\/2021\/03\/AdobeStock_210598750.jpg\"\n\t\t\tdata-lightbox=\"765914815604fe8ac37124638615464\" data-lightbox-options=\"{&quot;alwaysShowNavOnTouchDevices&quot;:false,&quot;disabledOnTablet&quot;:false,&quot;disabledOnMobile&quot;:false,&quot;disableScrolling&quot;:false,&quot;overlayColor&quot;:&quot;#000&quot;,&quot;overlayOpacity&quot;:0.8000000000000000444089209850062616169452667236328125,&quot;fadeDuration&quot;:600,&quot;fitImagesInViewport&quot;:true,&quot;imageFadeDuration&quot;:600,&quot;maxHeight&quot;:&quot;&quot;,&quot;maxWidth&quot;:&quot;&quot;,&quot;positionFromTop&quot;:50,&quot;resizeDuration&quot;:700,&quot;showImageNumberLabel&quot;:true,&quot;disableCaption&quot;:&quot;&quot;,&quot;wrapAround&quot;:true,&quot;albumLabel&quot;:&quot; %1 of %2&quot;}\" data-title=\"SUP Yoga Loissin Sunset\" \t\t>\n\t\t\t<img \n\tsrc=\"https:\/\/kitesafe.de\/wp-content\/uploads\/2021\/03\/AdobeStock_210598750.jpg\" width=\"1600\" height=\"1200\" srcset=\"https:\/\/kitesafe.de\/wp-content\/uploads\/2021\/03\/AdobeStock_210598750.jpg 1600w, https:\/\/kitesafe.de\/wp-content\/uploads\/2021\/03\/AdobeStock_210598750-300x225.jpg 300w, https:\/\/kitesafe.de\/wp-content\/uploads\/2021\/03\/AdobeStock_210598750-1024x768.jpg 1024w, https:\/\/kitesafe.de\/wp-content\/uploads\/2021\/03\/AdobeStock_210598750-768x576.jpg 768w, https:\/\/kitesafe.de\/wp-content\/uploads\/2021\/03\/AdobeStock_210598750-1536x1152.jpg 1536w, https:\/\/kitesafe.de\/wp-content\/uploads\/2021\/03\/AdobeStock_210598750-540x405.jpg 540w\" sizes=\"(max-width: 1600px) 100vw, 1600px\" title=\"SUP Yoga Loissin Sunset\" alt=\"SUP Yoga Loissin Sunset\" \t\tclass=\"so-widget-image\"\/>\n\t\t\t<\/a><\/div>\n\n<\/div><\/div><\/div><\/div><\/div><\/div>","protected":false},"excerpt":{"rendered":"<p>Temprano en la ma\u00f1ana, la playa todav\u00eda est\u00e1 vac\u00eda y el agua en calma; en el este, el sol comienza lentamente su migraci\u00f3n diaria y el mundo se despierta.&nbsp; Como parte de este escenario, celebramos el inicio del d\u00eda con una ronda de SUP yoga &#8211; en y con la tabla de paddle surf y &hellip;<\/p>\n","protected":false},"author":2,"featured_media":12686,"parent":12858,"menu_order":0,"comment_status":"closed","ping_status":"closed","template":"","meta":{"_acf_changed":false,"ngg_post_thumbnail":0,"footnotes":""},"class_list":["post-12684","page","type-page","status-publish","has-post-thumbnail","hentry","clearfix"],"acf":[],"_links":{"self":[{"href":"https:\/\/kitesafe.de\/es\/wp-json\/wp\/v2\/pages\/12684","targetHints":{"allow":["GET"]}}],"collection":[{"href":"https:\/\/kitesafe.de\/es\/wp-json\/wp\/v2\/pages"}],"about":[{"href":"https:\/\/kitesafe.de\/es\/wp-json\/wp\/v2\/types\/page"}],"author":[{"embeddable":true,"href":"https:\/\/kitesafe.de\/es\/wp-json\/wp\/v2\/users\/2"}],"replies":[{"embeddable":true,"href":"https:\/\/kitesafe.de\/es\/wp-json\/wp\/v2\/comments?post=12684"}],"version-history":[{"count":3,"href":"https:\/\/kitesafe.de\/es\/wp-json\/wp\/v2\/pages\/12684\/revisions"}],"predecessor-version":[{"id":14213,"href":"https:\/\/kitesafe.de\/es\/wp-json\/wp\/v2\/pages\/12684\/revisions\/14213"}],"up":[{"embeddable":true,"href":"https:\/\/kitesafe.de\/es\/wp-json\/wp\/v2\/pages\/12858"}],"wp:featuredmedia":[{"embeddable":true,"href":"https:\/\/kitesafe.de\/es\/wp-json\/wp\/v2\/media\/12686"}],"wp:attachment":[{"href":"https:\/\/kitesafe.de\/es\/wp-json\/wp\/v2\/media?parent=12684"}],"curies":[{"name":"wp","href":"https:\/\/api.w.org\/{rel}","templated":true}]}}