{"id":12663,"date":"2022-01-08T15:52:19","date_gmt":"2022-01-08T14:52:19","guid":{"rendered":"https:\/\/kitesafe.de\/ala-frustrada\/"},"modified":"2022-01-08T17:48:22","modified_gmt":"2022-01-08T16:48:22","slug":"ala-frustrada","status":"publish","type":"page","link":"https:\/\/kitesafe.de\/es\/wingfoil\/","title":{"rendered":"Wingfoil"},"content":{"rendered":"<div id=\"modal-ready\"><div id=\"pl-12663\"  class=\"panel-layout\" ><div id=\"pg-12663-0\"  class=\"panel-grid panel-no-style\" ><div id=\"pgc-12663-0-0\"  class=\"panel-grid-cell\" ><div id=\"panel-12663-0-0-0\" class=\"so-panel widget widget_sow-editor panel-first-child panel-last-child\" data-index=\"0\" ><div\n\t\t\t\n\t\t\tclass=\"so-widget-sow-editor so-widget-sow-editor-base\"\n\t\t\t\n\t\t>\n<div class=\"siteorigin-widget-tinymce textwidget\">\n\t<h2 style=\"text-align: center;\">Wingfoilen - kitesafe.de<\/h2>\n<\/div>\n<\/div><\/div><\/div><\/div><div id=\"pg-12663-1\"  class=\"panel-grid panel-no-style\" ><div id=\"pgc-12663-1-0\"  class=\"panel-grid-cell\" ><div id=\"panel-12663-1-0-0\" class=\"so-panel widget widget_pw_image_banner widget-image-banner panel-first-child panel-last-child\" data-index=\"1\" >\t\t\t\t<a href=\"https:\/\/kitesafe.de\/wingfoilen\/was-ist-wingfoilen\/\" target=\"_self\" class=\"image-banner\">\n\t\t\t\t\t<img decoding=\"async\" class=\"img-fluid  image-banner__image\" src=\"https:\/\/kitesafe.de\/wp-content\/uploads\/2021\/12\/wing4.jpg\" alt=\"Was ist Wingfoilen?\" title=\"\">\n\t\t\t\t\t<div class=\"image-banner__text  image-banner__text--normal\" style=\"color: #ffffff\">\n\t\t\t\t\t\tWas ist Wingfoilen?\t\t\t\t\t<\/div>\n\t\t\t\t<\/a>\n\t\t\t<\/div><\/div><\/div><div id=\"pg-12663-2\"  class=\"panel-grid panel-no-style\" ><div id=\"pgc-12663-2-0\"  class=\"panel-grid-cell\" ><div id=\"panel-12663-2-0-0\" class=\"so-panel widget widget_pw_image_banner widget-image-banner panel-first-child panel-last-child\" data-index=\"2\" >\t\t\t\t<a href=\"https:\/\/kitesafe.de\/wingfoilen\/wingfoil-kurse\" target=\"_self\" class=\"image-banner\">\n\t\t\t\t\t<img decoding=\"async\" class=\"img-fluid  image-banner__image\" src=\"https:\/\/kitesafe.de\/wp-content\/uploads\/2021\/12\/wing5.jpg\" alt=\"Wingfoil-Kurse\" title=\"\">\n\t\t\t\t\t<div class=\"image-banner__text  image-banner__text--normal\" style=\"color: #ffffff\">\n\t\t\t\t\t\tWingfoil-Kurse\t\t\t\t\t<\/div>\n\t\t\t\t<\/a>\n\t\t\t<\/div><\/div><\/div><div id=\"pg-12663-3\"  class=\"panel-grid panel-no-style\" ><div id=\"pgc-12663-3-0\"  class=\"panel-grid-cell\" ><div id=\"panel-12663-3-0-0\" class=\"so-panel widget widget_pw_image_banner widget-image-banner panel-first-child panel-last-child\" data-index=\"3\" >\t\t\t\t<a href=\"https:\/\/kitesafe.de\/wingfoilen\/wingfoil-verleih\" target=\"_self\" class=\"image-banner\">\n\t\t\t\t\t<img decoding=\"async\" class=\"img-fluid  image-banner__image\" src=\"https:\/\/kitesafe.de\/wp-content\/uploads\/2021\/12\/wing2.jpg\" alt=\"Wingfoil-Verleih\" title=\"\">\n\t\t\t\t\t<div class=\"image-banner__text  image-banner__text--normal\" style=\"color: #ffffff\">\n\t\t\t\t\t\tWingfoil-Verleih\t\t\t\t\t<\/div>\n\t\t\t\t<\/a>\n\t\t\t<\/div><\/div><\/div><div id=\"pg-12663-4\"  class=\"panel-grid panel-no-style\" ><div id=\"pgc-12663-4-0\"  class=\"panel-grid-cell\" ><div id=\"panel-12663-4-0-0\" class=\"so-panel widget widget_sow-headline panel-first-child panel-last-child\" data-index=\"4\" ><div\n\t\t\t\n\t\t\tclass=\"so-widget-sow-headline so-widget-sow-headline-default-eb58c90b4a68-12663\"\n\t\t\t\n\t\t><div class=\"sow-headline-container \">\n\t\t\t\t\t\t\t<h2 class=\"sow-headline\">\n\t\t\t\t\t\tNuestros socios materiales\t\t\t\t\t\t<\/h2>\n\t\t\t\t\t\t\t\t\t\t\t<div class=\"decoration\">\n\t\t\t\t\t\t<div class=\"decoration-inside\"><\/div>\n\t\t\t\t\t<\/div>\n\t\t\t\t\t<\/div>\n<\/div><\/div><\/div><\/div><div id=\"pg-12663-5\"  class=\"panel-grid panel-no-style\" ><div id=\"pgc-12663-5-0\"  class=\"panel-grid-cell\" ><div id=\"panel-12663-5-0-0\" class=\"so-panel widget widget_sow-image panel-first-child panel-last-child\" data-index=\"5\" ><div\n\t\t\t\n\t\t\tclass=\"so-widget-sow-image so-widget-sow-image-default-c67d20f9f743-12663\"\n\t\t\t\n\t\t>\n<div class=\"sow-image-container\">\n\t\t\t<a href=\"https:\/\/vayu.world\/\" target=\"_blank\" rel=\"noopener noreferrer\">\n\t\t\t<img decoding=\"async\" src=\"https:\/\/kitesafe.de\/wp-content\/uploads\/2021\/12\/Vayu-Logotype_single-1024x418.jpg\" width=\"1024\" height=\"418\" srcset=\"https:\/\/kitesafe.de\/wp-content\/uploads\/2021\/12\/Vayu-Logotype_single-1024x418.jpg 1024w, https:\/\/kitesafe.de\/wp-content\/uploads\/2021\/12\/Vayu-Logotype_single-300x122.jpg 300w, https:\/\/kitesafe.de\/wp-content\/uploads\/2021\/12\/Vayu-Logotype_single-768x313.jpg 768w, https:\/\/kitesafe.de\/wp-content\/uploads\/2021\/12\/Vayu-Logotype_single-1536x627.jpg 1536w, https:\/\/kitesafe.de\/wp-content\/uploads\/2021\/12\/Vayu-Logotype_single-540x220.jpg 540w, https:\/\/kitesafe.de\/wp-content\/uploads\/2021\/12\/Vayu-Logotype_single.jpg 1640w\" sizes=\"(max-width: 1024px) 100vw, 1024px\" alt=\"\" class=\"so-widget-image\" title=\"\">\n\t\t\t<\/a><\/div>\n\n<\/div><\/div><\/div><div id=\"pgc-12663-5-1\"  class=\"panel-grid-cell\" ><div id=\"panel-12663-5-1-0\" class=\"so-panel widget widget_sow-image panel-first-child\" data-index=\"6\" ><div\n\t\t\t\n\t\t\tclass=\"so-widget-sow-image so-widget-sow-image-default-c67d20f9f743-12663\"\n\t\t\t\n\t\t>\n<div class=\"sow-image-container\">\n\t\t\t<a href=\"https:\/\/www.indiana-paddlesurf.ch\/de\" target=\"_blank\" rel=\"noopener noreferrer\">\n\t\t\t<img decoding=\"async\" src=\"https:\/\/kitesafe.de\/wp-content\/uploads\/2021\/03\/Indiana_SUP2.0-540x359.png\" width=\"540\" height=\"359\" srcset=\"https:\/\/kitesafe.de\/wp-content\/uploads\/2021\/03\/Indiana_SUP2.0-540x359.png 540w, https:\/\/kitesafe.de\/wp-content\/uploads\/2021\/03\/Indiana_SUP2.0-300x199.png 300w, https:\/\/kitesafe.de\/wp-content\/uploads\/2021\/03\/Indiana_SUP2.0-1024x680.png 1024w, https:\/\/kitesafe.de\/wp-content\/uploads\/2021\/03\/Indiana_SUP2.0-768x510.png 768w, https:\/\/kitesafe.de\/wp-content\/uploads\/2021\/03\/Indiana_SUP2.0-1536x1020.png 1536w, https:\/\/kitesafe.de\/wp-content\/uploads\/2021\/03\/Indiana_SUP2.0-272x182.png 272w, https:\/\/kitesafe.de\/wp-content\/uploads\/2021\/03\/Indiana_SUP2.0.png 1590w\" sizes=\"(max-width: 540px) 100vw, 540px\" alt=\"\" class=\"so-widget-image\" title=\"\">\n\t\t\t<\/a><\/div>\n\n<\/div><\/div><div id=\"panel-12663-5-1-1\" class=\"so-panel widget widget_sow-image panel-last-child\" data-index=\"7\" ><div\n\t\t\t\n\t\t\tclass=\"so-widget-sow-image so-widget-sow-image-default-c67d20f9f743-12663\"\n\t\t\t\n\t\t>\n<div class=\"sow-image-container\">\n\t\t\t<a href=\"https:\/\/restube.com\" target=\"_blank\" rel=\"noopener noreferrer\">\n\t\t\t<img decoding=\"async\" src=\"https:\/\/kitesafe.de\/wp-content\/uploads\/2021\/03\/RESTUBE_Logo_Horizontal_Slogan-540x102.png\" width=\"540\" height=\"102\" srcset=\"https:\/\/kitesafe.de\/wp-content\/uploads\/2021\/03\/RESTUBE_Logo_Horizontal_Slogan-540x102.png 540w, https:\/\/kitesafe.de\/wp-content\/uploads\/2021\/03\/RESTUBE_Logo_Horizontal_Slogan-300x57.png 300w, https:\/\/kitesafe.de\/wp-content\/uploads\/2021\/03\/RESTUBE_Logo_Horizontal_Slogan-1024x194.png 1024w, https:\/\/kitesafe.de\/wp-content\/uploads\/2021\/03\/RESTUBE_Logo_Horizontal_Slogan-768x146.png 768w, https:\/\/kitesafe.de\/wp-content\/uploads\/2021\/03\/RESTUBE_Logo_Horizontal_Slogan-1536x291.png 1536w, https:\/\/kitesafe.de\/wp-content\/uploads\/2021\/03\/RESTUBE_Logo_Horizontal_Slogan-2048x388.png 2048w\" sizes=\"(max-width: 540px) 100vw, 540px\" alt=\"\" class=\"so-widget-image\" title=\"\">\n\t\t\t<\/a><\/div>\n\n<\/div><\/div><\/div><\/div><\/div><\/div>","protected":false},"excerpt":{"rendered":"<p>Wingfoiling es la nueva estrella en los deportes acu\u00e1ticos: f\u00e1cil de aprender, poca batalla de materiales, mucha diversi\u00f3n. \u00a1Sube a bordo con nosotros!<\/p>\n","protected":false},"author":2,"featured_media":12668,"parent":0,"menu_order":0,"comment_status":"closed","ping_status":"closed","template":"","meta":{"_acf_changed":false,"ngg_post_thumbnail":0,"footnotes":""},"class_list":["post-12663","page","type-page","status-publish","has-post-thumbnail","hentry","clearfix"],"acf":[],"_links":{"self":[{"href":"https:\/\/kitesafe.de\/es\/wp-json\/wp\/v2\/pages\/12663","targetHints":{"allow":["GET"]}}],"collection":[{"href":"https:\/\/kitesafe.de\/es\/wp-json\/wp\/v2\/pages"}],"about":[{"href":"https:\/\/kitesafe.de\/es\/wp-json\/wp\/v2\/types\/page"}],"author":[{"embeddable":true,"href":"https:\/\/kitesafe.de\/es\/wp-json\/wp\/v2\/users\/2"}],"replies":[{"embeddable":true,"href":"https:\/\/kitesafe.de\/es\/wp-json\/wp\/v2\/comments?post=12663"}],"version-history":[{"count":5,"href":"https:\/\/kitesafe.de\/es\/wp-json\/wp\/v2\/pages\/12663\/revisions"}],"predecessor-version":[{"id":14218,"href":"https:\/\/kitesafe.de\/es\/wp-json\/wp\/v2\/pages\/12663\/revisions\/14218"}],"wp:featuredmedia":[{"embeddable":true,"href":"https:\/\/kitesafe.de\/es\/wp-json\/wp\/v2\/media\/12668"}],"wp:attachment":[{"href":"https:\/\/kitesafe.de\/es\/wp-json\/wp\/v2\/media?parent=12663"}],"curies":[{"name":"wp","href":"https:\/\/api.w.org\/{rel}","templated":true}]}}