{"id":12034,"date":"2022-01-08T12:27:19","date_gmt":"2022-01-08T11:27:19","guid":{"rendered":"https:\/\/kitesafe.de\/wing-foiling\/wingfoil-rental\/"},"modified":"2024-07-08T15:31:37","modified_gmt":"2024-07-08T13:31:37","slug":"wingfoil-rental","status":"publish","type":"page","link":"https:\/\/kitesafe.de\/en\/wing-foiling\/wingfoil-rental\/","title":{"rendered":"Wingfoil rental"},"content":{"rendered":"<div id=\"modal-ready\"><div id=\"pl-12034\"  class=\"panel-layout\" ><div id=\"pg-12034-0\"  class=\"panel-grid panel-no-style\" ><div id=\"pgc-12034-0-0\"  class=\"panel-grid-cell\" ><div id=\"panel-12034-0-0-0\" class=\"so-panel widget widget_sow-image panel-first-child panel-last-child\" data-index=\"0\" ><div\n\t\t\t\n\t\t\tclass=\"so-widget-sow-image so-widget-sow-image-default-8b5b6f678277-12034\"\n\t\t\t\n\t\t>\n<div class=\"sow-image-container\">\n\t\t\t<a href=\"https:\/\/kitesafe.de\/wp-content\/uploads\/2021\/12\/AdobeStock_455237278-scaled.jpeg\"\n\t\t\tdata-lightbox=\"18400335025c27647a5b044448200510\" data-lightbox-options=\"{&quot;alwaysShowNavOnTouchDevices&quot;:false,&quot;disabledOnTablet&quot;:false,&quot;disabledOnMobile&quot;:false,&quot;disableScrolling&quot;:false,&quot;overlayColor&quot;:&quot;#000&quot;,&quot;overlayOpacity&quot;:0.8000000000000000444089209850062616169452667236328125,&quot;fadeDuration&quot;:600,&quot;fitImagesInViewport&quot;:true,&quot;imageFadeDuration&quot;:600,&quot;maxHeight&quot;:&quot;&quot;,&quot;maxWidth&quot;:&quot;&quot;,&quot;positionFromTop&quot;:50,&quot;resizeDuration&quot;:700,&quot;showImageNumberLabel&quot;:true,&quot;disableCaption&quot;:&quot;&quot;,&quot;wrapAround&quot;:true,&quot;albumLabel&quot;:&quot; %1 of %2&quot;}\" data-title=\"Wingfoil rental beach\" \t\t>\n\t\t\t<img \n\tsrc=\"https:\/\/kitesafe.de\/wp-content\/uploads\/2021\/12\/AdobeStock_455237278-960x330.jpeg\" width=\"960\" height=\"330\" srcset=\"https:\/\/kitesafe.de\/wp-content\/uploads\/2021\/12\/AdobeStock_455237278-960x330.jpeg 960w, https:\/\/kitesafe.de\/wp-content\/uploads\/2021\/12\/AdobeStock_455237278-1920x660.jpeg 1920w, https:\/\/kitesafe.de\/wp-content\/uploads\/2021\/12\/AdobeStock_455237278-480x165.jpeg 480w\" sizes=\"(max-width: 960px) 100vw, 960px\" title=\"Wingfoil rental beach\" alt=\"Wingfoil rental beach\" \t\tclass=\"so-widget-image\"\/>\n\t\t\t<\/a><\/div>\n\n<\/div><\/div><\/div><\/div><div id=\"pg-12034-1\"  class=\"panel-grid panel-no-style\" ><div id=\"pgc-12034-1-0\"  class=\"panel-grid-cell\" ><div id=\"panel-12034-1-0-0\" class=\"so-panel widget widget_sow-editor panel-first-child panel-last-child\" data-index=\"1\" ><div\n\t\t\t\n\t\t\tclass=\"so-widget-sow-editor so-widget-sow-editor-base\"\n\t\t\t\n\t\t><h3 class=\"widget-title\"><span class=\"widget-title__inline\">Wingfoil rental<\/span><\/h3>\n<div class=\"siteorigin-widget-tinymce textwidget\">\n\t<p>Wingfoiling &amp; wingsurfing is easy and demanding at the same time - you can do high-performance sport with wingfoiling or simply cruise comfortably with a SUP. With our rental equipment from VAYU you are prepared for all adventures!<\/p>\n<\/div>\n<\/div><\/div><\/div><\/div><div id=\"pg-12034-2\"  class=\"panel-grid panel-no-style\" ><div id=\"pgc-12034-2-0\"  class=\"panel-grid-cell\" ><div id=\"panel-12034-2-0-0\" class=\"so-panel widget widget_pw_pricing_list widget-pricing-list panel-first-child panel-last-child\" data-index=\"2\" >\n\t<div class=\"pricing-list\">\n\t\t\t\t\t<div class=\"pricing-list__widget-title\">\n\t\t\t\t<h3 class=\"widget-title\"><span class=\"widget-title__inline\">Wingfoil Verleih &#8211; Saison-Abo<\/span><\/h3>\t\t\t<\/div>\n\t\t\t\t\t\t\t<div class=\"pricing-list__item\">\n\t\t\t\t\t\t\t\t\t<span class=\"pricing-list__badge\">Wingfoil-Verleih-Flatrate<\/span>\n\t\t\t\t\t\t\t\t<span class=\"pricing-list__title\"><\/span>\n\t\t\t\t<span class=\"pricing-list__line\"><\/span>\n\t\t\t\t<span class=\"pricing-list__price\"><\/span>\n\t\t\t\t\t\t\t<\/div>\n\t\t\t\t\t<div class=\"pricing-list__item\">\n\t\t\t\t\t\t\t\t<span class=\"pricing-list__title\">Wing &amp; Foil &amp; Board<\/span>\n\t\t\t\t<span class=\"pricing-list__line\"><\/span>\n\t\t\t\t<span class=\"pricing-list__price\">950\u20ac<\/span>\n\t\t\t\t\t\t\t<\/div>\n\t\t\t\t\t<div class=\"pricing-list__item\">\n\t\t\t\t\t\t\t\t<span class=\"pricing-list__title\"><\/span>\n\t\t\t\t<span class=\"pricing-list__line\"><\/span>\n\t\t\t\t<span class=\"pricing-list__price\"><\/span>\n\t\t\t\t\t\t\t\t\t<p class=\"pricing-list__description\">\n\t\t\t\t\t\tWingfoilen hat Dich gepackt und jetzt willst Du vorankommen, wei\u00dft aber noch gar nicht so richtig, wohin die Reise geht? Das geht uns allen so, denn der \u00dcbergang vom Anf\u00e4nger zum Aufsteiger kann sehr schnell gehen - und \u00e4rgerlicherweise passt sich das Material nicht automatisch an Dein K\u00f6nnen an! \nKlingt nach einem Fall f\u00fcr unsere Saison-Flatrate!!! F\u00fcr den Preis von 10 Tagen Verleih (Wing + Board + Foil) kannst Du Deine Skills verbessern, ohne Dich fest an Material zu binden. Mit der Saison-Flatrate bekommst Du Zugriff auf unseren Materialpool und kannst jederzeit entsprechend Deiner Ziele und der Wetterbedingungen das Equipment ausw\u00e4hlen, was f\u00fcr Dich passt und Dich so kontinuierlich verbessern, ohne an ein festes Material-Setup gebunden zu sein. \nDurch weiter steigende Materialpreise und die steile Lernkurve lohnt sich unsere Flatrate f\u00fcr alle Dauercamper, Dauerkiter, Wochenendkiter und G\u00e4ste mit Aufenthalt von mindestens 2 Wochen - und bestimmt auch f\u00fcr Dich! Und das ganz ohne Sorge, dass Dein Wing \/ Foil zu klein oder zu gro\u00df ist, dass das Board nicht passt oder Du Dich mit Lagerung, Reparatur &amp; Wartung befassen musst. Interesse? Sprich uns einfach an, wir beraten Dich gerne!!!\t\t\t\t\t<\/p>\n\t\t\t\t\t\t\t<\/div>\n\t\t\t<\/div>\n\n<\/div><\/div><\/div><div id=\"pg-12034-3\"  class=\"panel-grid panel-no-style\" ><div id=\"pgc-12034-3-0\"  class=\"panel-grid-cell\" ><div id=\"panel-12034-3-0-0\" class=\"so-panel widget widget_pw_pricing_list widget-pricing-list panel-first-child panel-last-child\" data-index=\"3\" >\n\t<div class=\"pricing-list\">\n\t\t\t\t\t<div class=\"pricing-list__widget-title\">\n\t\t\t\t<h3 class=\"widget-title\"><span class=\"widget-title__inline\">Wingfoil Verleih &#8211; Preisliste<\/span><\/h3>\t\t\t<\/div>\n\t\t\t\t\t\t\t<div class=\"pricing-list__item\">\n\t\t\t\t\t\t\t\t\t<span class=\"pricing-list__badge\">Unser Tipp!<\/span>\n\t\t\t\t\t\t\t\t<span class=\"pricing-list__title\">Wing &amp; Foil &amp; Board (3 Stunden)<\/span>\n\t\t\t\t<span class=\"pricing-list__line\"><\/span>\n\t\t\t\t<span class=\"pricing-list__price\">65\u20ac<\/span>\n\t\t\t\t\t\t\t<\/div>\n\t\t\t\t\t<div class=\"pricing-list__item\">\n\t\t\t\t\t\t\t\t<span class=\"pricing-list__title\">Wing &amp; Foil &amp; Board (1 Tag)<\/span>\n\t\t\t\t<span class=\"pricing-list__line\"><\/span>\n\t\t\t\t<span class=\"pricing-list__price\">95\u20ac<\/span>\n\t\t\t\t\t\t\t<\/div>\n\t\t\t\t\t<div class=\"pricing-list__item\">\n\t\t\t\t\t\t\t\t<span class=\"pricing-list__title\">Wing &amp; SUP (3 Stunden)<\/span>\n\t\t\t\t<span class=\"pricing-list__line\"><\/span>\n\t\t\t\t<span class=\"pricing-list__price\">50\u20ac<\/span>\n\t\t\t\t\t\t\t<\/div>\n\t\t\t\t\t<div class=\"pricing-list__item\">\n\t\t\t\t\t\t\t\t<span class=\"pricing-list__title\">Wing &amp; SUP (1 Tag)<\/span>\n\t\t\t\t<span class=\"pricing-list__line\"><\/span>\n\t\t\t\t<span class=\"pricing-list__price\">80\u20ac<\/span>\n\t\t\t\t\t\t\t<\/div>\n\t\t\t\t\t<div class=\"pricing-list__item\">\n\t\t\t\t\t\t\t\t<span class=\"pricing-list__title\">Wing only (3 Stunden)<\/span>\n\t\t\t\t<span class=\"pricing-list__line\"><\/span>\n\t\t\t\t<span class=\"pricing-list__price\">40\u20ac<\/span>\n\t\t\t\t\t\t\t<\/div>\n\t\t\t\t\t<div class=\"pricing-list__item\">\n\t\t\t\t\t\t\t\t<span class=\"pricing-list__title\">Wing only (1 Tag)<\/span>\n\t\t\t\t<span class=\"pricing-list__line\"><\/span>\n\t\t\t\t<span class=\"pricing-list__price\">65\u20ac<\/span>\n\t\t\t\t\t\t\t<\/div>\n\t\t\t\t\t<div class=\"pricing-list__item\">\n\t\t\t\t\t\t\t\t<span class=\"pricing-list__title\">Foil &amp; Board only (3 Stunden)<\/span>\n\t\t\t\t<span class=\"pricing-list__line\"><\/span>\n\t\t\t\t<span class=\"pricing-list__price\">40\u20ac<\/span>\n\t\t\t\t\t\t\t<\/div>\n\t\t\t\t\t<div class=\"pricing-list__item\">\n\t\t\t\t\t\t\t\t<span class=\"pricing-list__title\">Foil &amp; Board only (1 Tag)<\/span>\n\t\t\t\t<span class=\"pricing-list__line\"><\/span>\n\t\t\t\t<span class=\"pricing-list__price\">65\u20ac<\/span>\n\t\t\t\t\t\t\t<\/div>\n\t\t\t<\/div>\n\n<\/div><\/div><div id=\"pgc-12034-3-1\"  class=\"panel-grid-cell\" ><div id=\"panel-12034-3-1-0\" class=\"so-panel widget widget_pw_accordion widget-accordion panel-first-child panel-last-child\" data-index=\"4\" >\t<div class=\"accordion panel-group\" id=\"accordion-widget-3-1-0\" role=\"tablist\" aria-multiselectable=\"true\">\n\t\t\t<div class=\"accordion__panel  panel  panel-default\">\n\t\t\t<div class=\"accordion__heading  panel-heading\" role=\"tab\" id=\"heading-widget-3-1-0-1\">\n\t\t\t\t<h4 class=\"panel-title\">\n\t\t\t\t\t<a class=\"collapsed\" role=\"button\" data-toggle=\"collapse\" data-parent=\"#accordion-widget-3-1-0\" href=\"#collapse-widget-3-1-0-1\" aria-expanded=\"false\" aria-controls=\"collapse-widget-3-1-0-1\">\n\t\t\t\t\t\tWas muss ich zum Wingfoilen anziehen?\t\t\t\t\t<\/a>\n\t\t\t\t<\/h4>\n\t\t\t<\/div>\n\t\t\t<div id=\"collapse-widget-3-1-0-1\" class=\"accordion__content  panel-collapse  collapse\" role=\"tabpanel\" aria-labelledby=\"heading-widget-3-1-0-1\">\n\t\t\t\t<div class=\"panel-body\">\n\t\t\t\t\tKommt drauf an \ud83d\ude09 Wir empfehlen au\u00dfer im Hochsommer einen Neoprenanzug. Kommt im Endeffekt darauf an, ob und wie oft Du ins Wasser fallen wirst und wie lange Du auf dem Wasser bleiben willst. Ein Helm ist auf jeden Fall Pflicht!\t\t\t\t<\/div>\n\t\t\t<\/div>\n\t\t<\/div>\n\t\t\t<div class=\"accordion__panel  panel  panel-default\">\n\t\t\t<div class=\"accordion__heading  panel-heading\" role=\"tab\" id=\"heading-widget-3-1-0-2\">\n\t\t\t\t<h4 class=\"panel-title\">\n\t\t\t\t\t<a class=\"collapsed\" role=\"button\" data-toggle=\"collapse\" data-parent=\"#accordion-widget-3-1-0\" href=\"#collapse-widget-3-1-0-2\" aria-expanded=\"false\" aria-controls=\"collapse-widget-3-1-0-2\">\n\t\t\t\t\t\tBrauche ich irgendwelche Vorkenntnisse?\t\t\t\t\t<\/a>\n\t\t\t\t<\/h4>\n\t\t\t<\/div>\n\t\t\t<div id=\"collapse-widget-3-1-0-2\" class=\"accordion__content  panel-collapse  collapse\" role=\"tabpanel\" aria-labelledby=\"heading-widget-3-1-0-2\">\n\t\t\t\t<div class=\"panel-body\">\n\t\t\t\t\tDu musst schwimmen k\u00f6nnen und zum Ausleihen von Board &amp; Foil einen Erfahrungenachweis mitbringen. Au\u00dferdem musst Du Dich bei uns \u00fcber die tagesaktuelle Windrichtung und die damit verbundenen Risiken informieren.\t\t\t\t<\/div>\n\t\t\t<\/div>\n\t\t<\/div>\n\t\t\t<div class=\"accordion__panel  panel  panel-default\">\n\t\t\t<div class=\"accordion__heading  panel-heading\" role=\"tab\" id=\"heading-widget-3-1-0-3\">\n\t\t\t\t<h4 class=\"panel-title\">\n\t\t\t\t\t<a class=\"collapsed\" role=\"button\" data-toggle=\"collapse\" data-parent=\"#accordion-widget-3-1-0\" href=\"#collapse-widget-3-1-0-3\" aria-expanded=\"false\" aria-controls=\"collapse-widget-3-1-0-3\">\n\t\t\t\t\t\tMuss ich noch irgendwas mitbringen?\t\t\t\t\t<\/a>\n\t\t\t\t<\/h4>\n\t\t\t<\/div>\n\t\t\t<div id=\"collapse-widget-3-1-0-3\" class=\"accordion__content  panel-collapse  collapse\" role=\"tabpanel\" aria-labelledby=\"heading-widget-3-1-0-3\">\n\t\t\t\t<div class=\"panel-body\">\n\t\t\t\t\tDu solltest Dir noch etwas zu trinken, Sonnencreme, M\u00fcckenspray und eine Sonnenbrille mitbringen. Wenn Du eine wasserfeste Kamera hast, bring sie ruhig mit..\t\t\t\t<\/div>\n\t\t\t<\/div>\n\t\t<\/div>\n\t\t\t<div class=\"accordion__panel  panel  panel-default\">\n\t\t\t<div class=\"accordion__heading  panel-heading\" role=\"tab\" id=\"heading-widget-3-1-0-4\">\n\t\t\t\t<h4 class=\"panel-title\">\n\t\t\t\t\t<a class=\"collapsed\" role=\"button\" data-toggle=\"collapse\" data-parent=\"#accordion-widget-3-1-0\" href=\"#collapse-widget-3-1-0-4\" aria-expanded=\"false\" aria-controls=\"collapse-widget-3-1-0-4\">\n\t\t\t\t\t\tGibt es die M\u00f6glichkeit, sich mit dem Material irgendwo abholen zu lassen?\t\t\t\t\t<\/a>\n\t\t\t\t<\/h4>\n\t\t\t<\/div>\n\t\t\t<div id=\"collapse-widget-3-1-0-4\" class=\"accordion__content  panel-collapse  collapse\" role=\"tabpanel\" aria-labelledby=\"heading-widget-3-1-0-4\">\n\t\t\t\t<div class=\"panel-body\">\n\t\t\t\t\tJa, allerdings ausschlie\u00dflich nach vorheriger Absprache und Verf\u00fcgbarkeit!\t\t\t\t<\/div>\n\t\t\t<\/div>\n\t\t<\/div>\n\t\t\t<\/div>\n\n<\/div><\/div><\/div><div id=\"pg-12034-4\"  class=\"panel-grid panel-no-style\" ><div id=\"pgc-12034-4-0\"  class=\"panel-grid-cell\" ><div id=\"panel-12034-4-0-0\" class=\"so-panel widget widget_sow-image panel-first-child panel-last-child\" data-index=\"5\" ><div\n\t\t\t\n\t\t\tclass=\"so-widget-sow-image so-widget-sow-image-default-8b5b6f678277-12034\"\n\t\t\t\n\t\t>\n<div class=\"sow-image-container\">\n\t\t\t<a href=\"https:\/\/kitesafe.de\/wp-content\/uploads\/2021\/12\/AdobeStock_468795667-scaled.jpeg\"\n\t\t\tdata-lightbox=\"21312982585c35f54f7144e682641698\" data-lightbox-options=\"{&quot;alwaysShowNavOnTouchDevices&quot;:false,&quot;disabledOnTablet&quot;:false,&quot;disabledOnMobile&quot;:false,&quot;disableScrolling&quot;:false,&quot;overlayColor&quot;:&quot;#000&quot;,&quot;overlayOpacity&quot;:0.8000000000000000444089209850062616169452667236328125,&quot;fadeDuration&quot;:600,&quot;fitImagesInViewport&quot;:true,&quot;imageFadeDuration&quot;:600,&quot;maxHeight&quot;:&quot;&quot;,&quot;maxWidth&quot;:&quot;&quot;,&quot;positionFromTop&quot;:50,&quot;resizeDuration&quot;:700,&quot;showImageNumberLabel&quot;:true,&quot;disableCaption&quot;:&quot;&quot;,&quot;wrapAround&quot;:true,&quot;albumLabel&quot;:&quot; %1 of %2&quot;}\" data-title=\"SUP dog\" \t\t>\n\t\t\t<img \n\tsrc=\"https:\/\/kitesafe.de\/wp-content\/uploads\/2021\/12\/AdobeStock_468795667-scaled.jpeg\" width=\"2560\" height=\"1674\" srcset=\"https:\/\/kitesafe.de\/wp-content\/uploads\/2021\/12\/AdobeStock_468795667-scaled.jpeg 2560w, https:\/\/kitesafe.de\/wp-content\/uploads\/2021\/12\/AdobeStock_468795667-300x196.jpeg 300w, https:\/\/kitesafe.de\/wp-content\/uploads\/2021\/12\/AdobeStock_468795667-1024x670.jpeg 1024w, https:\/\/kitesafe.de\/wp-content\/uploads\/2021\/12\/AdobeStock_468795667-768x502.jpeg 768w, https:\/\/kitesafe.de\/wp-content\/uploads\/2021\/12\/AdobeStock_468795667-1536x1004.jpeg 1536w, https:\/\/kitesafe.de\/wp-content\/uploads\/2021\/12\/AdobeStock_468795667-2048x1339.jpeg 2048w, https:\/\/kitesafe.de\/wp-content\/uploads\/2021\/12\/AdobeStock_468795667-540x353.jpeg 540w\" sizes=\"(max-width: 2560px) 100vw, 2560px\" title=\"SUP dog\" alt=\"SUP dog\" \t\tclass=\"so-widget-image\"\/>\n\t\t\t<\/a><\/div>\n\n<\/div><\/div><\/div><\/div><\/div><\/div>","protected":false},"excerpt":{"rendered":"<p>Wingfoiling &amp; wingsurfing is easy and demanding at the same time &#8211; you can do high-performance sport with wingfoiling or simply cruise comfortably with a SUP. With our rental equipment from VAYU you are prepared for all adventures!<\/p>\n","protected":false},"author":2,"featured_media":0,"parent":11997,"menu_order":0,"comment_status":"closed","ping_status":"closed","template":"","meta":{"_acf_changed":false,"ngg_post_thumbnail":0,"footnotes":""},"class_list":["post-12034","page","type-page","status-publish","hentry","clearfix"],"acf":[],"_links":{"self":[{"href":"https:\/\/kitesafe.de\/en\/wp-json\/wp\/v2\/pages\/12034","targetHints":{"allow":["GET"]}}],"collection":[{"href":"https:\/\/kitesafe.de\/en\/wp-json\/wp\/v2\/pages"}],"about":[{"href":"https:\/\/kitesafe.de\/en\/wp-json\/wp\/v2\/types\/page"}],"author":[{"embeddable":true,"href":"https:\/\/kitesafe.de\/en\/wp-json\/wp\/v2\/users\/2"}],"replies":[{"embeddable":true,"href":"https:\/\/kitesafe.de\/en\/wp-json\/wp\/v2\/comments?post=12034"}],"version-history":[{"count":1,"href":"https:\/\/kitesafe.de\/en\/wp-json\/wp\/v2\/pages\/12034\/revisions"}],"predecessor-version":[{"id":12039,"href":"https:\/\/kitesafe.de\/en\/wp-json\/wp\/v2\/pages\/12034\/revisions\/12039"}],"up":[{"embeddable":true,"href":"https:\/\/kitesafe.de\/en\/wp-json\/wp\/v2\/pages\/11997"}],"wp:attachment":[{"href":"https:\/\/kitesafe.de\/en\/wp-json\/wp\/v2\/media?parent=12034"}],"curies":[{"name":"wp","href":"https:\/\/api.w.org\/{rel}","templated":true}]}}