{"id":11971,"date":"2022-01-08T12:25:51","date_gmt":"2022-01-08T11:25:51","guid":{"rendered":"https:\/\/kitesafe.de\/kite-surfing\/what-is-kitesurfing\/"},"modified":"2023-07-10T11:21:43","modified_gmt":"2023-07-10T09:21:43","slug":"what-is-kitesurfing","status":"publish","type":"page","link":"https:\/\/kitesafe.de\/en\/kite-surfing\/what-is-kitesurfing\/","title":{"rendered":"What is kitesurfing?"},"content":{"rendered":"<div id=\"modal-ready\"><div id=\"pl-11971\"  class=\"panel-layout\" ><div id=\"pg-11971-0\"  class=\"panel-grid panel-no-style\" ><div id=\"pgc-11971-0-0\"  class=\"panel-grid-cell\" ><div id=\"panel-11971-0-0-0\" class=\"so-panel widget widget_sow-editor panel-first-child panel-last-child\" data-index=\"0\" ><div\n\t\t\t\n\t\t\tclass=\"so-widget-sow-editor so-widget-sow-editor-base\"\n\t\t\t\n\t\t>\n<div class=\"siteorigin-widget-tinymce textwidget\">\n\t<h2 style=\"font-weight: 300;\">From Asian junks tug kites to sports equipment.<\/h2>\n<p><span class=\"TextRun SCX58062243\" lang=\"EN-US\" xml:lang=\"EN-US\"><span class=\"NormalTextRun SCX58062243\">Well over 1000 years ago, kites were used in Asia to move junks faster using wind power. Much has happened in the meantime, nowadays there are kites for all sorts of purposes, including to generate wind energy (aircraft wind power plant), as support for boat propulsion (skysails), as toys (single-line kites) , for aerobatics (two-line trick or stunt kites) and as sports equipment for kite surfing, snow and buggy kiting: you can be pulled by the wind on land \/ snow \/ water with the help of a kite. This is what we call kitesurfing (in the water).<\/span><\/span><\/p>\n<p>At the turn of the millennium, kites were developed that could be restarted from the water - the predecessors of our tube kites. For us kite surfers, 2-, 4- and 5-line kites are of particular interest - in addition to the different number of lines, there are also different construction systems, shapes, line lengths and much more.<\/p>\n<hr class=\"hr--dotted\">\n<h4 style=\"font-size: 15px;\"><\/h4>\n<\/div>\n<\/div><\/div><\/div><div id=\"pgc-11971-0-1\"  class=\"panel-grid-cell\" ><div id=\"panel-11971-0-1-0\" class=\"so-panel widget widget_sow-editor panel-first-child\" data-index=\"1\" ><div\n\t\t\t\n\t\t\tclass=\"so-widget-sow-editor so-widget-sow-editor-base\"\n\t\t\t\n\t\t>\n<div class=\"siteorigin-widget-tinymce textwidget\">\n\t<p><img decoding=\"async\" class=\"alignnone size-full wp-image-3105\" src=\"http:\/wp-content\/uploads\/2018\/12\/Kitesurfen-Preview.jpg\" alt=\"\" width=\"864\" height=\"486\" srcset=\"https:\/\/kitesafe.de\/wp-content\/uploads\/2018\/12\/Kitesurfen-Preview.jpg 864w, https:\/\/kitesafe.de\/wp-content\/uploads\/2018\/12\/Kitesurfen-Preview-300x169.jpg 300w, https:\/\/kitesafe.de\/wp-content\/uploads\/2018\/12\/Kitesurfen-Preview-768x432.jpg 768w, https:\/\/kitesafe.de\/wp-content\/uploads\/2018\/12\/Kitesurfen-Preview-540x304.jpg 540w, https:\/\/kitesafe.de\/wp-content\/uploads\/2018\/12\/Kitesurfen-Preview-352x198.jpg 352w, https:\/\/kitesafe.de\/wp-content\/uploads\/2018\/12\/Kitesurfen-Preview-360x204.jpg 360w, https:\/\/kitesafe.de\/wp-content\/uploads\/2018\/12\/Kitesurfen-Preview-600x338.jpg 600w\" sizes=\"(max-width: 864px) 100vw, 864px\" title=\"\"><\/p>\n<\/div>\n<\/div><\/div><div id=\"panel-11971-0-1-1\" class=\"so-panel widget widget_sow-editor panel-last-child\" data-index=\"2\" ><div\n\t\t\t\n\t\t\tclass=\"so-widget-sow-editor so-widget-sow-editor-base\"\n\t\t\t\n\t\t>\n<div class=\"siteorigin-widget-tinymce textwidget\">\n\t<p><img decoding=\"async\" class=\"alignnone size-full wp-image-3588\" src=\"http:\/wp-content\/uploads\/2019\/01\/sven5.jpg\" alt=\"\" width=\"864\" height=\"486\" srcset=\"https:\/\/kitesafe.de\/wp-content\/uploads\/2019\/01\/sven5.jpg 864w, https:\/\/kitesafe.de\/wp-content\/uploads\/2019\/01\/sven5-300x169.jpg 300w, https:\/\/kitesafe.de\/wp-content\/uploads\/2019\/01\/sven5-768x432.jpg 768w, https:\/\/kitesafe.de\/wp-content\/uploads\/2019\/01\/sven5-540x304.jpg 540w, https:\/\/kitesafe.de\/wp-content\/uploads\/2019\/01\/sven5-352x198.jpg 352w, https:\/\/kitesafe.de\/wp-content\/uploads\/2019\/01\/sven5-360x204.jpg 360w, https:\/\/kitesafe.de\/wp-content\/uploads\/2019\/01\/sven5-600x338.jpg 600w\" sizes=\"(max-width: 864px) 100vw, 864px\" title=\"\"><\/p>\n<\/div>\n<\/div><\/div><\/div><\/div><div id=\"pg-11971-1\"  class=\"panel-grid panel-no-style\" ><div id=\"pgc-11971-1-0\"  class=\"panel-grid-cell\" ><div id=\"panel-11971-1-0-0\" class=\"so-panel widget widget_sow-image panel-first-child panel-last-child\" data-index=\"3\" ><div\n\t\t\t\n\t\t\tclass=\"so-widget-sow-image so-widget-sow-image-default-8b5b6f678277-11971\"\n\t\t\t\n\t\t>\n<div class=\"sow-image-container\">\n\t\t<img decoding=\"async\" src=\"https:\/\/kitesafe.de\/wp-content\/uploads\/2019\/01\/Aegypten-Schulung-Welle.jpg\" width=\"864\" height=\"486\" srcset=\"https:\/\/kitesafe.de\/wp-content\/uploads\/2019\/01\/Aegypten-Schulung-Welle.jpg 864w, https:\/\/kitesafe.de\/wp-content\/uploads\/2019\/01\/Aegypten-Schulung-Welle-300x169.jpg 300w, https:\/\/kitesafe.de\/wp-content\/uploads\/2019\/01\/Aegypten-Schulung-Welle-768x432.jpg 768w, https:\/\/kitesafe.de\/wp-content\/uploads\/2019\/01\/Aegypten-Schulung-Welle-540x304.jpg 540w, https:\/\/kitesafe.de\/wp-content\/uploads\/2019\/01\/Aegypten-Schulung-Welle-352x198.jpg 352w, https:\/\/kitesafe.de\/wp-content\/uploads\/2019\/01\/Aegypten-Schulung-Welle-360x204.jpg 360w, https:\/\/kitesafe.de\/wp-content\/uploads\/2019\/01\/Aegypten-Schulung-Welle-600x338.jpg 600w\" sizes=\"(max-width: 864px) 100vw, 864px\" alt=\"\" class=\"so-widget-image\" title=\"\">\n\t<\/div>\n\n<\/div><\/div><\/div><div id=\"pgc-11971-1-1\"  class=\"panel-grid-cell\" ><div id=\"panel-11971-1-1-0\" class=\"so-panel widget widget_sow-editor panel-first-child panel-last-child\" data-index=\"4\" ><div\n\t\t\t\n\t\t\tclass=\"so-widget-sow-editor so-widget-sow-editor-base\"\n\t\t\t\n\t\t>\n<div class=\"siteorigin-widget-tinymce textwidget\">\n\t<h6>Overview of facts<\/h6>\n<h4 style=\"font-size: 15px;\">Kites have been around since&gt; 1000 years ago and are still used today in different areas of application.<br \/>\nKites for kitesurfing have been manufactured and sold since around the year 2000. The sport is still booming today.<br \/>\nA distinction is made between different forms and construction methods for land and water.<br \/>\nLines and line lengths come in a wide variety of combinations, not all of which make sense.<\/h4>\n<\/div>\n<\/div><\/div><\/div><\/div><div id=\"pg-11971-2\"  class=\"panel-grid panel-no-style\" ><div id=\"pgc-11971-2-0\"  class=\"panel-grid-cell\" ><div id=\"panel-11971-2-0-0\" class=\"so-panel widget widget_sow-accordion panel-first-child panel-last-child\" data-index=\"5\" ><div\n\t\t\t\n\t\t\tclass=\"so-widget-sow-accordion so-widget-sow-accordion-default-9ab81f6899c1-11971\"\n\t\t\t data-max-open-panels=\"0\" data-initial-scroll-panel=\"0\"\n\t\t><div>\n\t<div class=\"sow-accordion\">\n\t\t\t<div class=\"sow-accordion-panel\n\t\t\t\t\t\"\n\t\t\t\tdata-anchor-id=\"different-line-setups-and-safety-systems\">\n\t\t\t\t\t<div class=\"sow-accordion-panel-header-container\" role=\"heading\" aria-level=\"2\">\n\t\t\t\t\t<div class=\"sow-accordion-panel-header\" tabindex=\"0\" role=\"button\" id=\"accordion-label-different-line-setups-and-safety-systems\" aria-controls=\"accordion-content-different-line-setups-and-safety-systems\" aria-expanded=\"false\">\n\t\t\t\t\t\t<div class=\"sow-accordion-title sow-accordion-title-icon-left\">\n\t\t\t\t\t\t\t\t\t\t\t\t\t\tDifferent line setups and safety systems.\t\t\t\t\t\t\t\t\t\t\t\t\t<\/div>\n\t\t\t\t\t\t<div class=\"sow-accordion-open-close-button\">\n\t\t\t\t\t\t\t<div class=\"sow-accordion-open-button\">\n\t\t\t\t\t\t\t\t<span class=\"sow-icon-fontawesome sow-fas\" data-sow-icon=\"&#x2b;\"\n\t\t \n\t\taria-hidden=\"true\"><\/span>\t\t\t\t\t\t\t<\/div>\n\t\t\t\t\t\t\t<div class=\"sow-accordion-close-button\">\n\t\t\t\t\t\t\t\t<span class=\"sow-icon-fontawesome sow-fas\" data-sow-icon=\"&#xf068;\"\n\t\t \n\t\taria-hidden=\"true\"><\/span>\t\t\t\t\t\t\t<\/div>\n\t\t\t\t\t\t<\/div>\n\t\t\t\t\t<\/div>\n\t\t\t\t<\/div>\n\n\t\t\t<div\n\t\t\t\tclass=\"sow-accordion-panel-content\"\n\t\t\t\trole=\"region\"\n\t\t\t\taria-labelledby=\"accordion-label-different-line-setups-and-safety-systems\"\n\t\t\t\tid=\"accordion-content-different-line-setups-and-safety-systems\"\n\t\t\t\tstyle=\"display: none;\"\t\t\t>\n\t\t\t\t<div class=\"sow-accordion-panel-border\">\n\t\t\t\t\t<div id=\"pl-w1cb4f143\"  class=\"panel-layout\" ><div id=\"pg-w1cb4f143-0\"  class=\"panel-grid panel-no-style\" ><div id=\"pgc-w1cb4f143-0-0\"  class=\"panel-grid-cell\" ><div id=\"panel-w1cb4f143-0-0-0\" class=\"so-panel widget widget_sow-editor panel-first-child panel-last-child\" data-index=\"0\" ><div\n\t\t\t\n\t\t\tclass=\"so-widget-sow-editor so-widget-sow-editor-base\"\n\t\t\t\n\t\t>\n<div class=\"siteorigin-widget-tinymce textwidget\">\n\t<p><span class=\"TextRun SCX62543416\" lang=\"EN-US\" xml:lang=\"EN-US\"><span class=\"NormalTextRun SCX62543416\">Auf dem Markt gibt es heute 2-Leiner-, 4- Leiner- und 5-Leiner-Setups. Wir stellen Dir hier kurz die Vor- und Nachteile der unterschiedlichen Leinensetups und die dazugeh\u00f6rigen Sicherheitssysteme vor, diese sind:\u00a0<\/span><\/span><\/p>\n<hr class=\"hr--dotted\" \/>\n<h4>Sicherheitssysteme auf dem Markt:<\/h4>\n<h4 style=\"font-size: 15px;\">Handgelenks-Safety (2-Leiner-Setup) - Auswehen des Kites an einer Steuerleine<br \/>\nDouble-Frontline-Safety, auch Virtuelle 5. oder Mini 5th-Line genannt (4-Leiner-Setup) - Auswehen des Kites an 2 Frontleinen<br \/>\nSingle-Frontline-Safety oder Re-Ride-System (4-Leiner-Setup) - Auswehen des Kites an einer Frontleine<br \/>\n5te Leine (5-Leiner-Setup) - Auswehen des Kites an der 5.-Leine<\/h4>\n<hr class=\"hr--dotted\" \/>\n<\/div>\n<\/div><\/div><\/div><\/div><div id=\"pg-w1cb4f143-1\"  class=\"panel-grid panel-no-style\" ><div id=\"pgc-w1cb4f143-1-0\"  class=\"panel-grid-cell\" ><div id=\"panel-w1cb4f143-1-0-0\" class=\"so-panel widget widget_sow-accordion panel-first-child panel-last-child\" data-index=\"1\" ><div\n\t\t\t\n\t\t\tclass=\"so-widget-sow-accordion so-widget-sow-accordion-default-9ab81f6899c1-11971\"\n\t\t\t data-max-open-panels=\"0\" data-initial-scroll-panel=\"0\"\n\t\t><div>\n\t<div class=\"sow-accordion\">\n\t\t\t<div class=\"sow-accordion-panel\n\t\t\t\t\t\"\n\t\t\t\tdata-anchor-id=\"2-leiner-systeme\">\n\t\t\t\t\t<div class=\"sow-accordion-panel-header-container\" role=\"heading\" aria-level=\"2\">\n\t\t\t\t\t<div class=\"sow-accordion-panel-header\" tabindex=\"0\" role=\"button\" id=\"accordion-label-2-leiner-systeme\" aria-controls=\"accordion-content-2-leiner-systeme\" aria-expanded=\"false\">\n\t\t\t\t\t\t<div class=\"sow-accordion-title sow-accordion-title-icon-left\">\n\t\t\t\t\t\t\t\t\t\t\t\t\t\t2-LEINER-SYSTEME\t\t\t\t\t\t\t\t\t\t\t\t\t<\/div>\n\t\t\t\t\t\t<div class=\"sow-accordion-open-close-button\">\n\t\t\t\t\t\t\t<div class=\"sow-accordion-open-button\">\n\t\t\t\t\t\t\t\t<span class=\"sow-icon-fontawesome sow-fas\" data-sow-icon=\"&#x2b;\"\n\t\t \n\t\taria-hidden=\"true\"><\/span>\t\t\t\t\t\t\t<\/div>\n\t\t\t\t\t\t\t<div class=\"sow-accordion-close-button\">\n\t\t\t\t\t\t\t\t<span class=\"sow-icon-fontawesome sow-fas\" data-sow-icon=\"&#xf068;\"\n\t\t \n\t\taria-hidden=\"true\"><\/span>\t\t\t\t\t\t\t<\/div>\n\t\t\t\t\t\t<\/div>\n\t\t\t\t\t<\/div>\n\t\t\t\t<\/div>\n\n\t\t\t<div\n\t\t\t\tclass=\"sow-accordion-panel-content\"\n\t\t\t\trole=\"region\"\n\t\t\t\taria-labelledby=\"accordion-label-2-leiner-systeme\"\n\t\t\t\tid=\"accordion-content-2-leiner-systeme\"\n\t\t\t\tstyle=\"display: none;\"\t\t\t>\n\t\t\t\t<div class=\"sow-accordion-panel-border\">\n\t\t\t\t\t<p>Werden fast ausschlie\u00dflich bei Lenkdrachen und Trainerkites verwendet. Diese Drachen sind sehr klein, entwickeln aber trotzdem eine beachtliche Kraft, da der Anstellwinkel nicht ver\u00e4ndert werden kann.<\/p>\n<p style=\"text-align: left;\"><span style=\"color: #888888;\"><strong><span class=\"icon-container\"><span class=\"fa fa-check\" style=\"color:#d80019;\"><\/span><\/span>\u00a0 \u00a0Lenkdrachen &amp; Trainerkites<\/strong><\/span><\/p>\n<p style=\"text-align: left;\"><span style=\"color: #888888;\"><strong><span class=\"icon-container\"><span class=\"fa fa-check\" style=\"color:#d80019;\"><\/span><\/span> \u00a0\u00a0Handgelenks-Safety<\/strong><\/span><\/p>\n<p style=\"text-align: left;\"><span style=\"color: #888888;\"><strong><span class=\"icon-container\"><span class=\"fa fa-check\" style=\"color:#d80019;\"><\/span><\/span> \u00a0\u00a0Kein Relaunch, nicht Wasser-tauglich<\/strong><\/span><\/p>\n<p style=\"text-align: left;\"><span style=\"color: #888888;\"><strong><span class=\"icon-container\"><span class=\"fa fa-check\" style=\"color:#d80019;\"><\/span><\/span> \u00a0\u00a0\"nur\" Lenkdrachen, kein Kitesurfen<\/strong><\/span><\/p>\n\t\t\t\t<\/div>\n\t\t\t<\/div>\n\t\t<\/div>\n\t\t<\/div>\n<\/div>\n<\/div><\/div><\/div><div id=\"pgc-w1cb4f143-1-1\"  class=\"panel-grid-cell\" ><div id=\"panel-w1cb4f143-1-1-0\" class=\"so-panel widget widget_sow-accordion panel-first-child panel-last-child\" data-index=\"2\" ><div\n\t\t\t\n\t\t\tclass=\"so-widget-sow-accordion so-widget-sow-accordion-default-9ab81f6899c1-11971\"\n\t\t\t data-max-open-panels=\"0\" data-initial-scroll-panel=\"0\"\n\t\t><div>\n\t<div class=\"sow-accordion\">\n\t\t\t<div class=\"sow-accordion-panel\n\t\t\t\t\t\"\n\t\t\t\tdata-anchor-id=\"4-leiner-systeme\">\n\t\t\t\t\t<div class=\"sow-accordion-panel-header-container\" role=\"heading\" aria-level=\"2\">\n\t\t\t\t\t<div class=\"sow-accordion-panel-header\" tabindex=\"0\" role=\"button\" id=\"accordion-label-4-leiner-systeme\" aria-controls=\"accordion-content-4-leiner-systeme\" aria-expanded=\"false\">\n\t\t\t\t\t\t<div class=\"sow-accordion-title sow-accordion-title-icon-left\">\n\t\t\t\t\t\t\t\t\t\t\t\t\t\t4-LEINER-SYSTEME\t\t\t\t\t\t\t\t\t\t\t\t\t<\/div>\n\t\t\t\t\t\t<div class=\"sow-accordion-open-close-button\">\n\t\t\t\t\t\t\t<div class=\"sow-accordion-open-button\">\n\t\t\t\t\t\t\t\t<span class=\"sow-icon-fontawesome sow-fas\" data-sow-icon=\"&#x2b;\"\n\t\t \n\t\taria-hidden=\"true\"><\/span>\t\t\t\t\t\t\t<\/div>\n\t\t\t\t\t\t\t<div class=\"sow-accordion-close-button\">\n\t\t\t\t\t\t\t\t<span class=\"sow-icon-fontawesome sow-fas\" data-sow-icon=\"&#xf068;\"\n\t\t \n\t\taria-hidden=\"true\"><\/span>\t\t\t\t\t\t\t<\/div>\n\t\t\t\t\t\t<\/div>\n\t\t\t\t\t<\/div>\n\t\t\t\t<\/div>\n\n\t\t\t<div\n\t\t\t\tclass=\"sow-accordion-panel-content\"\n\t\t\t\trole=\"region\"\n\t\t\t\taria-labelledby=\"accordion-label-4-leiner-systeme\"\n\t\t\t\tid=\"accordion-content-4-leiner-systeme\"\n\t\t\t\tstyle=\"display: none;\"\t\t\t>\n\t\t\t\t<div class=\"sow-accordion-panel-border\">\n\t\t\t\t\t<p>Verwendung bei Tube- und Softkites sowie Powerkites. Ver\u00e4nderung des Anstellwinkels m\u00f6glich, daher ist die Leistung des Kites dosierbar. Safety-Systeme sind Double-Frontline-Safety\/Virtuelle 5te\/Mini-5th-Line (Achtung, funktioniert nicht immer!) und Single-Frontline-Safety (unserer Meinung nach das Sicherheitssystem der Wahl).<\/p>\n<p style=\"text-align: left;\"><span style=\"color: #888888;\"><strong><span class=\"icon-container\"><span class=\"fa fa-check\" style=\"color:#d80019;\"><\/span><\/span>\u00a0 \u00a0Verwendung auf Land und im Wasser m\u00f6glich<\/strong><\/span><\/p>\n<p style=\"text-align: left;\"><span style=\"color: #888888;\"><strong><span class=\"icon-container\"><span class=\"fa fa-check\" style=\"color:#d80019;\"><\/span><\/span> \u00a0\u00a0Je nach Safety-System sehr gutes Ausl\u00f6severhalten<\/strong><\/span><\/p>\n<p style=\"text-align: left;\"><span style=\"color: #888888;\"><strong><span class=\"icon-container\"><span class=\"fa fa-check\" style=\"color:#d80019;\"><\/span><\/span> \u00a0\u00a0Depower durch Ver\u00e4nderung des Anstellwinkels<\/strong><\/span><\/p>\n<p style=\"text-align: left;\"><span style=\"color: #888888;\"><strong><span class=\"icon-container\"><span class=\"fa fa-check\" style=\"color:#d80019;\"><\/span><\/span> \u00a0\u00a0Werden bei Tube- und Softkites verwendet<\/strong><\/span><\/p>\n\t\t\t\t<\/div>\n\t\t\t<\/div>\n\t\t<\/div>\n\t\t<\/div>\n<\/div>\n<\/div><\/div><\/div><div id=\"pgc-w1cb4f143-1-2\"  class=\"panel-grid-cell\" ><div id=\"panel-w1cb4f143-1-2-0\" class=\"so-panel widget widget_sow-accordion panel-first-child panel-last-child\" data-index=\"3\" ><div\n\t\t\t\n\t\t\tclass=\"so-widget-sow-accordion so-widget-sow-accordion-default-9ab81f6899c1-11971\"\n\t\t\t data-max-open-panels=\"0\" data-initial-scroll-panel=\"0\"\n\t\t><div>\n\t<div class=\"sow-accordion\">\n\t\t\t<div class=\"sow-accordion-panel\n\t\t\t\t\t\"\n\t\t\t\tdata-anchor-id=\"5-leiner-systeme\">\n\t\t\t\t\t<div class=\"sow-accordion-panel-header-container\" role=\"heading\" aria-level=\"2\">\n\t\t\t\t\t<div class=\"sow-accordion-panel-header\" tabindex=\"0\" role=\"button\" id=\"accordion-label-5-leiner-systeme\" aria-controls=\"accordion-content-5-leiner-systeme\" aria-expanded=\"false\">\n\t\t\t\t\t\t<div class=\"sow-accordion-title sow-accordion-title-icon-left\">\n\t\t\t\t\t\t\t\t\t\t\t\t\t\t5-LEINER-SYSTEME\t\t\t\t\t\t\t\t\t\t\t\t\t<\/div>\n\t\t\t\t\t\t<div class=\"sow-accordion-open-close-button\">\n\t\t\t\t\t\t\t<div class=\"sow-accordion-open-button\">\n\t\t\t\t\t\t\t\t<span class=\"sow-icon-fontawesome sow-fas\" data-sow-icon=\"&#x2b;\"\n\t\t \n\t\taria-hidden=\"true\"><\/span>\t\t\t\t\t\t\t<\/div>\n\t\t\t\t\t\t\t<div class=\"sow-accordion-close-button\">\n\t\t\t\t\t\t\t\t<span class=\"sow-icon-fontawesome sow-fas\" data-sow-icon=\"&#xf068;\"\n\t\t \n\t\taria-hidden=\"true\"><\/span>\t\t\t\t\t\t\t<\/div>\n\t\t\t\t\t\t<\/div>\n\t\t\t\t\t<\/div>\n\t\t\t\t<\/div>\n\n\t\t\t<div\n\t\t\t\tclass=\"sow-accordion-panel-content\"\n\t\t\t\trole=\"region\"\n\t\t\t\taria-labelledby=\"accordion-label-5-leiner-systeme\"\n\t\t\t\tid=\"accordion-content-5-leiner-systeme\"\n\t\t\t\tstyle=\"display: none;\"\t\t\t>\n\t\t\t\t<div class=\"sow-accordion-panel-border\">\n\t\t\t\t\t<p style=\"text-align: left;\">Die 5te Leine gibt es inzwischen seit \u00fcber 15 Jahren - urspr\u00fcnglich als Relaunch-Hilfe bei wenig Wind eingesetzt, gibt diese Leine den aktuellen 5-Leiner-Kites zus\u00e4tzliche Stabilit\u00e4t. Trotz der Vorteile (drucklos beim Ausl\u00f6sen, funktioniert immer) birgt das System auch einige Nachteile (Zerschneiden des Kites, erschwerte Selbstrettung, Verlust der Lenkf\u00e4higkeit bei Invertierung).<\/p>\n<p style=\"text-align: left;\"><span style=\"color: #888888;\"><strong><span class=\"icon-container\"><span class=\"fa fa-check\" style=\"color:#d80019;\"><\/span><\/span> \u00a0\u00a0L\u00f6st immer aus, Kite drucklos<\/strong><\/span><\/p>\n<p style=\"text-align: left;\"><span style=\"color: #888888;\"><strong><span class=\"icon-container\"><span class=\"fa fa-check\" style=\"color:#d80019;\"><\/span><\/span>\u00a0 \u00a0Relaunch meist schwieriger bei 5-Leiner-Kites<\/strong><\/span><\/p>\n<p style=\"text-align: left;\"><span style=\"color: #888888;\"><strong><span class=\"icon-container\"><span class=\"fa fa-check\" style=\"color:#d80019;\"><\/span><\/span> \u00a0\u00a0Invertiert der Kite, kann die 5. Leine den Kite zerschneiden<\/strong><\/span><\/p>\n<p style=\"text-align: left;\"><span style=\"color: #888888;\"><strong><span class=\"icon-container\"><span class=\"fa fa-check\" style=\"color:#d80019;\"><\/span><\/span> \u00a0\u00a0Eine zus\u00e4tzliche Leine erschwert die Selbstrettung<\/strong><\/span><\/p>\n\t\t\t\t<\/div>\n\t\t\t<\/div>\n\t\t<\/div>\n\t\t<\/div>\n<\/div>\n<\/div><\/div><\/div><\/div><\/div>\t\t\t\t<\/div>\n\t\t\t<\/div>\n\t\t<\/div>\n\t\t<\/div>\n<\/div>\n<\/div><\/div><\/div><\/div><div id=\"pg-11971-3\"  class=\"panel-grid panel-no-style\" ><div id=\"pgc-11971-3-0\"  class=\"panel-grid-cell\" ><div id=\"panel-11971-3-0-0\" class=\"so-panel widget widget_sow-editor panel-first-child\" data-index=\"6\" ><div\n\t\t\t\n\t\t\tclass=\"so-widget-sow-editor so-widget-sow-editor-base\"\n\t\t\t\n\t\t>\n<div class=\"siteorigin-widget-tinymce textwidget\">\n\t<h2 style=\"font-weight: 300;\">Kitesurfing today.<\/h2>\n<p><span class=\"TextRun SCX58062243\" lang=\"EN-US\" xml:lang=\"EN-US\"><span class=\"NormalTextRun SCX58062243\">In the meantime, the sport has more or less developed from an extreme sport for the daring into a popular sport. The current material is forgiving of mistakes, has immense depower and the safety systems (see above) almost always work. Nevertheless, sport and the use of sports equipment carry a residual risk - particularly in the case of improper use or trial and error, fatal accidents are not uncommon. <\/span><\/span><\/p>\n<p><span class=\"TextRun SCX58062243\" lang=\"EN-US\" xml:lang=\"EN-US\"><span class=\"NormalTextRun SCX58062243\">Despite all the marketing promises made by various manufacturers, we therefore recommend that you visit a qualified and licensed IKO school or IKO center to learn the sport of kitesurfing. The courses follow a high standard in terms of material and training and thus guarantee rapid learning success. Especially when it comes to kitesurfing, the old wisdom still applies today: if you buy cheap, you usually buy twice - and that doesn't just apply to equipment \ud83d\ude09<\/span><\/span><\/p>\n<h6 style=\"font-size: 15px;\"><\/h6>\n<\/div>\n<\/div><\/div><div id=\"panel-11971-3-0-1\" class=\"so-panel widget widget_sow-button panel-last-child\" data-index=\"7\" ><div\n\t\t\t\n\t\t\tclass=\"so-widget-sow-button so-widget-sow-button-atom-857739567c6a-11971\"\n\t\t\t\n\t\t><div class=\"ow-button-base ow-button-align-center\"\n>\n\t\t\t<a\n\t\t\t\t\thref=\"\"\n\t\t\t\t\tclass=\"sowb-button ow-icon-placement-left ow-button-hover\" \t>\n\t\t<span>\n\t\t\t<span class=\"sow-icon-fontawesome sow-fas\" data-sow-icon=\"&#xf101;\"\n\t\tstyle=\"\" \n\t\taria-hidden=\"true\"><\/span>\n\t\t\tTo our kite courses\t\t<\/span>\n\t\t\t<\/a>\n\t<\/div>\n<\/div><\/div><\/div><div id=\"pgc-11971-3-1\"  class=\"panel-grid-cell\" ><div id=\"panel-11971-3-1-0\" class=\"so-panel widget widget_sow-editor panel-first-child panel-last-child\" data-index=\"8\" ><div\n\t\t\t\n\t\t\tclass=\"so-widget-sow-editor so-widget-sow-editor-base\"\n\t\t\t\n\t\t>\n<div class=\"siteorigin-widget-tinymce textwidget\">\n\t<p><img decoding=\"async\" class=\"alignnone size-full wp-image-3434\" src=\"http:\/wp-content\/uploads\/2019\/01\/aegypten_864_18.jpg\" alt=\"\" width=\"864\" height=\"486\" srcset=\"https:\/\/kitesafe.de\/wp-content\/uploads\/2019\/01\/aegypten_864_18.jpg 864w, https:\/\/kitesafe.de\/wp-content\/uploads\/2019\/01\/aegypten_864_18-300x169.jpg 300w, https:\/\/kitesafe.de\/wp-content\/uploads\/2019\/01\/aegypten_864_18-768x432.jpg 768w, https:\/\/kitesafe.de\/wp-content\/uploads\/2019\/01\/aegypten_864_18-540x304.jpg 540w, https:\/\/kitesafe.de\/wp-content\/uploads\/2019\/01\/aegypten_864_18-352x198.jpg 352w, https:\/\/kitesafe.de\/wp-content\/uploads\/2019\/01\/aegypten_864_18-360x204.jpg 360w, https:\/\/kitesafe.de\/wp-content\/uploads\/2019\/01\/aegypten_864_18-600x338.jpg 600w\" sizes=\"(max-width: 864px) 100vw, 864px\" title=\"\"><\/p>\n<p><img decoding=\"async\" class=\"alignnone size-full wp-image-3432\" src=\"http:\/wp-content\/uploads\/2019\/01\/aegypten_864_16.jpg\" alt=\"\" width=\"864\" height=\"486\" srcset=\"https:\/\/kitesafe.de\/wp-content\/uploads\/2019\/01\/aegypten_864_16.jpg 864w, https:\/\/kitesafe.de\/wp-content\/uploads\/2019\/01\/aegypten_864_16-300x169.jpg 300w, https:\/\/kitesafe.de\/wp-content\/uploads\/2019\/01\/aegypten_864_16-768x432.jpg 768w, https:\/\/kitesafe.de\/wp-content\/uploads\/2019\/01\/aegypten_864_16-540x304.jpg 540w, https:\/\/kitesafe.de\/wp-content\/uploads\/2019\/01\/aegypten_864_16-352x198.jpg 352w, https:\/\/kitesafe.de\/wp-content\/uploads\/2019\/01\/aegypten_864_16-360x204.jpg 360w, https:\/\/kitesafe.de\/wp-content\/uploads\/2019\/01\/aegypten_864_16-600x338.jpg 600w\" sizes=\"(max-width: 864px) 100vw, 864px\" title=\"\"><\/p>\n<\/div>\n<\/div><\/div><\/div><\/div><\/div><\/div>","protected":false},"excerpt":{"rendered":"<p>From Asian junks tug kites to sports equipment. Well over 1000 years ago, kites were used in Asia to move junks faster using wind power. Much has happened in the meantime, nowadays there are kites for all sorts of purposes, including to generate wind energy (aircraft wind power plant), as support for boat propulsion (skysails), &hellip;<\/p>\n","protected":false},"author":1,"featured_media":0,"parent":11909,"menu_order":0,"comment_status":"closed","ping_status":"closed","template":"","meta":{"_acf_changed":false,"ngg_post_thumbnail":0,"footnotes":""},"class_list":["post-11971","page","type-page","status-publish","hentry","clearfix"],"acf":[],"_links":{"self":[{"href":"https:\/\/kitesafe.de\/en\/wp-json\/wp\/v2\/pages\/11971","targetHints":{"allow":["GET"]}}],"collection":[{"href":"https:\/\/kitesafe.de\/en\/wp-json\/wp\/v2\/pages"}],"about":[{"href":"https:\/\/kitesafe.de\/en\/wp-json\/wp\/v2\/types\/page"}],"author":[{"embeddable":true,"href":"https:\/\/kitesafe.de\/en\/wp-json\/wp\/v2\/users\/1"}],"replies":[{"embeddable":true,"href":"https:\/\/kitesafe.de\/en\/wp-json\/wp\/v2\/comments?post=11971"}],"version-history":[{"count":1,"href":"https:\/\/kitesafe.de\/en\/wp-json\/wp\/v2\/pages\/11971\/revisions"}],"predecessor-version":[{"id":11974,"href":"https:\/\/kitesafe.de\/en\/wp-json\/wp\/v2\/pages\/11971\/revisions\/11974"}],"up":[{"embeddable":true,"href":"https:\/\/kitesafe.de\/en\/wp-json\/wp\/v2\/pages\/11909"}],"wp:attachment":[{"href":"https:\/\/kitesafe.de\/en\/wp-json\/wp\/v2\/media?parent=11971"}],"curies":[{"name":"wp","href":"https:\/\/api.w.org\/{rel}","templated":true}]}}