{"id":11930,"date":"2022-01-08T12:25:44","date_gmt":"2022-01-08T11:25:44","guid":{"rendered":"https:\/\/kitesafe.de\/kite-surfing\/kite-instructor-training\/medic-first-aid-course\/"},"modified":"2022-04-08T21:12:19","modified_gmt":"2022-04-08T19:12:19","slug":"medic-first-aid-course","status":"publish","type":"page","link":"https:\/\/kitesafe.de\/en\/kite-surfing\/kite-instructor-training\/medic-first-aid-course\/","title":{"rendered":"Medic First Aid course"},"content":{"rendered":"<div id=\"modal-ready\"><div id=\"pl-11930\"  class=\"panel-layout\" ><div id=\"pg-11930-0\"  class=\"panel-grid panel-no-style\" ><div id=\"pgc-11930-0-0\"  class=\"panel-grid-cell\" ><div id=\"panel-11930-0-0-0\" class=\"so-panel widget widget_sow-editor panel-first-child panel-last-child\" data-index=\"0\" ><div\n\t\t\t\n\t\t\tclass=\"so-widget-sow-editor so-widget-sow-editor-base\"\n\t\t\t\n\t\t><h3 class=\"widget-title\"><span class=\"widget-title__inline\">MEDIC FIRST AID \/ FIRST AID COURSE - MFA<\/span><\/h3>\n<div class=\"siteorigin-widget-tinymce textwidget\">\n\t<\/div>\n<\/div><\/div><\/div><\/div><div id=\"pg-11930-1\"  class=\"panel-grid panel-no-style\" ><div id=\"pgc-11930-1-0\"  class=\"panel-grid-cell\" ><div id=\"panel-11930-1-0-0\" class=\"so-panel widget widget_sow-editor panel-first-child panel-last-child\" data-index=\"1\" ><div\n\t\t\t\n\t\t\tclass=\"so-widget-sow-editor so-widget-sow-editor-base\"\n\t\t\t\n\t\t>\n<div class=\"siteorigin-widget-tinymce textwidget\">\n\t<p>The subject of \"first aid\" is a sensitive issue for most people - the last course was usually many years ago. And yet we encounter situations every day in which first aid may be necessary. If your last first aid course was more than two years ago, you should think about a refresher! As an athlete, as a kite instructor and also in our free time, we encounter situations in which the knowledge of a first aider can literally save lives. A current first aid certificate is therefore also a prerequisite for participation in <a href=\"https:\/\/kitesafe.de\/en\/kite-surfing\/kite-instructor-training\/assistant-training-course-atc\/\">ATC<\/a> , <a href=\"https:\/\/kitesafe.de\/en\/kite-surfing\/kite-instructor-training\/instructor-equivalency-course-iec\/\">IEC<\/a> and <a href=\"https:\/\/kitesafe.de\/en\/kite-surfing\/kite-instructor-training\/instructor-training-course-itc\/\">ITC<\/a> . If you want to bring your knowledge up to date, our first aid course is just right - in just one day we provide you with all the knowledge in a compact, video-supported course to bring you up to date with first aid - Of course, including a digital manual and first aid certificate.<\/p>\n<div id=\"pgc-4424-0-1\" class=\"panel-grid-cell\">\n<div id=\"panel-4424-0-1-0\" class=\"so-panel widget widget_sow-editor panel-first-child panel-last-child\" data-index=\"3\">\n<div class=\"so-widget-sow-editor so-widget-sow-editor-base\">\n<div class=\"siteorigin-widget-tinymce textwidget\">&nbsp;<\/div>\n<\/div>\n<\/div>\n<\/div>\n<\/div>\n<\/div><\/div><\/div><div id=\"pgc-11930-1-1\"  class=\"panel-grid-cell\" ><div id=\"panel-11930-1-1-0\" class=\"so-panel widget widget_sow-editor panel-first-child\" data-index=\"2\" ><div\n\t\t\t\n\t\t\tclass=\"so-widget-sow-editor so-widget-sow-editor-base\"\n\t\t\t\n\t\t>\n<div class=\"siteorigin-widget-tinymce textwidget\">\n\t<p><span class=\"icon-container\"><span class=\"fa fa-star-o fa-2x\" style=\"color:#dddddd;\"><\/span><\/span> 1 day course<\/p>\n<\/div>\n<\/div><\/div><div id=\"panel-11930-1-1-1\" class=\"so-panel widget widget_sow-editor panel-last-child\" data-index=\"3\" ><div\n\t\t\t\n\t\t\tclass=\"so-widget-sow-editor so-widget-sow-editor-base\"\n\t\t\t\n\t\t>\n<div class=\"siteorigin-widget-tinymce textwidget\">\n\t<p><span class=\"icon-container\"><span class=\"fa fa-certificate fa-2x\" style=\"color:#dddddd;\"><\/span><\/span> Certificate &amp; manual included<\/p>\n<\/div>\n<\/div><\/div><\/div><div id=\"pgc-11930-1-2\"  class=\"panel-grid-cell\" ><div id=\"panel-11930-1-2-0\" class=\"so-panel widget widget_sow-editor panel-first-child\" data-index=\"4\" ><div\n\t\t\t\n\t\t\tclass=\"so-widget-sow-editor so-widget-sow-editor-base\"\n\t\t\t\n\t\t>\n<div class=\"siteorigin-widget-tinymce textwidget\">\n\t<p><span class=\"icon-container\"><span class=\"fa fa-user-times fa-2x\" style=\"color:#dddddd;\"><\/span><\/span> from 16 years<\/p>\n<\/div>\n<\/div><\/div><div id=\"panel-11930-1-2-1\" class=\"so-panel widget widget_sow-editor panel-last-child\" data-index=\"5\" ><div\n\t\t\t\n\t\t\tclass=\"so-widget-sow-editor so-widget-sow-editor-base\"\n\t\t\t\n\t\t>\n<div class=\"siteorigin-widget-tinymce textwidget\">\n\t<p><span class=\"icon-container\"><span class=\"fa fa-language fa-2x\" style=\"color:#dddddd;\"><\/span><\/span> Course language German<\/p>\n<\/div>\n<\/div><\/div><\/div><\/div><div id=\"pg-11930-2\"  class=\"panel-grid panel-no-style\" ><div id=\"pgc-11930-2-0\"  class=\"panel-grid-cell\" ><div id=\"panel-11930-2-0-0\" class=\"so-panel widget widget_sow-editor panel-first-child panel-last-child\" data-index=\"6\" ><div\n\t\t\t\n\t\t\tclass=\"so-widget-sow-editor so-widget-sow-editor-base\"\n\t\t\t\n\t\t>\n<div class=\"siteorigin-widget-tinymce textwidget\">\n\t<p><a href=\"https:\/\/kitesafe.de\/wp-content\/uploads\/2019\/01\/mfa4.jpg\"><img decoding=\"async\" class=\"alignnone wp-image-4415 size-full\" src=\"https:\/\/kitesafe.de\/wp-content\/uploads\/2019\/01\/mfa4.jpg\" alt=\"Erste Hilfe Dummy\" width=\"864\" height=\"486\" srcset=\"https:\/\/kitesafe.de\/wp-content\/uploads\/2019\/01\/mfa4.jpg 864w, https:\/\/kitesafe.de\/wp-content\/uploads\/2019\/01\/mfa4-300x169.jpg 300w, https:\/\/kitesafe.de\/wp-content\/uploads\/2019\/01\/mfa4-768x432.jpg 768w, https:\/\/kitesafe.de\/wp-content\/uploads\/2019\/01\/mfa4-540x304.jpg 540w, https:\/\/kitesafe.de\/wp-content\/uploads\/2019\/01\/mfa4-352x198.jpg 352w, https:\/\/kitesafe.de\/wp-content\/uploads\/2019\/01\/mfa4-360x204.jpg 360w, https:\/\/kitesafe.de\/wp-content\/uploads\/2019\/01\/mfa4-600x338.jpg 600w\" sizes=\"(max-width: 864px) 100vw, 864px\" title=\"\"><\/a><\/p>\n<\/div>\n<\/div><\/div><\/div><div id=\"pgc-11930-2-1\"  class=\"panel-grid-cell\" ><div id=\"panel-11930-2-1-0\" class=\"so-panel widget widget_sow-editor panel-first-child panel-last-child\" data-index=\"7\" ><div\n\t\t\t\n\t\t\tclass=\"so-widget-sow-editor so-widget-sow-editor-base\"\n\t\t\t\n\t\t>\n<div class=\"siteorigin-widget-tinymce textwidget\">\n\t<p><a href=\"https:\/\/kitesafe.de\/wp-content\/uploads\/2019\/01\/mfa3.jpg\"><img decoding=\"async\" class=\"alignnone wp-image-4414 size-full\" src=\"https:\/\/kitesafe.de\/wp-content\/uploads\/2019\/01\/mfa3.jpg\" alt=\"\" width=\"864\" height=\"486\" srcset=\"https:\/\/kitesafe.de\/wp-content\/uploads\/2019\/01\/mfa3.jpg 864w, https:\/\/kitesafe.de\/wp-content\/uploads\/2019\/01\/mfa3-300x169.jpg 300w, https:\/\/kitesafe.de\/wp-content\/uploads\/2019\/01\/mfa3-768x432.jpg 768w, https:\/\/kitesafe.de\/wp-content\/uploads\/2019\/01\/mfa3-540x304.jpg 540w, https:\/\/kitesafe.de\/wp-content\/uploads\/2019\/01\/mfa3-352x198.jpg 352w, https:\/\/kitesafe.de\/wp-content\/uploads\/2019\/01\/mfa3-360x204.jpg 360w, https:\/\/kitesafe.de\/wp-content\/uploads\/2019\/01\/mfa3-600x338.jpg 600w\" sizes=\"(max-width: 864px) 100vw, 864px\" title=\"\"><\/a><\/p>\n<\/div>\n<\/div><\/div><\/div><\/div><div id=\"pg-11930-3\"  class=\"panel-grid panel-no-style\" ><div id=\"pgc-11930-3-0\"  class=\"panel-grid-cell\" ><div id=\"panel-11930-3-0-0\" class=\"so-panel widget widget_pw_accordion widget-accordion panel-first-child panel-last-child\" data-index=\"8\" ><h3 class=\"widget-title\"><span class=\"widget-title__inline\">H\u00c4UFIGE FRAGEN ZUM ERSTE-HILFE-KURS <\/span><\/h3>\t<div class=\"accordion panel-group\" id=\"accordion-widget-3-0-0\" role=\"tablist\" aria-multiselectable=\"true\">\n\t\t\t<div class=\"accordion__panel  panel  panel-default\">\n\t\t\t<div class=\"accordion__heading  panel-heading\" role=\"tab\" id=\"heading-widget-3-0-0-1\">\n\t\t\t\t<h4 class=\"panel-title\">\n\t\t\t\t\t<a class=\"collapsed\" role=\"button\" data-toggle=\"collapse\" data-parent=\"#accordion-widget-3-0-0\" href=\"#collapse-widget-3-0-0-1\" aria-expanded=\"false\" aria-controls=\"collapse-widget-3-0-0-1\">\n\t\t\t\t\t\tWas ist das Mindestalter f\u00fcr die Teilnahme an eurem Erste-Hilfe-Kurs?\t\t\t\t\t<\/a>\n\t\t\t\t<\/h4>\n\t\t\t<\/div>\n\t\t\t<div id=\"collapse-widget-3-0-0-1\" class=\"accordion__content  panel-collapse  collapse\" role=\"tabpanel\" aria-labelledby=\"heading-widget-3-0-0-1\">\n\t\t\t\t<div class=\"panel-body\">\n\t\t\t\t\tDie Teilnahme ist ab 16 Jahren m\u00f6glich.\t\t\t\t<\/div>\n\t\t\t<\/div>\n\t\t<\/div>\n\t\t\t<div class=\"accordion__panel  panel  panel-default\">\n\t\t\t<div class=\"accordion__heading  panel-heading\" role=\"tab\" id=\"heading-widget-3-0-0-2\">\n\t\t\t\t<h4 class=\"panel-title\">\n\t\t\t\t\t<a class=\"collapsed\" role=\"button\" data-toggle=\"collapse\" data-parent=\"#accordion-widget-3-0-0\" href=\"#collapse-widget-3-0-0-2\" aria-expanded=\"false\" aria-controls=\"collapse-widget-3-0-0-2\">\n\t\t\t\t\t\tIch habe meinen Erste-Hilfe-Kurs erst vor 3 Jahren gemacht, kann ich mich damit zum ATC\/ITC\/IEC anmelden?\t\t\t\t\t<\/a>\n\t\t\t\t<\/h4>\n\t\t\t<\/div>\n\t\t\t<div id=\"collapse-widget-3-0-0-2\" class=\"accordion__content  panel-collapse  collapse\" role=\"tabpanel\" aria-labelledby=\"heading-widget-3-0-0-2\">\n\t\t\t\t<div class=\"panel-body\">\n\t\t\t\t\tNein. F\u00fcr unsere IKO-Pro-Trainings darf der Erste-Hilfe-Schein nicht \u00e4lter als 2 Jahre alt sein. Liegt der Kurs l\u00e4nger zur\u00fcck, musst Du bis zum Pro-Training einen weiteren Erste-Hilfe-Kurs besuchen. \t\t\t\t<\/div>\n\t\t\t<\/div>\n\t\t<\/div>\n\t\t\t<div class=\"accordion__panel  panel  panel-default\">\n\t\t\t<div class=\"accordion__heading  panel-heading\" role=\"tab\" id=\"heading-widget-3-0-0-3\">\n\t\t\t\t<h4 class=\"panel-title\">\n\t\t\t\t\t<a class=\"collapsed\" role=\"button\" data-toggle=\"collapse\" data-parent=\"#accordion-widget-3-0-0\" href=\"#collapse-widget-3-0-0-3\" aria-expanded=\"false\" aria-controls=\"collapse-widget-3-0-0-3\">\n\t\t\t\t\t\tIch habe online einen Erste-Hilfe-Kurs gemacht, reicht das?\t\t\t\t\t<\/a>\n\t\t\t\t<\/h4>\n\t\t\t<\/div>\n\t\t\t<div id=\"collapse-widget-3-0-0-3\" class=\"accordion__content  panel-collapse  collapse\" role=\"tabpanel\" aria-labelledby=\"heading-widget-3-0-0-3\">\n\t\t\t\t<div class=\"panel-body\">\n\t\t\t\t\tLeider nein. Du musst w\u00e4hrend Deinem Kurs zeigen, dass Du Herz-Lungen-Wiederbelebung sowie weitere Techniken in der Praxis beherrschst. Das geht online noch nicht.\t\t\t\t<\/div>\n\t\t\t<\/div>\n\t\t<\/div>\n\t\t\t<div class=\"accordion__panel  panel  panel-default\">\n\t\t\t<div class=\"accordion__heading  panel-heading\" role=\"tab\" id=\"heading-widget-3-0-0-4\">\n\t\t\t\t<h4 class=\"panel-title\">\n\t\t\t\t\t<a class=\"collapsed\" role=\"button\" data-toggle=\"collapse\" data-parent=\"#accordion-widget-3-0-0\" href=\"#collapse-widget-3-0-0-4\" aria-expanded=\"false\" aria-controls=\"collapse-widget-3-0-0-4\">\n\t\t\t\t\t\tWas muss ich sonst noch zum Kurs mitbringen?\t\t\t\t\t<\/a>\n\t\t\t\t<\/h4>\n\t\t\t<\/div>\n\t\t\t<div id=\"collapse-widget-3-0-0-4\" class=\"accordion__content  panel-collapse  collapse\" role=\"tabpanel\" aria-labelledby=\"heading-widget-3-0-0-4\">\n\t\t\t\t<div class=\"panel-body\">\n\t\t\t\t\tDu ben\u00f6tigst f\u00fcr den Erste-Hilfe-Kurs keinerlei weitere Ausr\u00fcstung. \t\t\t\t<\/div>\n\t\t\t<\/div>\n\t\t<\/div>\n\t\t\t<div class=\"accordion__panel  panel  panel-default\">\n\t\t\t<div class=\"accordion__heading  panel-heading\" role=\"tab\" id=\"heading-widget-3-0-0-5\">\n\t\t\t\t<h4 class=\"panel-title\">\n\t\t\t\t\t<a class=\"collapsed\" role=\"button\" data-toggle=\"collapse\" data-parent=\"#accordion-widget-3-0-0\" href=\"#collapse-widget-3-0-0-5\" aria-expanded=\"false\" aria-controls=\"collapse-widget-3-0-0-5\">\n\t\t\t\t\t\tWas bedeutet \"videounterst\u00fctzt\"?\t\t\t\t\t<\/a>\n\t\t\t\t<\/h4>\n\t\t\t<\/div>\n\t\t\t<div id=\"collapse-widget-3-0-0-5\" class=\"accordion__content  panel-collapse  collapse\" role=\"tabpanel\" aria-labelledby=\"heading-widget-3-0-0-5\">\n\t\t\t\t<div class=\"panel-body\">\n\t\t\t\t\tUnser Kurs basiert auf einem Video-Training des HSI. Der Kurs ist auf englisch, allerdings sehr leicht verst\u00e4ndlich. Bei Fragen helfen wir Dir sofort bei der \u00dcbersetzung. \t\t\t\t<\/div>\n\t\t\t<\/div>\n\t\t<\/div>\n\t\t\t<\/div>\n\n<\/div><\/div><\/div><div id=\"pg-11930-4\"  class=\"panel-grid panel-no-style\" ><div id=\"pgc-11930-4-0\"  class=\"panel-grid-cell\" ><div id=\"panel-11930-4-0-0\" class=\"so-panel widget widget_pw_pricing_list widget-pricing-list panel-first-child panel-last-child\" data-index=\"9\" >\n\t<div class=\"pricing-list\">\n\t\t\t\t\t<div class=\"pricing-list__widget-title\">\n\t\t\t\t<h3 class=\"widget-title\"><span class=\"widget-title__inline\">MFA GEB\u00dcHREN<\/span><\/h3>\t\t\t<\/div>\n\t\t\t\t\t\t\t<div class=\"pricing-list__item\">\n\t\t\t\t\t\t\t\t<span class=\"pricing-list__title\">Kursgeb\u00fchr MFA<\/span>\n\t\t\t\t<span class=\"pricing-list__line\"><\/span>\n\t\t\t\t<span class=\"pricing-list__price\">80\u20ac<\/span>\n\t\t\t\t\t\t\t\t\t<p class=\"pricing-list__description\">\n\t\t\t\t\t\tIm Kurspreis sind ein digitales Kurshandbuch sowie der Erste-Hilfe-Schein bereits enthalten.\t\t\t\t\t<\/p>\n\t\t\t\t\t\t\t<\/div>\n\t\t\t\t\t<div class=\"pricing-list__item\">\n\t\t\t\t\t\t\t\t\t<span class=\"pricing-list__badge\">EMPFEHLUNG<\/span>\n\t\t\t\t\t\t\t\t<span class=\"pricing-list__title\">IKO-Komplettpaket (ATC\/ITC\/MFA)<\/span>\n\t\t\t\t<span class=\"pricing-list__line\"><\/span>\n\t\t\t\t<span class=\"pricing-list__price\">1529\u20ac<\/span>\n\t\t\t\t\t\t\t\t\t<p class=\"pricing-list__description\">\n\t\t\t\t\t\tDu bist Dir sicher, dass Du als Kitelehrer arbeiten willst und die komplette Ausbildung angehen m\u00f6chtest? Dann ist das Komplettpaket die richtige Entscheidung - alle 3 Kurse (Assistant Training Course, Instructor Training Course, Medic First Aid) zum Sparpreis gegen\u00fcber den Einzelpreisen!\t\t\t\t\t<\/p>\n\t\t\t\t\t\t\t<\/div>\n\t\t\t\t\t<div class=\"pricing-list__item\">\n\t\t\t\t\t\t\t\t<span class=\"pricing-list__title\">IKO-Komplettpaket (ATC\/ITC\/MFA) inkl. Materialmiete<\/span>\n\t\t\t\t<span class=\"pricing-list__line\"><\/span>\n\t\t\t\t<span class=\"pricing-list__price\">1669\u20ac<\/span>\n\t\t\t\t\t\t\t\t\t<p class=\"pricing-list__description\">\n\t\t\t\t\t\tWenn Du alle 3 Kurse machen willst und kein Material hast\/mitbringen willst, haben wir auch daf\u00fcr ein Paket: auch hier bekommst Du alle 3 Kurse (Assistant Training Course, Instructor Training Course, Medic First Aid) und obendrauf noch Materialmiete (Kite\/Bar\/Board) f\u00fcr 2 Wochen - zum Sparpreis gegen\u00fcber den Einzelpreisen!\t\t\t\t\t<\/p>\n\t\t\t\t\t\t\t<\/div>\n\t\t\t<\/div>\n\n<\/div><\/div><div id=\"pgc-11930-4-1\"  class=\"panel-grid-cell\" ><div id=\"panel-11930-4-1-0\" class=\"so-panel widget widget_pw_pricing_list widget-pricing-list panel-first-child panel-last-child\" data-index=\"10\" >\n\t<div class=\"pricing-list\">\n\t\t\t\t\t<div class=\"pricing-list__widget-title\">\n\t\t\t\t<h3 class=\"widget-title\"><span class=\"widget-title__inline\">UNTERKUNFT<\/span><\/h3>\t\t\t<\/div>\n\t\t\t\t\t\t\t<div class=\"pricing-list__item\">\n\t\t\t\t\t\t\t\t<span class=\"pricing-list__title\"><\/span>\n\t\t\t\t<span class=\"pricing-list__line\"><\/span>\n\t\t\t\t<span class=\"pricing-list__price\"><\/span>\n\t\t\t\t\t\t\t\t\t<p class=\"pricing-list__description\">\n\t\t\t\t\t\tDirekt an unserer Station gibt es keine \u00dcbernachtungsm\u00f6glichkeiten - gl\u00fccklicherweise befinden wir uns auf einem Campingplatz und sowohl Stellpl\u00e4tze als auch die Zeltwiese sind nur wenige Minuten Fu\u00dfweg von uns entfernt. Au\u00dferdem gibt es noch Mobilheime und eine Pension in der N\u00e4he - die Links zu den einzelnen Anbietern findest Du hier:\t\t\t\t\t<\/p>\n\t\t\t\t\t\t\t<\/div>\n\t\t\t\t\t<div class=\"pricing-list__item\">\n\t\t\t\t\t\t\t\t\t<span class=\"pricing-list__badge\">Tipp<\/span>\n\t\t\t\t\t\t\t\t<span class=\"pricing-list__title\">Campingplatz<\/span>\n\t\t\t\t<span class=\"pricing-list__line\"><\/span>\n\t\t\t\t<span class=\"pricing-list__price\">ab 10\u20ac\/Nacht<\/span>\n\t\t\t\t\t\t\t\t\t<p class=\"pricing-list__description\">\n\t\t\t\t\t\t\u00dcbernachten im Zelt\/Bus\/Wohnwagen\/Appartment auf dem <a href=\"http:\/\/www.campingplatz-loissin.de\" target=\"_blank\" rel=\"noopener\">Campingplatz Loissin<\/a>\t\t\t\t\t<\/p>\n\t\t\t\t\t\t\t<\/div>\n\t\t\t\t\t<div class=\"pricing-list__item\">\n\t\t\t\t\t\t\t\t<span class=\"pricing-list__title\">Mobilhome<\/span>\n\t\t\t\t<span class=\"pricing-list__line\"><\/span>\n\t\t\t\t<span class=\"pricing-list__price\">65\u20ac\/Nacht<\/span>\n\t\t\t\t\t\t\t\t\t<p class=\"pricing-list__description\">\n\t\t\t\t\t\tMobilhomes direkt auf dem Campingplatz Loissin: <a href=\"http:\/\/ferienwohnung-loissin.de\/\" target=\"_blank\" rel=\"noopener\">Mobilhomes Frau Rose<\/a>\t\t\t\t\t<\/p>\n\t\t\t\t\t\t\t<\/div>\n\t\t\t\t\t<div class=\"pricing-list__item\">\n\t\t\t\t\t\t\t\t<span class=\"pricing-list__title\">Pension Boddenblick<\/span>\n\t\t\t\t<span class=\"pricing-list__line\"><\/span>\n\t\t\t\t<span class=\"pricing-list__price\">35\u20ac\/Nacht<\/span>\n\t\t\t\t\t\t\t\t\t<p class=\"pricing-list__description\">\n\t\t\t\t\t\t10min Fu\u00dfweg vom Campingplatz entfernte <a href=\"http:\/\/www.boddenblick-gahlkow.de\/\" target=\"_blank\" rel=\"noopener\">Pension mit Restaurant<\/a>\t\t\t\t\t<\/p>\n\t\t\t\t\t\t\t<\/div>\n\t\t\t<\/div>\n\n<\/div><\/div><\/div><div id=\"pg-11930-5\"  class=\"panel-grid panel-no-style\" ><div id=\"pgc-11930-5-0\"  class=\"panel-grid-cell\" ><div id=\"panel-11930-5-0-0\" class=\"so-panel widget widget_pw_call_to_action widget-call-to-action panel-first-child panel-last-child\" data-index=\"11\" ><div class=\"panel-widget-style panel-widget-style-for-11930-5-0-0\" >\t\t\t\t<div class=\"call-to-action\">\n\t\t\t\t\t<div class=\"call-to-action__text\">\n\t\t\t\t\t\t<h4 class=\"call-to-action__title\">\n\t\t\t\t\t\t\t\t\t\t\t\t\t<\/h4>\n\t\t\t\t\t\t\t\t\t\t\t<\/div>\n\t\t\t\t\t<div class=\"call-to-action__button\">\n\t\t\t\t\t\t<a class=\"btn  btn-primary  col-xs-12\" href=\"https:\/\/kitesafe.de\/buchung\" target=\"_self\"> Jetzt anmelden!<\/a>\t\t\t\t\t<\/div>\n\t\t\t\t<\/div>\n\t\t\t<\/div><\/div><\/div><\/div><div id=\"pg-11930-6\"  class=\"panel-grid panel-no-style\" ><div id=\"pgc-11930-6-0\"  class=\"panel-grid-cell\" ><div id=\"panel-11930-6-0-0\" class=\"so-panel widget widget_pw_person_profile widget-person-profile panel-first-child panel-last-child\" data-index=\"12\" >\n\t<div class=\"card  person-profile\">\n\t\t\t\t\t\t<div class=\"card-block  person-profile__container\">\n\t\t\t<div class=\"person-profile__content\">\n\t\t\t\t\t\t\t\t\t<span class=\"person-profile__label\">IKO EXAMINER &amp; MFA TRAINER<\/span>\n\t\t\t\t\t\t\t\t<h4 class=\"card-title  person-profile__name\">Thilo Voges<\/h4>\n\t\t\t\t<p class=\"card-text  person-profile__description\">Thilo bildet seit 2014 Kitelehrer f\u00fcr die IKO aus, ist passionierter und geduldiger Lehrer f\u00fcr Kitesurfen (IKO, VDWS) und Catamaransegeln (VDS). Die Kurstage dauern bei ihm gerne etwas l\u00e4nger, damit am Ende der Woche wirklich jeder Teilnehmer sicher in den vermittelten Inhalten ist. <\/p>\n\t\t\t\t\t\t\t\t<div class=\"person-profile__skills\">\n\t\t\t\t\t\t\t\t\t\t\t<div class=\"person-profile__skill\">\n\t\t\t\t\t\t\tKitelehrer ausbilden\t\t\t\t\t\t\t\t\t\t\t\t\t\t\t<span class=\"person-profile__skill-rating\">\n\t\t\t\t\t\t\t\t\t\t\t\t\t\t\t\t\t\t\t\t\t\t\t\t\t\t\t\t\t\t<i class=\"fa fa-star\" aria-hidden=\"true\"><\/i>\n\t\t\t\t\t\t\t\t\t\t\t\t\t\t\t\t\t\t\t\t\t\t\t\t\t\t\t\t\t\t\t\t\t\t\t\t\t\t\t\t<i class=\"fa fa-star\" aria-hidden=\"true\"><\/i>\n\t\t\t\t\t\t\t\t\t\t\t\t\t\t\t\t\t\t\t\t\t\t\t\t\t\t\t\t\t\t\t\t\t\t\t\t\t\t\t\t<i class=\"fa fa-star\" aria-hidden=\"true\"><\/i>\n\t\t\t\t\t\t\t\t\t\t\t\t\t\t\t\t\t\t\t\t\t\t\t\t\t\t\t\t\t\t\t\t\t\t\t\t\t\t\t\t<i class=\"fa fa-star\" aria-hidden=\"true\"><\/i>\n\t\t\t\t\t\t\t\t\t\t\t\t\t\t\t\t\t\t\t\t\t\t\t\t\t\t\t\t\t\t\t\t\t\t\t\t\t\t\t\t<i class=\"fa fa-star\" aria-hidden=\"true\"><\/i>\n\t\t\t\t\t\t\t\t\t\t\t\t\t\t\t\t\t\t\t\t\t\t\t\t\t\t\t<\/span>\n\t\t\t\t\t\t\t\t\t\t\t\t\t<\/div>\n\t\t\t\t\t\t\t\t\t\t\t<div class=\"person-profile__skill\">\n\t\t\t\t\t\t\tL\u00f6sungen finden\t\t\t\t\t\t\t\t\t\t\t\t\t\t\t<span class=\"person-profile__skill-rating\">\n\t\t\t\t\t\t\t\t\t\t\t\t\t\t\t\t\t\t\t\t\t\t\t\t\t\t\t\t\t\t<i class=\"fa fa-star\" aria-hidden=\"true\"><\/i>\n\t\t\t\t\t\t\t\t\t\t\t\t\t\t\t\t\t\t\t\t\t\t\t\t\t\t\t\t\t\t\t\t\t\t\t\t\t\t\t\t<i class=\"fa fa-star\" aria-hidden=\"true\"><\/i>\n\t\t\t\t\t\t\t\t\t\t\t\t\t\t\t\t\t\t\t\t\t\t\t\t\t\t\t\t\t\t\t\t\t\t\t\t\t\t\t\t<i class=\"fa fa-star\" aria-hidden=\"true\"><\/i>\n\t\t\t\t\t\t\t\t\t\t\t\t\t\t\t\t\t\t\t\t\t\t\t\t\t\t\t\t\t\t\t\t\t\t\t\t\t\t\t\t<i class=\"fa fa-star\" aria-hidden=\"true\"><\/i>\n\t\t\t\t\t\t\t\t\t\t\t\t\t\t\t\t\t\t\t\t\t\t\t\t\t\t\t\t\t\t\t\t\t\t\t\t\t\t\t\t<i class=\"fa fa-star\" aria-hidden=\"true\"><\/i>\n\t\t\t\t\t\t\t\t\t\t\t\t\t\t\t\t\t\t\t\t\t\t\t\t\t\t\t<\/span>\n\t\t\t\t\t\t\t\t\t\t\t\t\t<\/div>\n\t\t\t\t\t\t\t\t\t\t\t<div class=\"person-profile__skill\">\n\t\t\t\t\t\t\tWavekiten\t\t\t\t\t\t\t\t\t\t\t\t\t\t\t<span class=\"person-profile__skill-rating\">\n\t\t\t\t\t\t\t\t\t\t\t\t\t\t\t\t\t\t\t\t\t\t\t\t\t\t\t\t\t\t<i class=\"fa fa-star\" aria-hidden=\"true\"><\/i>\n\t\t\t\t\t\t\t\t\t\t\t\t\t\t\t\t\t\t\t\t\t\t\t\t\t\t\t\t\t\t\t\t\t\t\t\t\t\t\t\t<i class=\"fa fa-star\" aria-hidden=\"true\"><\/i>\n\t\t\t\t\t\t\t\t\t\t\t\t\t\t\t\t\t\t\t\t\t\t\t\t\t\t\t\t\t\t\t\t\t\t\t\t\t\t\t\t<i class=\"fa fa-star\" aria-hidden=\"true\"><\/i>\n\t\t\t\t\t\t\t\t\t\t\t\t\t\t\t\t\t\t\t\t\t\t\t\t\t\t\t\t\t\t\t\t\t\t\t\t\t\t\t\t<i class=\"fa fa-star\" aria-hidden=\"true\"><\/i>\n\t\t\t\t\t\t\t\t\t\t\t\t\t\t\t\t\t\t\t\t\t\t\t\t\t\t\t\t\t\t\t\t\t\t\t\t\t\t\t\t<i class=\"fa fa-star-o\" aria-hidden=\"true\"><\/i>\n\t\t\t\t\t\t\t\t\t\t\t\t\t\t\t\t\t\t\t\t\t\t\t\t\t\t\t<\/span>\n\t\t\t\t\t\t\t\t\t\t\t\t\t<\/div>\n\t\t\t\t\t\t\t\t\t<\/div>\n\t\t\t\t\t\t\t\t\t\t\t\t\t<div class=\"person-profile__tags\">\n\t\t\t\t\t\t\t\t\t\t\t\t\t<div class=\"person-profile__tag\">\n\t\t\t\t\t\t\t\tDEUTSCH\t\t\t\t\t\t\t<\/div>\n\t\t\t\t\t\t\t\t\t\t\t\t<div class=\"person-profile__tag\">\n\t\t\t\t\t\t\t\t ENGLISCH\t\t\t\t\t\t\t<\/div>\n\t\t\t\t\t\t\t\t\t\t\t\t<div class=\"person-profile__tag\">\n\t\t\t\t\t\t\t\t SPANISCH\t\t\t\t\t\t\t<\/div>\n\t\t\t\t\t\t\t\t\t\t<\/div>\n\t\t\t\t\t\t\t<\/div>\n\t\t\t\t\t<\/div>\n\t<\/div>\n\n<\/div><\/div><div id=\"pgc-11930-6-1\"  class=\"panel-grid-cell\" ><div id=\"panel-11930-6-1-0\" class=\"so-panel widget widget_sow-editor panel-first-child panel-last-child\" data-index=\"13\" ><div\n\t\t\t\n\t\t\tclass=\"so-widget-sow-editor so-widget-sow-editor-base\"\n\t\t\t\n\t\t>\n<div class=\"siteorigin-widget-tinymce textwidget\">\n\t<p><img decoding=\"async\" class=\"alignnone size-full wp-image-3666\" src=\"https:\/\/kitesafe.de\/wp-content\/uploads\/2019\/01\/Loissin-IKO-Schulung_1.jpg\" alt=\"\" width=\"864\" height=\"486\" srcset=\"https:\/\/kitesafe.de\/wp-content\/uploads\/2019\/01\/Loissin-IKO-Schulung_1.jpg 864w, https:\/\/kitesafe.de\/wp-content\/uploads\/2019\/01\/Loissin-IKO-Schulung_1-300x169.jpg 300w, https:\/\/kitesafe.de\/wp-content\/uploads\/2019\/01\/Loissin-IKO-Schulung_1-768x432.jpg 768w, https:\/\/kitesafe.de\/wp-content\/uploads\/2019\/01\/Loissin-IKO-Schulung_1-540x304.jpg 540w, https:\/\/kitesafe.de\/wp-content\/uploads\/2019\/01\/Loissin-IKO-Schulung_1-352x198.jpg 352w, https:\/\/kitesafe.de\/wp-content\/uploads\/2019\/01\/Loissin-IKO-Schulung_1-360x204.jpg 360w, https:\/\/kitesafe.de\/wp-content\/uploads\/2019\/01\/Loissin-IKO-Schulung_1-600x338.jpg 600w\" sizes=\"(max-width: 864px) 100vw, 864px\" title=\"\"><\/p>\n<\/div>\n<\/div><\/div><\/div><\/div><\/div><\/div>","protected":false},"excerpt":{"rendered":"<p>The subject of &#8220;first aid&#8221; is a sensitive issue for most people &#8211; the last course was usually many years ago. And yet we encounter situations every day in which first aid may be necessary. If your last first aid course was more than two years ago, you should think about a refresher! As an &hellip;<\/p>\n","protected":false},"author":2,"featured_media":11050,"parent":11921,"menu_order":0,"comment_status":"closed","ping_status":"closed","template":"","meta":{"_acf_changed":false,"ngg_post_thumbnail":0,"footnotes":""},"class_list":["post-11930","page","type-page","status-publish","has-post-thumbnail","hentry","clearfix"],"acf":[],"_links":{"self":[{"href":"https:\/\/kitesafe.de\/en\/wp-json\/wp\/v2\/pages\/11930","targetHints":{"allow":["GET"]}}],"collection":[{"href":"https:\/\/kitesafe.de\/en\/wp-json\/wp\/v2\/pages"}],"about":[{"href":"https:\/\/kitesafe.de\/en\/wp-json\/wp\/v2\/types\/page"}],"author":[{"embeddable":true,"href":"https:\/\/kitesafe.de\/en\/wp-json\/wp\/v2\/users\/2"}],"replies":[{"embeddable":true,"href":"https:\/\/kitesafe.de\/en\/wp-json\/wp\/v2\/comments?post=11930"}],"version-history":[{"count":1,"href":"https:\/\/kitesafe.de\/en\/wp-json\/wp\/v2\/pages\/11930\/revisions"}],"predecessor-version":[{"id":11939,"href":"https:\/\/kitesafe.de\/en\/wp-json\/wp\/v2\/pages\/11930\/revisions\/11939"}],"up":[{"embeddable":true,"href":"https:\/\/kitesafe.de\/en\/wp-json\/wp\/v2\/pages\/11921"}],"wp:featuredmedia":[{"embeddable":true,"href":"https:\/\/kitesafe.de\/en\/wp-json\/wp\/v2\/media\/11050"}],"wp:attachment":[{"href":"https:\/\/kitesafe.de\/en\/wp-json\/wp\/v2\/media?parent=11930"}],"curies":[{"name":"wp","href":"https:\/\/api.w.org\/{rel}","templated":true}]}}