{"id":11926,"date":"2022-01-08T12:25:44","date_gmt":"2022-01-08T11:25:44","guid":{"rendered":"https:\/\/kitesafe.de\/journeys\/"},"modified":"2025-02-04T01:31:24","modified_gmt":"2025-02-04T00:31:24","slug":"journeys","status":"publish","type":"page","link":"https:\/\/kitesafe.de\/en\/journeys\/","title":{"rendered":"journeys"},"content":{"rendered":"<div id=\"modal-ready\"><div id=\"pl-11926\"  class=\"panel-layout\" ><div id=\"pg-11926-0\"  class=\"panel-grid panel-no-style\" ><div id=\"pgc-11926-0-0\"  class=\"panel-grid-cell\" ><div id=\"panel-11926-0-0-0\" class=\"so-panel widget widget_sow-editor panel-first-child panel-last-child\" data-index=\"0\" ><div\n\t\t\t\n\t\t\tclass=\"so-widget-sow-editor so-widget-sow-editor-base\"\n\t\t\t\n\t\t>\n<div class=\"siteorigin-widget-tinymce textwidget\">\n\t<p><img decoding=\"async\" class=\"alignnone size-full wp-image-3281\" src=\"http:\/wp-content\/uploads\/2018\/12\/Unbenannt-5-1.jpg\" alt=\"\" width=\"1920\" height=\"450\" srcset=\"https:\/\/kitesafe.de\/wp-content\/uploads\/2018\/12\/Unbenannt-5-1.jpg 1920w, https:\/\/kitesafe.de\/wp-content\/uploads\/2018\/12\/Unbenannt-5-1-300x70.jpg 300w, https:\/\/kitesafe.de\/wp-content\/uploads\/2018\/12\/Unbenannt-5-1-768x180.jpg 768w, https:\/\/kitesafe.de\/wp-content\/uploads\/2018\/12\/Unbenannt-5-1-1024x240.jpg 1024w, https:\/\/kitesafe.de\/wp-content\/uploads\/2018\/12\/Unbenannt-5-1-540x127.jpg 540w, https:\/\/kitesafe.de\/wp-content\/uploads\/2018\/12\/Unbenannt-5-1-600x141.jpg 600w\" sizes=\"(max-width: 1920px) 100vw, 1920px\" title=\"\"><\/p>\n<h2>Supervised kite trips with kitesafe.de<\/h2>\n<p>Discover stress-free spots on our kite trips with us! We organize trips in small groups with a familiar atmosphere - for beginners, re-entrants and advanced learners. We offer the following trips:<\/p>\n<\/div>\n<\/div><\/div><\/div><\/div><div id=\"pg-11926-1\"  class=\"panel-grid panel-no-style\" ><div id=\"pgc-11926-1-0\"  class=\"panel-grid-cell\" ><div id=\"panel-11926-1-0-0\" class=\"so-panel widget widget_pw_featured_page widget-featured-page panel-first-child panel-last-child\" data-index=\"1\" >\n\t<div class=\"page-box  page-box--block\">\n\t\t\t\t\t\t<a class=\"page-box__picture\" href=\"https:\/\/kitesafe.de\/reisen\/daenemark-wavecamp\/\">\n\t\t\t\t\t<img decoding=\"async\" src=\"https:\/\/kitesafe.de\/wp-content\/uploads\/2018\/12\/IMG_8306-352x198.jpg\" width=\"352\" height=\"198\" srcset=\"https:\/\/kitesafe.de\/wp-content\/uploads\/2018\/12\/IMG_8306-352x198.jpg 352w, https:\/\/kitesafe.de\/wp-content\/uploads\/2018\/12\/IMG_8306.jpg 864w\" sizes=\"(min-width: 1200px) 349px, (min-width: 992px) 282px, (min-width: 768px) 690px, calc(100vw - 30px)\" class=\"wp-post-image\" alt=\"D\u00e4nemark Wavecamp\" title=\"\">\n\t\t\t\t\t\t\t\t\t<\/a>\n\t\t\t\t\t\t\t\t<div class=\"page-box__content\">\n\t\t\t<h4 class=\"page-box__title\"><a href=\"https:\/\/kitesafe.de\/reisen\/daenemark-wavecamp\/\">D\u00e4nemark Wavecamp<\/a><\/h4>\n\t\t\t<p class=\"page-box__text\">Komm mit uns nach D\u00e4nemark und lerne, wie man mit Wellen umgeht. Waveboards, Strapless, Downwinder - eine Woche Spa\u00df auf Nordsee und Fjord!<\/p>\n\t\t\t\t\t\t\t<a href=\"https:\/\/kitesafe.de\/reisen\/daenemark-wavecamp\/\" class=\"page-box__more-link\">Mehr Infos<\/a>\n\t\t\t\t\t<\/div>\n\t<\/div>\n\n<\/div><\/div><div id=\"pgc-11926-1-1\"  class=\"panel-grid-cell\" ><div id=\"panel-11926-1-1-0\" class=\"so-panel widget widget_pw_featured_page widget-featured-page panel-first-child panel-last-child\" data-index=\"2\" >\n\t<div class=\"page-box  page-box--block\">\n\t\t\t\t\t\t<a class=\"page-box__picture\" href=\"https:\/\/kitesafe.de\/reisen\/daenemark-friendscamp\/\">\n\t\t\t\t\t<img decoding=\"async\" src=\"https:\/\/kitesafe.de\/wp-content\/uploads\/2018\/12\/D\u00e4nemark-Friendscamp-Preview-352x198.jpg\" width=\"352\" height=\"198\" srcset=\"https:\/\/kitesafe.de\/wp-content\/uploads\/2018\/12\/D\u00e4nemark-Friendscamp-Preview-352x198.jpg 352w, https:\/\/kitesafe.de\/wp-content\/uploads\/2018\/12\/D\u00e4nemark-Friendscamp-Preview.jpg 864w\" sizes=\"(min-width: 1200px) 349px, (min-width: 992px) 282px, (min-width: 768px) 690px, calc(100vw - 30px)\" class=\"wp-post-image\" alt=\"D\u00e4nemark Friendscamp\" title=\"\">\n\t\t\t\t\t\t\t\t\t<\/a>\n\t\t\t\t\t\t\t\t<div class=\"page-box__content\">\n\t\t\t<h4 class=\"page-box__title\"><a href=\"https:\/\/kitesafe.de\/reisen\/daenemark-friendscamp\/\">D\u00e4nemark Friendscamp<\/a><\/h4>\n\t\t\t<p class=\"page-box__text\">Eine Woche Kitesurfen ohne Limits - das ist unser Friendscamp! Basis ist ein riesiges Ferienhaus, von dort starten wir t\u00e4glich Richtung Wind.<\/p>\n\t\t\t\t\t\t\t<a href=\"https:\/\/kitesafe.de\/reisen\/daenemark-friendscamp\/\" class=\"page-box__more-link\">Mehr Infos<\/a>\n\t\t\t\t\t<\/div>\n\t<\/div>\n\n<\/div><\/div><div id=\"pgc-11926-1-2\"  class=\"panel-grid-cell\" ><div id=\"panel-11926-1-2-0\" class=\"so-panel widget widget_pw_featured_page widget-featured-page panel-first-child panel-last-child\" data-index=\"3\" >\n\t<div class=\"page-box  page-box--block\">\n\t\t\t\t\t\t<a class=\"page-box__picture\" href=\"https:\/\/kitesafe.de\/reisen\/spanien-fincacamp\/\">\n\t\t\t\t\t<img decoding=\"async\" src=\"https:\/\/kitesafe.de\/wp-content\/uploads\/2018\/12\/Mallorca-Steg-klein-352x198.jpg\" width=\"352\" height=\"198\" srcset=\"https:\/\/kitesafe.de\/wp-content\/uploads\/2018\/12\/Mallorca-Steg-klein-352x198.jpg 352w, https:\/\/kitesafe.de\/wp-content\/uploads\/2018\/12\/Mallorca-Steg-klein.jpg 864w\" sizes=\"(min-width: 1200px) 349px, (min-width: 992px) 282px, (min-width: 768px) 690px, calc(100vw - 30px)\" class=\"wp-post-image\" alt=\"Spanien: Mallorca Fincacamp\" title=\"\">\n\t\t\t\t\t\t\t\t\t<\/a>\n\t\t\t\t\t\t\t\t<div class=\"page-box__content\">\n\t\t\t<h4 class=\"page-box__title\"><a href=\"https:\/\/kitesafe.de\/reisen\/spanien-fincacamp\/\">Spanien: Mallorca Fincacamp<\/a><\/h4>\n\t\t\t<p class=\"page-box__text\">Unsere Finca im Norden Mallorcas bietet alles, was Du f\u00fcr einen entspannten Kiteurlaub brauchst - komm mit uns zum Homespot um die Ecke!<\/p>\n\t\t\t\t\t\t\t<a href=\"https:\/\/kitesafe.de\/reisen\/spanien-fincacamp\/\" class=\"page-box__more-link\">Mehr Infos<\/a>\n\t\t\t\t\t<\/div>\n\t<\/div>\n\n<\/div><\/div><\/div><div id=\"pg-11926-2\"  class=\"panel-grid panel-no-style\" ><div id=\"pgc-11926-2-0\"  class=\"panel-grid-cell\" ><div id=\"panel-11926-2-0-0\" class=\"so-panel widget widget_pw_featured_page widget-featured-page panel-first-child panel-last-child\" data-index=\"4\" >\n\t<div class=\"page-box  page-box--block\">\n\t\t\t\t\t\t<a class=\"page-box__picture\" href=\"https:\/\/kitesafe.de\/reisen\/spanien-hotelcamp\/\">\n\t\t\t\t\t<img decoding=\"async\" src=\"https:\/\/kitesafe.de\/wp-content\/uploads\/2018\/12\/MG_5909-352x198.jpg\" width=\"352\" height=\"198\" srcset=\"https:\/\/kitesafe.de\/wp-content\/uploads\/2018\/12\/MG_5909-352x198.jpg 352w, https:\/\/kitesafe.de\/wp-content\/uploads\/2018\/12\/MG_5909.jpg 864w\" sizes=\"(min-width: 1200px) 349px, (min-width: 992px) 282px, (min-width: 768px) 690px, calc(100vw - 30px)\" class=\"wp-post-image\" alt=\"Spanien: Mallorca Hotelcamp\" title=\"\">\n\t\t\t\t\t\t\t\t\t<\/a>\n\t\t\t\t\t\t\t\t<div class=\"page-box__content\">\n\t\t\t<h4 class=\"page-box__title\"><a href=\"https:\/\/kitesafe.de\/reisen\/spanien-hotelcamp\/\">Spanien: Mallorca Hotelcamp<\/a><\/h4>\n\t\t\t<p class=\"page-box__text\">Unser Hotelcamp f\u00fchrt Dich nach Mallorca an die Playa de Palma. Strand vor der Haust\u00fcr, 4-Sterne-Hotel und angenehme Temperaturen!<\/p>\n\t\t\t\t\t\t\t<a href=\"https:\/\/kitesafe.de\/reisen\/spanien-hotelcamp\/\" class=\"page-box__more-link\">Mehr Infos<\/a>\n\t\t\t\t\t<\/div>\n\t<\/div>\n\n<\/div><\/div><div id=\"pgc-11926-2-1\"  class=\"panel-grid-cell\" ><div id=\"panel-11926-2-1-0\" class=\"so-panel widget widget_pw_featured_page widget-featured-page panel-first-child panel-last-child\" data-index=\"5\" >\n\t<div class=\"page-box  page-box--block\">\n\t\t\t\t\t\t<a class=\"page-box__picture\" href=\"https:\/\/kitesafe.de\/reisen\/aegypten-kitecamp-wingcamp\/\">\n\t\t\t\t\t<img decoding=\"async\" src=\"https:\/\/kitesafe.de\/wp-content\/uploads\/2019\/01\/aegypten_intro3-352x198.jpg\" width=\"352\" height=\"198\" srcset=\"https:\/\/kitesafe.de\/wp-content\/uploads\/2019\/01\/aegypten_intro3-352x198.jpg 352w, https:\/\/kitesafe.de\/wp-content\/uploads\/2019\/01\/aegypten_intro3.jpg 864w\" sizes=\"(min-width: 1200px) 349px, (min-width: 992px) 282px, (min-width: 768px) 690px, calc(100vw - 30px)\" class=\"wp-post-image\" alt=\"\u00c4gypten Kitecamp \/ Wingcamp\" title=\"\">\n\t\t\t\t\t\t\t\t\t<\/a>\n\t\t\t\t\t\t\t\t<div class=\"page-box__content\">\n\t\t\t<h4 class=\"page-box__title\"><a href=\"https:\/\/kitesafe.de\/reisen\/aegypten-kitecamp-wingcamp\/\">\u00c4gypten Kitecamp \/ Wingcamp<\/a><\/h4>\n\t\t\t<p class=\"page-box__text\">Unser Camp am Roten Meer, weit im S\u00fcden \u00c4gyptens. Sonne, Sand und fantastische Bedingungen zum Kiten - f\u00fcr alle K\u00f6nnensstufen!<\/p>\n\t\t\t\t\t\t\t<a href=\"https:\/\/kitesafe.de\/reisen\/aegypten-kitecamp-wingcamp\/\" class=\"page-box__more-link\">Mehr Infos<\/a>\n\t\t\t\t\t<\/div>\n\t<\/div>\n\n<\/div><\/div><div id=\"pgc-11926-2-2\"  class=\"panel-grid-cell\" ><div id=\"panel-11926-2-2-0\" class=\"so-panel widget widget_pw_featured_page widget-featured-page panel-first-child panel-last-child\" data-index=\"6\" >\n\t<div class=\"page-box  page-box--block\">\n\t\t\t\t\t\t<a class=\"page-box__picture\" href=\"https:\/\/kitesafe.de\/reisen\/ueberraschungscamp\/\">\n\t\t\t\t\t<img decoding=\"async\" src=\"https:\/\/kitesafe.de\/wp-content\/uploads\/2019\/01\/cuba21-352x198.jpg\" width=\"352\" height=\"198\" srcset=\"https:\/\/kitesafe.de\/wp-content\/uploads\/2019\/01\/cuba21-352x198.jpg 352w, https:\/\/kitesafe.de\/wp-content\/uploads\/2019\/01\/cuba21.jpg 864w\" sizes=\"(min-width: 1200px) 349px, (min-width: 992px) 282px, (min-width: 768px) 690px, calc(100vw - 30px)\" class=\"wp-post-image\" alt=\"\u00dcberraschungscamp\" title=\"\">\n\t\t\t\t\t\t\t\t\t<\/a>\n\t\t\t\t\t\t\t\t<div class=\"page-box__content\">\n\t\t\t<h4 class=\"page-box__title\"><a href=\"https:\/\/kitesafe.de\/reisen\/ueberraschungscamp\/\">\u00dcberraschungscamp<\/a><\/h4>\n\t\t\t<p class=\"page-box__text\">Wir sind st\u00e4ndig auf der Suche nach neuen Reisezielen, die wir mit Dir zusammen entdecken und bereisen wollen. Willst Du dabei sein?<\/p>\n\t\t\t\t\t\t\t<a href=\"https:\/\/kitesafe.de\/reisen\/ueberraschungscamp\/\" class=\"page-box__more-link\">Mehr Infos<\/a>\n\t\t\t\t\t<\/div>\n\t<\/div>\n\n<\/div><\/div><\/div><\/div><\/div>","protected":false},"excerpt":{"rendered":"<p>Going on a kite holiday alone is not for everyone. We accompany you on our destinations in Denmark, Spain and Egypt &#8211; be there!<\/p>\n","protected":false},"author":1,"featured_media":10298,"parent":0,"menu_order":0,"comment_status":"closed","ping_status":"closed","template":"","meta":{"_acf_changed":false,"ngg_post_thumbnail":0,"footnotes":""},"class_list":["post-11926","page","type-page","status-publish","has-post-thumbnail","hentry","clearfix"],"acf":[],"_links":{"self":[{"href":"https:\/\/kitesafe.de\/en\/wp-json\/wp\/v2\/pages\/11926","targetHints":{"allow":["GET"]}}],"collection":[{"href":"https:\/\/kitesafe.de\/en\/wp-json\/wp\/v2\/pages"}],"about":[{"href":"https:\/\/kitesafe.de\/en\/wp-json\/wp\/v2\/types\/page"}],"author":[{"embeddable":true,"href":"https:\/\/kitesafe.de\/en\/wp-json\/wp\/v2\/users\/1"}],"replies":[{"embeddable":true,"href":"https:\/\/kitesafe.de\/en\/wp-json\/wp\/v2\/comments?post=11926"}],"version-history":[{"count":1,"href":"https:\/\/kitesafe.de\/en\/wp-json\/wp\/v2\/pages\/11926\/revisions"}],"predecessor-version":[{"id":11931,"href":"https:\/\/kitesafe.de\/en\/wp-json\/wp\/v2\/pages\/11926\/revisions\/11931"}],"wp:featuredmedia":[{"embeddable":true,"href":"https:\/\/kitesafe.de\/en\/wp-json\/wp\/v2\/media\/10298"}],"wp:attachment":[{"href":"https:\/\/kitesafe.de\/en\/wp-json\/wp\/v2\/media?parent=11926"}],"curies":[{"name":"wp","href":"https:\/\/api.w.org\/{rel}","templated":true}]}}