{"id":11923,"date":"2022-01-08T12:25:43","date_gmt":"2022-01-08T11:25:43","guid":{"rendered":"https:\/\/kitesafe.de\/contact\/"},"modified":"2022-01-08T12:25:50","modified_gmt":"2022-01-08T11:25:50","slug":"contact","status":"publish","type":"page","link":"https:\/\/kitesafe.de\/en\/contact\/","title":{"rendered":"Contact"},"content":{"rendered":"<div id=\"modal-ready\"><div id=\"pl-11923\"  class=\"panel-layout\" ><div id=\"pg-11923-0\"  class=\"panel-grid panel-no-style\" ><div id=\"pgc-11923-0-0\"  class=\"panel-grid-cell\" ><div id=\"panel-11923-0-0-0\" class=\"so-panel widget widget_pw_contact_profile widget-contact-profile panel-first-child panel-last-child\" data-index=\"0\" >\t\t\t\t<div class=\"card  contact-profile\">\n\t\t\t\t\t\t\t\t\t\t\t<img decoding=\"async\" class=\"contact-profile__image  wp-post-image\" src=\"https:\/\/kitesafe.de\/wp-content\/uploads\/2018\/12\/DSC03212.jpg\" alt=\"Picture of kitesafe.de Wassersport-Station\" title=\"\">\n\t\t\t\t\t\t\t\t\t\t<div class=\"card-block  contact-profile__container\">\n\t\t\t\t\t\t\t\t\t\t\t\t\t<div class=\"contact-profile__label\">\n\t\t\t\t\t\t\t\tIKO-Center\t\t\t\t\t\t\t<\/div>\n\t\t\t\t\t\t\t\t\t\t\t\t\t\t\t\t\t\t\t<h4 class=\"contact-profile__name\">kitesafe.de Wassersport-Station<\/h4>\n\t\t\t\t\t\t\t\t\t\t\t\t\t\t\t\t\t\t\t<div class=\"contact-profile__items\">\n\t\t\t\t\t\t\t\t\t\t\t\t\t\t\t\t\t<div class=\"contact-profile__item\">\n\t\t\t\t\t\t\t\t\t\t<div class=\"contact-profile__icon\">\n\t\t\t\t\t\t\t\t\t\t\t<i class=\"fa  fa-map-marker\"><\/i>\n\t\t\t\t\t\t\t\t\t\t<\/div>\n\t\t\t\t\t\t\t\t\t\t<p class=\"contact-profile__text\">\n\t\t\t\t\t\t\t\t\t\t\tkitesafe.de<br>c\/o Campingplatz Loissin, Am Strandweg 1, 17509 Loissin\t\t\t\t\t\t\t\t\t\t<\/p>\n\t\t\t\t\t\t\t\t\t<\/div>\n\t\t\t\t\t\t\t\t\t\t\t\t\t\t\t\t\t<div class=\"contact-profile__item\">\n\t\t\t\t\t\t\t\t\t\t<div class=\"contact-profile__icon\">\n\t\t\t\t\t\t\t\t\t\t\t<i class=\"fa  fa-phone\"><\/i>\n\t\t\t\t\t\t\t\t\t\t<\/div>\n\t\t\t\t\t\t\t\t\t\t<p class=\"contact-profile__text\">\n\t\t\t\t\t\t\t\t\t\t\t+49 (0)163 2904 111\t\t\t\t\t\t\t\t\t\t<\/p>\n\t\t\t\t\t\t\t\t\t<\/div>\n\t\t\t\t\t\t\t\t\t\t\t\t\t\t\t\t\t<div class=\"contact-profile__item\">\n\t\t\t\t\t\t\t\t\t\t<div class=\"contact-profile__icon\">\n\t\t\t\t\t\t\t\t\t\t\t<i class=\"fa  fa-envelope-o\"><\/i>\n\t\t\t\t\t\t\t\t\t\t<\/div>\n\t\t\t\t\t\t\t\t\t\t<p class=\"contact-profile__text\">\n\t\t\t\t\t\t\t\t\t\t\tinfo@kitesafe.de\t\t\t\t\t\t\t\t\t\t<\/p>\n\t\t\t\t\t\t\t\t\t<\/div>\n\t\t\t\t\t\t\t\t\t\t\t\t\t\t\t<\/div>\n\t\t\t\t\t\t\t\t\t\t\t\t\t\t\t\t\t\t\t<div class=\"contact-profile__social-icons\">\n\t\t\t\t\t\t\t\t\t\t\t\t\t\t\t\t\t<a class=\"contact-profile__social-icon\" href=\"https:\/\/www.facebook.com\/kitesafe\/\" target=\"_self\" rel=\"noopener\"><i class=\"fa  fa-facebook\"><\/i><\/a>\n\t\t\t\t\t\t\t\t\t\t\t\t\t\t\t\t\t<a class=\"contact-profile__social-icon\" href=\"https:\/\/instagram.com\/kitesafe.de\" target=\"_self\"><i class=\"fa  fa-instagram\"><\/i><\/a>\n\t\t\t\t\t\t\t\t\t\t\t\t\t\t\t\t\t<a class=\"contact-profile__social-icon\" href=\"https:\/\/www.youtube.com\/channel\/UCgAvWL8fGwxdWTNbfJUJqtA\" target=\"_self\" rel=\"noopener\"><i class=\"fa  fa-youtube\"><\/i><\/a>\n\t\t\t\t\t\t\t\t\t\t\t\t\t\t\t<\/div>\n\t\t\t\t\t\t\t\t\t\t\t<\/div>\n\t\t\t\t<\/div>\n\n\t\t\t<\/div><\/div><div id=\"pgc-11923-0-1\"  class=\"panel-grid-cell\" ><div id=\"panel-11923-0-1-0\" class=\"so-panel widget widget_sow-image panel-first-child panel-last-child\" data-index=\"1\" ><div\n\t\t\t\n\t\t\tclass=\"so-widget-sow-image so-widget-sow-image-default-8b5b6f678277-11923\"\n\t\t\t\n\t\t>\n<div class=\"sow-image-container\">\n\t\t<img decoding=\"async\" src=\"https:\/\/kitesafe.de\/wp-content\/uploads\/2018\/12\/Unbenannt-3-1.jpg\" width=\"800\" height=\"800\" srcset=\"https:\/\/kitesafe.de\/wp-content\/uploads\/2018\/12\/Unbenannt-3-1.jpg 800w, https:\/\/kitesafe.de\/wp-content\/uploads\/2018\/12\/Unbenannt-3-1-150x150.jpg 150w, https:\/\/kitesafe.de\/wp-content\/uploads\/2018\/12\/Unbenannt-3-1-300x300.jpg 300w, https:\/\/kitesafe.de\/wp-content\/uploads\/2018\/12\/Unbenannt-3-1-768x768.jpg 768w, https:\/\/kitesafe.de\/wp-content\/uploads\/2018\/12\/Unbenannt-3-1-540x540.jpg 540w, https:\/\/kitesafe.de\/wp-content\/uploads\/2018\/12\/Unbenannt-3-1-600x600.jpg 600w, https:\/\/kitesafe.de\/wp-content\/uploads\/2018\/12\/Unbenannt-3-1-100x100.jpg 100w\" sizes=\"(max-width: 800px) 100vw, 800px\" title=\"Aegypten_Fahne_800px\" alt=\"\" class=\"so-widget-image\">\n\t<\/div>\n\n<\/div><\/div><\/div><\/div><div id=\"pg-11923-1\"  class=\"panel-grid panel-no-style\" ><div id=\"pgc-11923-1-0\"  class=\"panel-grid-cell\" ><div id=\"panel-11923-1-0-0\" class=\"so-panel widget widget_pw_opening_time opening-time panel-first-child panel-last-child\" data-index=\"2\" >\n\t<div class=\"time-table\">\n\n\t\t\t\t\t<h3 class=\"widget-title\">Unsere \u00d6ffnungszeiten (Mai &#8211; September)<\/h3>\n\t\t\n\t\t<div class=\"inner-bg\">\n\t\t\t\t\t\t\t<dl class=\"week-day \">\n\t\t\t\t\t<dt>Monday<\/dt>\n\t\t\t\t\t<dd>10:00-19:00<\/dd>\n\t\t\t\t<\/dl>\n\t\t\t\t\t\t\t<dl class=\"week-day  light-bg\">\n\t\t\t\t\t<dt>Tuesday<\/dt>\n\t\t\t\t\t<dd>10:00-19:00<\/dd>\n\t\t\t\t<\/dl>\n\t\t\t\t\t\t\t<dl class=\"week-day \">\n\t\t\t\t\t<dt>Wednesday<\/dt>\n\t\t\t\t\t<dd>10:00-19:00<\/dd>\n\t\t\t\t<\/dl>\n\t\t\t\t\t\t\t<dl class=\"week-day  light-bg\">\n\t\t\t\t\t<dt>Thursday<\/dt>\n\t\t\t\t\t<dd>10:00-19:00<\/dd>\n\t\t\t\t<\/dl>\n\t\t\t\t\t\t\t<dl class=\"week-day  today\">\n\t\t\t\t\t<dt>Friday<\/dt>\n\t\t\t\t\t<dd>10:00-21:00<\/dd>\n\t\t\t\t<\/dl>\n\t\t\t\t\t\t\t<dl class=\"week-day  light-bg\">\n\t\t\t\t\t<dt>Saturday<\/dt>\n\t\t\t\t\t<dd>10:00-21:00<\/dd>\n\t\t\t\t<\/dl>\n\t\t\t\t\t\t\t<dl class=\"week-day \">\n\t\t\t\t\t<dt>Sunday<\/dt>\n\t\t\t\t\t<dd>10:00-18:00<\/dd>\n\t\t\t\t<\/dl>\n\t\t\t\t\t<\/div>\n\n\t\t\t\t\t<div class=\"additional-info\">Au\u00dferhalb der Saison (Oktober bis April) \u00d6ffnungszeiten nur auf Anfrage. <\/div>\n\t\t\n\t<\/div>\n\n<\/div><\/div><div id=\"pgc-11923-1-1\"  class=\"panel-grid-cell\" ><div id=\"panel-11923-1-1-0\" class=\"so-panel widget widget_sow-google-map panel-first-child panel-last-child\" data-index=\"3\" ><div\n\t\t\t\n\t\t\tclass=\"so-widget-sow-google-map so-widget-sow-google-map-default-5006d6f6236c-11923\"\n\t\t\t\n\t\t>\n<div class=\"sow-google-map-canvas\"\n\tstyle=\"\"\n\tid=\"map-canvas-a8f53f42804ead7205299cb61f0904e2\"\n\tdata-options=\"{&quot;address&quot;:&quot;Campingplatz Loissin, 17509 Loissin&quot;,&quot;zoom&quot;:11,&quot;mobileZoom&quot;:11,&quot;gestureHandling&quot;:&quot;cooperative&quot;,&quot;disableUi&quot;:false,&quot;markerIcon&quot;:false,&quot;markersDraggable&quot;:true,&quot;markerAtCenter&quot;:false,&quot;markerInfoDisplay&quot;:&quot;click&quot;,&quot;markerInfoMultiple&quot;:true,&quot;markerPositions&quot;:[{&quot;place&quot;:&quot;Campingplatz Loissin&quot;,&quot;info&quot;:&quot;&lt;p&gt;kitesafe.de&lt;br&gt;\\nc \\\/ o Camping Loissin&lt;br&gt;\\nAt Strandweg 1&lt;br&gt;\\n17509 Loissin&lt;\\\/p&gt;\\n&lt;p&gt;&lt;a href=\\&quot;https:\\\/\\\/www.google.de\\\/maps\\\/dir\\\/\\\/&#039;&#039;\\\/@54.1262183,13.4503763,12z\\\/data=!4m9!4m8!1m0!1m5!1m1!1s0x0:0x2351de9246e0b940!2m2!1d13.5204158!2d54.1262386!3e0\\&quot; target=\\&quot;_blank\\&quot; rel=\\&quot;noopener\\&quot;&gt;Plan route&lt;\\\/a&gt;&lt;\\\/p&gt;\\n&quot;,&quot;infoSelectedEditor&quot;:&quot;tinymce&quot;,&quot;infoMaxWidth&quot;:&quot;&quot;,&quot;customMarkerIcon&quot;:0,&quot;customMarkerIconSize&quot;:&quot;&quot;}],&quot;mapName&quot;:&quot;Custom Map&quot;,&quot;mapStyles&quot;:[{&quot;featureType&quot;:&quot;water&quot;,&quot;elementType&quot;:&quot;geometry&quot;,&quot;stylers&quot;:[{&quot;color&quot;:&quot;#e9e9e9&quot;},{&quot;lightness&quot;:17}]},{&quot;featureType&quot;:&quot;landscape&quot;,&quot;elementType&quot;:&quot;geometry&quot;,&quot;stylers&quot;:[{&quot;color&quot;:&quot;#f5f5f5&quot;},{&quot;lightness&quot;:20}]},{&quot;featureType&quot;:&quot;road.highway&quot;,&quot;elementType&quot;:&quot;geometry.fill&quot;,&quot;stylers&quot;:[{&quot;color&quot;:&quot;#ffffff&quot;},{&quot;lightness&quot;:17}]},{&quot;featureType&quot;:&quot;road.highway&quot;,&quot;elementType&quot;:&quot;geometry.stroke&quot;,&quot;stylers&quot;:[{&quot;color&quot;:&quot;#ffffff&quot;},{&quot;lightness&quot;:29},{&quot;weight&quot;:0.200000000000000011102230246251565404236316680908203125}]},{&quot;featureType&quot;:&quot;road.arterial&quot;,&quot;elementType&quot;:&quot;geometry&quot;,&quot;stylers&quot;:[{&quot;color&quot;:&quot;#ffffff&quot;},{&quot;lightness&quot;:18}]},{&quot;featureType&quot;:&quot;road.local&quot;,&quot;elementType&quot;:&quot;geometry&quot;,&quot;stylers&quot;:[{&quot;color&quot;:&quot;#ffffff&quot;},{&quot;lightness&quot;:16}]},{&quot;featureType&quot;:&quot;poi&quot;,&quot;elementType&quot;:&quot;geometry&quot;,&quot;stylers&quot;:[{&quot;color&quot;:&quot;#f5f5f5&quot;},{&quot;lightness&quot;:21}]},{&quot;featureType&quot;:&quot;poi.park&quot;,&quot;elementType&quot;:&quot;geometry&quot;,&quot;stylers&quot;:[{&quot;color&quot;:&quot;#dedede&quot;},{&quot;lightness&quot;:21}]},{&quot;elementType&quot;:&quot;labels.text.stroke&quot;,&quot;stylers&quot;:[{&quot;visibility&quot;:&quot;on&quot;},{&quot;color&quot;:&quot;#ffffff&quot;},{&quot;lightness&quot;:16}]},{&quot;elementType&quot;:&quot;labels.text.fill&quot;,&quot;stylers&quot;:[{&quot;saturation&quot;:36},{&quot;color&quot;:&quot;#333333&quot;},{&quot;lightness&quot;:40}]},{&quot;elementType&quot;:&quot;labels.icon&quot;,&quot;stylers&quot;:[{&quot;visibility&quot;:&quot;off&quot;}]},{&quot;featureType&quot;:&quot;transit&quot;,&quot;elementType&quot;:&quot;geometry&quot;,&quot;stylers&quot;:[{&quot;color&quot;:&quot;#f2f2f2&quot;},{&quot;lightness&quot;:19}]},{&quot;featureType&quot;:&quot;administrative&quot;,&quot;elementType&quot;:&quot;geometry.fill&quot;,&quot;stylers&quot;:[{&quot;color&quot;:&quot;#fefefe&quot;},{&quot;lightness&quot;:20}]},{&quot;featureType&quot;:&quot;administrative&quot;,&quot;elementType&quot;:&quot;geometry.stroke&quot;,&quot;stylers&quot;:[{&quot;color&quot;:&quot;#fefefe&quot;},{&quot;lightness&quot;:17},{&quot;weight&quot;:1.1999999999999999555910790149937383830547332763671875}]}],&quot;directions&quot;:&quot;&quot;,&quot;apiKey&quot;:&quot;AIzaSyAagwQezVEfwaKKDuFQ2vnyMKqWWcWAnWU&quot;,&quot;breakpoint&quot;:780}\"\n\tdata-fallback-image=\"{&quot;img&quot;:&quot;&quot;}\"><\/div>\n<\/div><\/div><\/div><\/div><div id=\"pg-11923-2\"  class=\"panel-grid panel-has-style\" ><div class=\"siteorigin-panels-stretch panel-row-style panel-row-style-for-11923-2\" data-stretch-type=\"full\" ><div id=\"pgc-11923-2-0\"  class=\"panel-grid-cell\" ><div id=\"panel-11923-2-0-0\" class=\"so-panel widget widget_sow-editor panel-first-child\" data-index=\"4\" ><div\n\t\t\t\n\t\t\tclass=\"so-widget-sow-editor so-widget-sow-editor-base\"\n\t\t\t\n\t\t>\n<div class=\"siteorigin-widget-tinymce textwidget\">\n\t<h4 style=\"text-align: left;\">Write us a message or apply here<\/h4>\n<\/div>\n<\/div><\/div><div id=\"panel-11923-2-0-1\" class=\"so-panel widget widget_sow-editor panel-last-child\" data-index=\"5\" ><div\n\t\t\t\n\t\t\tclass=\"so-widget-sow-editor so-widget-sow-editor-base\"\n\t\t\t\n\t\t>\n<div class=\"siteorigin-widget-tinymce textwidget\">\n\t\n<div class=\"wpcf7 no-js\" id=\"wpcf7-f16601-o1\" lang=\"en-US\" dir=\"ltr\" data-wpcf7-id=\"16601\">\n<div class=\"screen-reader-response\"><p role=\"status\" aria-live=\"polite\" aria-atomic=\"true\"><\/p> <ul><\/ul><\/div>\n<form action=\"\/en\/wp-json\/wp\/v2\/pages\/11923#wpcf7-f16601-o1\" method=\"post\" class=\"wpcf7-form init\" aria-label=\"Contact form\" novalidate=\"novalidate\" data-status=\"init\">\n<fieldset class=\"hidden-fields-container\"><input type=\"hidden\" name=\"_wpcf7\" value=\"16601\" \/><input type=\"hidden\" name=\"_wpcf7_version\" value=\"6.1.5\" \/><input type=\"hidden\" name=\"_wpcf7_locale\" value=\"en_US\" \/><input type=\"hidden\" name=\"_wpcf7_unit_tag\" value=\"wpcf7-f16601-o1\" \/><input type=\"hidden\" name=\"_wpcf7_container_post\" value=\"0\" \/><input type=\"hidden\" name=\"_wpcf7_posted_data_hash\" value=\"\" \/><input type=\"hidden\" name=\"_wpcf7_recaptcha_response\" value=\"\" \/>\n<\/fieldset>\n<div class=\"row\">\n\t<div class=\"col-xs-12 col-lg-6\">\n\t\t<p><span class=\"wpcf7-form-control-wrap\" data-name=\"your-name\"><input size=\"40\" maxlength=\"400\" class=\"wpcf7-form-control wpcf7-text wpcf7-validates-as-required form-control\" aria-required=\"true\" aria-invalid=\"false\" placeholder=\"Your first name*\" value=\"\" type=\"text\" name=\"your-name\" \/><\/span>\n\t\t<\/p>\n\t<\/div>\n\t<div class=\"col-xs-12 col-lg-6\">\n\t\t<p><span class=\"wpcf7-form-control-wrap\" data-name=\"your-last-name\"><input size=\"40\" maxlength=\"400\" class=\"wpcf7-form-control wpcf7-text wpcf7-validates-as-required form-control\" aria-required=\"true\" aria-invalid=\"false\" placeholder=\"Your last name*\" value=\"\" type=\"text\" name=\"your-last-name\" \/><\/span>\n\t\t<\/p>\n\t<\/div>\n\t<div class=\"col-xs-12 col-lg-6\">\n\t\t<p><span class=\"wpcf7-form-control-wrap\" data-name=\"your-email\"><input size=\"40\" maxlength=\"400\" class=\"wpcf7-form-control wpcf7-email wpcf7-validates-as-required wpcf7-text wpcf7-validates-as-email form-control\" aria-required=\"true\" aria-invalid=\"false\" placeholder=\"E-mail*\" value=\"\" type=\"email\" name=\"your-email\" \/><\/span>\n\t\t<\/p>\n\t<\/div>\n\t<div class=\"col-xs-12 col-lg-6\">\n\t\t<p><span class=\"wpcf7-form-control-wrap\" data-name=\"your-subject\"><input size=\"40\" maxlength=\"400\" class=\"wpcf7-form-control wpcf7-text form-control\" aria-invalid=\"false\" placeholder=\"What is it about?*\" value=\"\" type=\"text\" name=\"your-subject\" \/><\/span>\n\t\t<\/p>\n\t<\/div>\n\t<div class=\"col-xs-12\">\n\t\t<p><span class=\"wpcf7-form-control-wrap\" data-name=\"your-message\"><textarea cols=\"40\" rows=\"10\" maxlength=\"2000\" class=\"wpcf7-form-control wpcf7-textarea form-control\" aria-invalid=\"false\" placeholder=\"Your message*\" name=\"your-message\"><\/textarea><\/span>\n\t\t<\/p>\n\t<\/div>\n\t<div class=\"col-xs-12\">\n\t\t<p><span class=\"wpcf7-form-control-wrap\" data-name=\"checkbox-31\"><span class=\"wpcf7-form-control wpcf7-checkbox wpcf7-validates-as-required\"><span class=\"wpcf7-list-item first last\"><label><input type=\"checkbox\" name=\"checkbox-31[]\" value=\"Ich willige ein, dass meine Angaben zur Kontaktaufnahme und Zuordnung f\u00fcr eventuelle R\u00fcckfragen dauerhaft gespeichert werden. Hinweis: Diese Einwilligung kannst du jederzeit mit Wirkung f\u00fcr die Zukunft widerrufen - sende uns daf\u00fcr eine eMail an info@kitesafe.de.\" \/><span class=\"wpcf7-list-item-label\">Ich willige ein, dass meine Angaben zur Kontaktaufnahme und Zuordnung f\u00fcr eventuelle R\u00fcckfragen dauerhaft gespeichert werden. Hinweis: Diese Einwilligung kannst du jederzeit mit Wirkung f\u00fcr die Zukunft widerrufen - sende uns daf\u00fcr eine eMail an info@kitesafe.de.<\/span><\/label><\/span><\/span><\/span><br \/>\n[mc4wp_checkbox]\n\t\t<\/p>\n\t<\/div>\n<\/div>\n<p>[honeypot deine-email move-inline-css:true][honeypot deine-website move-inline-css:true]\n<\/p>\n<div class=\"row\">\n\t<div class=\"col-xs-12\">\n\t\t<div class=\"wpcf7-notice\">\n\t\t\t<p>Fields marked with * are required.\n\t\t\t<\/p>\n\t\t<\/div>\n\t<\/div>\n<\/div>\n<div align=\"center\">\n\t<p><span class=\"wpcf7-form-control-wrap\" data-name=\"your-consent\"><span class=\"wpcf7-form-control wpcf7-acceptance\"><span class=\"wpcf7-list-item\"><label><input type=\"checkbox\" name=\"your-consent\" value=\"1\" aria-invalid=\"false\" \/><span class=\"wpcf7-list-item-label\">By submitting this form, I agree to the privacy policy.<\/span><\/label><\/span><\/span><\/span>\n\t<\/p>\n\t<p><input class=\"wpcf7-form-control wpcf7-submit has-spinner cherry-btn cherry-btn-info cherry-btn-medium\" type=\"submit\" value=\"ABSENDEN\" \/>\n\t<\/p>\n<\/div><div class=\"wpcf7-response-output\" aria-hidden=\"true\"><\/div>\n<\/form>\n<\/div>\n\n<\/div>\n<\/div><\/div><\/div><\/div><\/div><div id=\"pg-11923-3\"  class=\"panel-grid panel-no-style\" ><div id=\"pgc-11923-3-0\"  class=\"panel-grid-cell\" ><div id=\"panel-11923-3-0-0\" class=\"so-panel widget panel-first-child panel-last-child\" data-index=\"6\" ><\/div><\/div><\/div><\/div><\/div>","protected":false},"excerpt":{"rendered":"<p>IKO-Center kitesafe.de Wassersport-Station kitesafe.dec\/o Campingplatz Loissin, Am Strandweg 1, 17509 Loissin +49 (0)163 2904 111 info@kitesafe.de Unsere \u00d6ffnungszeiten (Mai &#8211; September) Monday 10:00-19:00 Tuesday 10:00-19:00 Wednesday 10:00-19:00 Thursday 10:00-19:00 Friday 10:00-21:00 Saturday 10:00-21:00 Sunday 10:00-18:00 Au\u00dferhalb der Saison (Oktober bis April) \u00d6ffnungszeiten nur auf Anfrage. Write us a message or apply here Ich willige ein, &hellip;<\/p>\n","protected":false},"author":1,"featured_media":0,"parent":0,"menu_order":0,"comment_status":"closed","ping_status":"closed","template":"","meta":{"_acf_changed":false,"ngg_post_thumbnail":0,"footnotes":""},"class_list":["post-11923","page","type-page","status-publish","hentry","clearfix"],"acf":[],"_links":{"self":[{"href":"https:\/\/kitesafe.de\/en\/wp-json\/wp\/v2\/pages\/11923","targetHints":{"allow":["GET"]}}],"collection":[{"href":"https:\/\/kitesafe.de\/en\/wp-json\/wp\/v2\/pages"}],"about":[{"href":"https:\/\/kitesafe.de\/en\/wp-json\/wp\/v2\/types\/page"}],"author":[{"embeddable":true,"href":"https:\/\/kitesafe.de\/en\/wp-json\/wp\/v2\/users\/1"}],"replies":[{"embeddable":true,"href":"https:\/\/kitesafe.de\/en\/wp-json\/wp\/v2\/comments?post=11923"}],"version-history":[{"count":1,"href":"https:\/\/kitesafe.de\/en\/wp-json\/wp\/v2\/pages\/11923\/revisions"}],"predecessor-version":[{"id":11927,"href":"https:\/\/kitesafe.de\/en\/wp-json\/wp\/v2\/pages\/11923\/revisions\/11927"}],"wp:attachment":[{"href":"https:\/\/kitesafe.de\/en\/wp-json\/wp\/v2\/media?parent=11923"}],"curies":[{"name":"wp","href":"https:\/\/api.w.org\/{rel}","templated":true}]}}