{"id":11921,"date":"2022-01-08T12:25:43","date_gmt":"2022-01-08T11:25:43","guid":{"rendered":"https:\/\/kitesafe.de\/kite-surfing\/kite-instructor-training\/"},"modified":"2022-01-08T12:25:44","modified_gmt":"2022-01-08T11:25:44","slug":"kite-instructor-training","status":"publish","type":"page","link":"https:\/\/kitesafe.de\/en\/kite-surfing\/kite-instructor-training\/","title":{"rendered":"Kite instructor training"},"content":{"rendered":"<div id=\"modal-ready\"><div id=\"pl-11921\"  class=\"panel-layout\" ><div id=\"pg-11921-0\"  class=\"panel-grid panel-no-style\" ><div id=\"pgc-11921-0-0\"  class=\"panel-grid-cell\" ><div id=\"panel-11921-0-0-0\" class=\"so-panel widget widget_sow-editor panel-first-child panel-last-child\" data-index=\"0\" ><div\n\t\t\t\n\t\t\tclass=\"so-widget-sow-editor so-widget-sow-editor-base\"\n\t\t\t\n\t\t>\n<div class=\"siteorigin-widget-tinymce textwidget\">\n\t<h1>IKO - International Kiteboarding Organization<\/h1>\n<\/div>\n<\/div><\/div><\/div><\/div><div id=\"pg-11921-1\"  class=\"panel-grid panel-no-style\" ><div id=\"pgc-11921-1-0\"  class=\"panel-grid-cell\" ><div id=\"panel-11921-1-0-0\" class=\"so-panel widget widget_sow-editor panel-first-child panel-last-child\" data-index=\"1\" ><div\n\t\t\t\n\t\t\tclass=\"so-widget-sow-editor so-widget-sow-editor-base\"\n\t\t\t\n\t\t>\n<div class=\"siteorigin-widget-tinymce textwidget\">\n\t<p>When it comes to standards for safety and teaching concepts, there is no getting around the IKO. Founded in 2001 and based in Cabarete (Dominican Republic), the organization is committed to the development and continuous improvement of teaching methods in kitesurfing and has since been successfully developing programs for the training of both kite surfers and kite instructors. Since it was founded, well over 600,000 kite surfers and over 12,000 instructors have been trained according to the IKO teaching system.<\/p>\n<\/div>\n<\/div><\/div><\/div><div id=\"pgc-11921-1-1\"  class=\"panel-grid-cell\" ><div id=\"panel-11921-1-1-0\" class=\"so-panel widget widget_sow-image panel-first-child panel-last-child\" data-index=\"2\" ><div\n\t\t\t\n\t\t\tclass=\"so-widget-sow-image so-widget-sow-image-default-8b5b6f678277-11921\"\n\t\t\t\n\t\t>\n<div class=\"sow-image-container\">\n\t\t<img decoding=\"async\" src=\"https:\/\/kitesafe.de\/wp-content\/uploads\/2018\/12\/DSC03212-717x477.jpg\" width=\"717\" height=\"477\" srcset=\"https:\/\/kitesafe.de\/wp-content\/uploads\/2018\/12\/DSC03212-717x477.jpg 717w, https:\/\/kitesafe.de\/wp-content\/uploads\/2018\/12\/DSC03212-717x477-300x200.jpg 300w, https:\/\/kitesafe.de\/wp-content\/uploads\/2018\/12\/DSC03212-717x477-540x359.jpg 540w, https:\/\/kitesafe.de\/wp-content\/uploads\/2018\/12\/DSC03212-717x477-600x399.jpg 600w, https:\/\/kitesafe.de\/wp-content\/uploads\/2018\/12\/DSC03212-717x477-272x182.jpg 272w\" sizes=\"(max-width: 717px) 100vw, 717px\" title=\"IKO-Fahne-864px\" alt=\"\" class=\"so-widget-image\">\n\t<\/div>\n\n<\/div><\/div><\/div><\/div><div id=\"pg-11921-2\"  class=\"panel-grid panel-no-style\" ><div id=\"pgc-11921-2-0\"  class=\"panel-grid-cell\" ><div id=\"panel-11921-2-0-0\" class=\"so-panel widget widget_pw_image_banner widget-image-banner panel-first-child panel-last-child\" data-index=\"3\" >\t\t\t\t<a href=\"#\" target=\"_self\" class=\"image-banner\">\n\t\t\t\t\t<img decoding=\"async\" class=\"img-fluid  image-banner__image\" src=\"https:\/\/kitesafe.de\/wp-content\/uploads\/2018\/12\/training_calendar.jpeg\" alt=\"\" title=\"\">\n\t\t\t\t\t<div class=\"image-banner__text  image-banner__text--normal\" style=\"color: #ffffff\">\n\t\t\t\t\t\t\t\t\t\t\t<\/div>\n\t\t\t\t<\/a>\n\t\t\t<\/div><\/div><\/div><div id=\"pg-11921-3\"  class=\"panel-grid panel-no-style\" ><div id=\"pgc-11921-3-0\"  class=\"panel-grid-cell\" ><div id=\"panel-11921-3-0-0\" class=\"so-panel widget widget_sow-editor panel-first-child\" data-index=\"4\" ><div class=\"featured-widget panel-widget-style panel-widget-style-for-11921-3-0-0\" ><div\n\t\t\t\n\t\t\tclass=\"so-widget-sow-editor so-widget-sow-editor-base\"\n\t\t\t\n\t\t>\n<div class=\"siteorigin-widget-tinymce textwidget\">\n\t<h5 style=\"text-align: center;\"><span class=\"icon-container\"><span class=\"fa fa-graduation-cap  fa-2x\" style=\"color:#dddddd;\"><\/span><\/span><\/h5>\n<h6 style=\"text-align: center;\">over 600,000 certified kiteboarders<\/h6>\n<\/div>\n<\/div><\/div><\/div><div id=\"panel-11921-3-0-1\" class=\"so-panel widget widget_sow-editor\" data-index=\"5\" ><div class=\"featured-widget panel-widget-style panel-widget-style-for-11921-3-0-1\" ><div\n\t\t\t\n\t\t\tclass=\"so-widget-sow-editor so-widget-sow-editor-base\"\n\t\t\t\n\t\t>\n<div class=\"siteorigin-widget-tinymce textwidget\">\n\t<h5 style=\"text-align: center;\"><span class=\"icon-container\"><span class=\"fa fa-thumbs-o-up   fa-2x\" style=\"color:#dddddd;\"><\/span><\/span><\/h5>\n<h6 style=\"text-align: center;\">more than 4,000 active instructors<\/h6>\n<\/div>\n<\/div><\/div><\/div><div id=\"panel-11921-3-0-2\" class=\"so-panel widget widget_sow-editor panel-last-child\" data-index=\"6\" ><div class=\"featured-widget panel-widget-style panel-widget-style-for-11921-3-0-2\" ><div\n\t\t\t\n\t\t\tclass=\"so-widget-sow-editor so-widget-sow-editor-base\"\n\t\t\t\n\t\t>\n<div class=\"siteorigin-widget-tinymce textwidget\">\n\t<h5 style=\"text-align: center;\"><span class=\"icon-container\"><span class=\"fa fa-globe  fa-2x\" style=\"color:#dddddd;\"><\/span><\/span><\/h5>\n<h6 style=\"text-align: center;\">over 130 IKO centers worldwide<\/h6>\n<\/div>\n<\/div><\/div><\/div><\/div><div id=\"pgc-11921-3-1\"  class=\"panel-grid-cell\" ><div id=\"panel-11921-3-1-0\" class=\"so-panel widget widget_sow-editor panel-first-child panel-last-child\" data-index=\"7\" ><div\n\t\t\t\n\t\t\tclass=\"so-widget-sow-editor so-widget-sow-editor-base\"\n\t\t\t\n\t\t>\n<div class=\"siteorigin-widget-tinymce textwidget\">\n\t<h2>Why IKO?<\/h2>\n<p>The training as an IKO kite instructor gives you access to a worldwide network of IKO centers - since the training is internationally recognized and identical in every country, with the training as an IKO Instructor Level 1 or IKO Assistant you meet the technical requirements to be able to work on each IKO center to be able to work. The focus on safety and learning progress is another advantage over similar training courses offered by other associations, which not only benefits your students during the course, but also benefits you yourself while you are working.<\/p>\n<\/div>\n<\/div><\/div><\/div><\/div><div id=\"pg-11921-4\"  class=\"panel-grid panel-no-style\" ><div id=\"pgc-11921-4-0\"  class=\"panel-grid-cell\" ><div id=\"panel-11921-4-0-0\" class=\"so-panel widget widget_sow-editor panel-first-child panel-last-child\" data-index=\"8\" ><div\n\t\t\t\n\t\t\tclass=\"so-widget-sow-editor so-widget-sow-editor-base\"\n\t\t\t\n\t\t>\n<div class=\"siteorigin-widget-tinymce textwidget\">\n\t<h2 style=\"text-align: center;\">IKO PRO COURSES - OVERVIEW<\/h2>\n<\/div>\n<\/div><\/div><\/div><\/div><div id=\"pg-11921-5\"  class=\"panel-grid panel-no-style\" ><div id=\"pgc-11921-5-0\"  class=\"panel-grid-cell\" ><div id=\"panel-11921-5-0-0\" class=\"so-panel widget widget_pw_featured_page widget-featured-page panel-first-child\" data-index=\"9\" >\n\t<div class=\"page-box  page-box--block\">\n\t\t\t\t\t\t<a class=\"page-box__picture\" href=\"https:\/\/kitesafe.de\/kitesurfen\/kitelehrerausbildung\/assistant-training-course-atc\/\">\n\t\t\t\t\t<img decoding=\"async\" src=\"https:\/\/kitesafe.de\/wp-content\/uploads\/2018\/12\/Thumbnail-Assistant-352x198.gif\" width=\"352\" height=\"198\" srcset=\"https:\/\/kitesafe.de\/wp-content\/uploads\/2018\/12\/Thumbnail-Assistant-352x198.gif 352w, https:\/\/kitesafe.de\/wp-content\/uploads\/2018\/12\/Thumbnail-Assistant.gif 1000w\" sizes=\"(min-width: 1200px) 349px, (min-width: 992px) 282px, (min-width: 768px) 690px, calc(100vw - 30px)\" class=\"wp-post-image\" alt=\"Assistant Training Course (ATC)\" title=\"\">\n\t\t\t\t\t\t\t\t\t<\/a>\n\t\t\t\t\t\t\t\t<div class=\"page-box__content\">\n\t\t\t<h4 class=\"page-box__title\"><a href=\"https:\/\/kitesafe.de\/kitesurfen\/kitelehrerausbildung\/assistant-training-course-atc\/\">Assistant Training Course (ATC)<\/a><\/h4>\n\t\t\t<p class=\"page-box__text\">Du m\u00f6chtest Kitesurfen nicht nur als Hobby betreiben, mehr Grundlagenwissen \u00fcber Deinen Lieblingssport erlangen oder einfach nur eine M\u00f6glichkeit &hellip;<\/p>\n\t\t\t\t\t\t\t<a href=\"https:\/\/kitesafe.de\/kitesurfen\/kitelehrerausbildung\/assistant-training-course-atc\/\" class=\"page-box__more-link\">ZUM AITC<\/a>\n\t\t\t\t\t<\/div>\n\t<\/div>\n\n<\/div><div id=\"panel-11921-5-0-1\" class=\"so-panel widget widget_sow-editor panel-last-child\" data-index=\"10\" ><div\n\t\t\t\n\t\t\tclass=\"so-widget-sow-editor so-widget-sow-editor-base\"\n\t\t\t\n\t\t>\n<div class=\"siteorigin-widget-tinymce textwidget\">\n\t<\/div>\n<\/div><\/div><\/div><div id=\"pgc-11921-5-1\"  class=\"panel-grid-cell\" ><div id=\"panel-11921-5-1-0\" class=\"so-panel widget widget_pw_featured_page widget-featured-page panel-first-child\" data-index=\"11\" >\n\t<div class=\"page-box  page-box--block\">\n\t\t\t\t\t\t<a class=\"page-box__picture\" href=\"https:\/\/kitesafe.de\/kitesurfen\/kitelehrerausbildung\/instructor-training-course-itc\/\">\n\t\t\t\t\t<img decoding=\"async\" src=\"https:\/\/kitesafe.de\/wp-content\/uploads\/2018\/12\/Thumbnail-Instructor-1-352x198.gif\" width=\"352\" height=\"198\" srcset=\"https:\/\/kitesafe.de\/wp-content\/uploads\/2018\/12\/Thumbnail-Instructor-1-352x198.gif 352w, https:\/\/kitesafe.de\/wp-content\/uploads\/2018\/12\/Thumbnail-Instructor-1.gif 1000w\" sizes=\"(min-width: 1200px) 349px, (min-width: 992px) 282px, (min-width: 768px) 690px, calc(100vw - 30px)\" class=\"wp-post-image\" alt=\"Instructor Training Course (ITC)\" title=\"\">\n\t\t\t\t\t\t\t\t\t<\/a>\n\t\t\t\t\t\t\t\t<div class=\"page-box__content\">\n\t\t\t<h4 class=\"page-box__title\"><a href=\"https:\/\/kitesafe.de\/kitesurfen\/kitelehrerausbildung\/instructor-training-course-itc\/\">Instructor Training Course (ITC)<\/a><\/h4>\n\t\t\t<p class=\"page-box__text\">Du m\u00f6chtest Kitesurfen nicht nur als Hobby betreiben, mehr Grundlagenwissen \u00fcber Deinen Lieblingssport erlangen oder einfach nur eine M\u00f6glichkeit &hellip;<\/p>\n\t\t\t\t\t\t\t<a href=\"https:\/\/kitesafe.de\/kitesurfen\/kitelehrerausbildung\/instructor-training-course-itc\/\" class=\"page-box__more-link\">ZUM ITC<\/a>\n\t\t\t\t\t<\/div>\n\t<\/div>\n\n<\/div><div id=\"panel-11921-5-1-1\" class=\"so-panel widget widget_sow-editor panel-last-child\" data-index=\"12\" ><div\n\t\t\t\n\t\t\tclass=\"so-widget-sow-editor so-widget-sow-editor-base\"\n\t\t\t\n\t\t>\n<div class=\"siteorigin-widget-tinymce textwidget\">\n\t<\/div>\n<\/div><\/div><\/div><div id=\"pgc-11921-5-2\"  class=\"panel-grid-cell\" ><div id=\"panel-11921-5-2-0\" class=\"so-panel widget widget_pw_featured_page widget-featured-page panel-first-child\" data-index=\"13\" >\n\t<div class=\"page-box  page-box--block\">\n\t\t\t\t<div class=\"page-box__content\">\n\t\t\t<h4 class=\"page-box__title\"><a href=\"\"><\/a><\/h4>\n\t\t\t<p class=\"page-box__text\"><\/p>\n\t\t\t\t\t\t\t<a href=\"\" class=\"page-box__more-link\">ZUM IEC<\/a>\n\t\t\t\t\t<\/div>\n\t<\/div>\n\n<\/div><div id=\"panel-11921-5-2-1\" class=\"so-panel widget widget_sow-editor panel-last-child\" data-index=\"14\" ><div\n\t\t\t\n\t\t\tclass=\"so-widget-sow-editor so-widget-sow-editor-base\"\n\t\t\t\n\t\t>\n<div class=\"siteorigin-widget-tinymce textwidget\">\n\t<\/div>\n<\/div><\/div><\/div><div id=\"pgc-11921-5-3\"  class=\"panel-grid-cell\" ><div id=\"panel-11921-5-3-0\" class=\"so-panel widget widget_pw_featured_page widget-featured-page panel-first-child\" data-index=\"15\" >\n\t<div class=\"page-box  page-box--block\">\n\t\t\t\t\t\t<a class=\"page-box__picture\" href=\"https:\/\/kitesafe.de\/kitesurfen\/kitelehrerausbildung\/assistant-trainer-training-course-attc\/\">\n\t\t\t\t\t<img decoding=\"async\" src=\"https:\/\/kitesafe.de\/wp-content\/uploads\/2018\/12\/Thumbnail-Assistant-Trainer-352x198.gif\" width=\"352\" height=\"198\" srcset=\"https:\/\/kitesafe.de\/wp-content\/uploads\/2018\/12\/Thumbnail-Assistant-Trainer-352x198.gif 352w, https:\/\/kitesafe.de\/wp-content\/uploads\/2018\/12\/Thumbnail-Assistant-Trainer.gif 1000w\" sizes=\"(min-width: 1200px) 349px, (min-width: 992px) 282px, (min-width: 768px) 690px, calc(100vw - 30px)\" class=\"wp-post-image\" alt=\"Assistant Trainer Training Course (ATTC)\" title=\"\">\n\t\t\t\t\t\t\t\t\t<\/a>\n\t\t\t\t\t\t\t\t<div class=\"page-box__content\">\n\t\t\t<h4 class=\"page-box__title\"><a href=\"https:\/\/kitesafe.de\/kitesurfen\/kitelehrerausbildung\/assistant-trainer-training-course-attc\/\">Assistant Trainer Training Course (ATTC)<\/a><\/h4>\n\t\t\t<p class=\"page-box__text\">Du m\u00f6chtest selbst Assistant Instructors ausbilden und in die Ausbildung der zuk\u00fcnftigen Kitelehrer-Generationen einsteigen? Hier findest Du &hellip;<\/p>\n\t\t\t\t\t\t\t<a href=\"https:\/\/kitesafe.de\/kitesurfen\/kitelehrerausbildung\/assistant-trainer-training-course-attc\/\" class=\"page-box__more-link\">ZUM ATTC<\/a>\n\t\t\t\t\t<\/div>\n\t<\/div>\n\n<\/div><div id=\"panel-11921-5-3-1\" class=\"so-panel widget widget_sow-editor panel-last-child\" data-index=\"16\" ><div\n\t\t\t\n\t\t\tclass=\"so-widget-sow-editor so-widget-sow-editor-base\"\n\t\t\t\n\t\t>\n<div class=\"siteorigin-widget-tinymce textwidget\">\n\t<\/div>\n<\/div><\/div><\/div><\/div><div id=\"pg-11921-6\"  class=\"panel-grid panel-no-style\" ><div id=\"pgc-11921-6-0\"  class=\"panel-grid-cell\" ><div id=\"panel-11921-6-0-0\" class=\"so-panel widget widget_sow-editor panel-first-child panel-last-child\" data-index=\"17\" ><div\n\t\t\t\n\t\t\tclass=\"so-widget-sow-editor so-widget-sow-editor-base\"\n\t\t\t\n\t\t><h3 class=\"widget-title\"><span class=\"widget-title__inline\">REQUIREMENTS<\/span><\/h3>\n<div class=\"siteorigin-widget-tinymce textwidget\">\n\t<p>You can find the requirements for participating in the individual courses under the respective course information. If you are not sure or if you have any questions, please do not hesitate to <a href=\"https:\/\/kitesafe.de\/en\/?page_id=11923\">contact<\/a> us. You can also find more information about the courses on the <a href=\"https:\/\/www.ikointl.com\/de\/kurs\" target=\"_blank\" rel=\"noopener\">IKO website<\/a> .<\/p>\n<p>Since all pro courses require a valid first aid certificate ( <a href=\"https:\/\/kitesafe.de\/en\/kite-surfing\/kite-instructor-training\/medic-first-aid-course\/\">MFA - Medic First Aid<\/a> ), we regularly offer one <a href=\"https:\/\/kitesafe.de\/en\/kite-surfing\/kite-instructor-training\/medic-first-aid-course\/\">-day first aid courses for water sports enthusiasts<\/a> . You can find out when the next course will take place under <a href=\"https:\/\/kitesafe.de\/termine\/\">Dates<\/a> .<\/p>\n<\/div>\n<\/div><\/div><\/div><div id=\"pgc-11921-6-1\"  class=\"panel-grid-cell\" ><div id=\"panel-11921-6-1-0\" class=\"so-panel widget widget_sow-editor panel-first-child panel-last-child\" data-index=\"18\" ><div\n\t\t\t\n\t\t\tclass=\"so-widget-sow-editor so-widget-sow-editor-base\"\n\t\t\t\n\t\t><h3 class=\"widget-title\"><span class=\"widget-title__inline\">REGISTRATION AND BOOKING<\/span><\/h3>\n<div class=\"siteorigin-widget-tinymce textwidget\">\n\t<p>If you want to register for a <a href=\"https:\/\/www.ikointl.com\/de\/school\/germany\/loissin\/kitesafe-de#courses\" target=\"_blank\" rel=\"noopener\">course<\/a> , please contact us - we will discuss the details and clarify all questions, send you an invoice and register for the course. As soon as we have received the course fee, your place in the course will be booked.<\/p>\n<p>If our appointments are not suitable for you, you can check the appointment calendar on the <a href=\"https:\/\/www.ikointl.com\/de\/Training-Kite-Course-Calendar\" target=\"_blank\" rel=\"noopener\">IKO website<\/a> for alternative appointments.<\/p>\n<\/div>\n<\/div><\/div><\/div><\/div><div id=\"pg-11921-7\"  class=\"panel-grid panel-no-style\" ><div id=\"pgc-11921-7-0\"  class=\"panel-grid-cell\" ><div id=\"panel-11921-7-0-0\" class=\"so-panel widget widget_pw_portfolio_grid widget-portfolio-grid panel-first-child panel-last-child\" data-index=\"19\" >\t\t\t\t\t<div class=\"portfolio-grid  portfolio-grid--slider\" data-type=\"slider\">\n\t\t\t\t\t\t\t\t\t\t<nav class=\"portfolio-grid__header\">\n\t\t\t\t\t<a href=\"#\" class=\"portfolio-grid__mobile-filter  js-filter  btn  btn-primary  btn-sm  hidden-lg-up\">\n\t\t\t\t\t\t<span class=\"fa  fa-filter\"><\/span> &nbsp;\n\t\t\t\t\t\tFILTER\t\t\t\t\t<\/a>\n\n\t\t\t\t\t\n\t\t\t\t\t<ul class=\"portfolio-grid__nav  js-wpg-nav-holder\">\n\t\t\t\t\t\t<li class=\"portfolio-grid__nav-item  is-active\" >\n\t\t\t\t\t\t\t<a href=\"#widget-7-0-0-all\" data-category=\"*\" class=\"portfolio-grid__nav-link  js-wpg-nav\">N\u00e4chste Termine<\/a>\n\t\t\t\t\t\t<\/li>\n\t\t\t\t\t\t\t\t\t\t\t\t\t<li class=\"portfolio-grid__nav-item\">\n\t\t\t\t\t\t\t\t<a href=\"#widget-7-0-0-kite-instructor-training\" data-category=\"kite-instructor-training\" class=\"portfolio-grid__nav-link  js-wpg-nav\">KITE INSTRUCTOR TRAINING<\/a>\n\t\t\t\t\t\t\t<\/li>\n\t\t\t\t\t\t\t\t\t\t\t<\/ul>\n\t\t\t\t<\/nav>\n\t\t\t\t\t\t\t\t\t<div id=\"portfolio-grid-widget-7-0-0\" class=\"carousel  slide\" data-ride=\"carousel\" data-interval=\"false\">\n\t\t\t\t\t\t\t<div class=\"carousel-inner  js-wpg-items\" role=\"listbox\">\n\t\t\t\t\t\t\t\t<div class=\"carousel-item  active\">\n\t\t\t\t\t\t\t\t\t<div class=\"row\">\n\t\t\t\t\t\t\t\t\t\t\t\t\t\t\t\t\t\t\t<\/div>\n\t\t\t\t\t\t\t\t<\/div>\n\t\t\t\t\t\t\t<\/div>\n\t\t\t\t\t\t<\/div>\n\n\t\t\t\t\t\t<!-- <div class=\"portfolio-grid__arrows  js-wpg-arrows\"> -->\n\t\t\t\t\t\t\t<a class=\"portfolio-grid__arrow  portfolio-grid__arrow--left\" href=\"#portfolio-grid-widget-7-0-0\" role=\"button\" data-slide=\"prev\">\n\t\t\t\t\t\t\t\t<span class=\"fa fa-long-arrow-left\" aria-hidden=\"true\"><\/span>\n\t\t\t\t\t\t\t\t<span class=\"sr-only\">Previous<\/span>\n\t\t\t\t\t\t\t<\/a><a class=\"portfolio-grid__arrow  portfolio-grid__arrow--right\" href=\"#portfolio-grid-widget-7-0-0\" role=\"button\" data-slide=\"next\">\n\t\t\t\t\t\t\t\t<span class=\"fa fa-long-arrow-right\" aria-hidden=\"true\"><\/span>\n\t\t\t\t\t\t\t\t<span class=\"sr-only\">Next<\/span>\n\t\t\t\t\t\t\t<\/a>\n\t\t\t\t\t\t<!-- <\/div> -->\n\n\t\t\t\t\t<\/div>\n\t\t\t\t\t<\/div><\/div><\/div><div id=\"pg-11921-8\"  class=\"panel-grid panel-no-style\" ><div id=\"pgc-11921-8-0\"  class=\"panel-grid-cell\" ><div id=\"panel-11921-8-0-0\" class=\"so-panel widget widget_sow-image panel-first-child panel-last-child\" data-index=\"20\" ><div\n\t\t\t\n\t\t\tclass=\"so-widget-sow-image so-widget-sow-image-default-8b5b6f678277-11921\"\n\t\t\t\n\t\t>\n<div class=\"sow-image-container\">\n\t\t<img decoding=\"async\" src=\"https:\/\/kitesafe.de\/wp-content\/uploads\/2018\/12\/instructorship.jpg\" width=\"1219\" height=\"440\" srcset=\"https:\/\/kitesafe.de\/wp-content\/uploads\/2018\/12\/instructorship.jpg 1219w, https:\/\/kitesafe.de\/wp-content\/uploads\/2018\/12\/instructorship-300x108.jpg 300w, https:\/\/kitesafe.de\/wp-content\/uploads\/2018\/12\/instructorship-768x277.jpg 768w, https:\/\/kitesafe.de\/wp-content\/uploads\/2018\/12\/instructorship-1024x370.jpg 1024w, https:\/\/kitesafe.de\/wp-content\/uploads\/2018\/12\/instructorship-540x195.jpg 540w, https:\/\/kitesafe.de\/wp-content\/uploads\/2018\/12\/instructorship-600x217.jpg 600w\" sizes=\"(max-width: 1219px) 100vw, 1219px\" title=\"iko-instructorship\" alt=\"\" class=\"so-widget-image\">\n\t<\/div>\n\n<\/div><\/div><\/div><\/div><\/div><\/div>","protected":false},"excerpt":{"rendered":"<p>You are an enthusiastic kite surfer, sport is your passion. Take the next step and become an IKO kitesurf instructor with us!<\/p>\n","protected":false},"author":1,"featured_media":10294,"parent":11909,"menu_order":0,"comment_status":"closed","ping_status":"closed","template":"","meta":{"_acf_changed":false,"ngg_post_thumbnail":0,"footnotes":""},"class_list":["post-11921","page","type-page","status-publish","has-post-thumbnail","hentry","clearfix"],"acf":[],"_links":{"self":[{"href":"https:\/\/kitesafe.de\/en\/wp-json\/wp\/v2\/pages\/11921","targetHints":{"allow":["GET"]}}],"collection":[{"href":"https:\/\/kitesafe.de\/en\/wp-json\/wp\/v2\/pages"}],"about":[{"href":"https:\/\/kitesafe.de\/en\/wp-json\/wp\/v2\/types\/page"}],"author":[{"embeddable":true,"href":"https:\/\/kitesafe.de\/en\/wp-json\/wp\/v2\/users\/1"}],"replies":[{"embeddable":true,"href":"https:\/\/kitesafe.de\/en\/wp-json\/wp\/v2\/comments?post=11921"}],"version-history":[{"count":1,"href":"https:\/\/kitesafe.de\/en\/wp-json\/wp\/v2\/pages\/11921\/revisions"}],"predecessor-version":[{"id":11933,"href":"https:\/\/kitesafe.de\/en\/wp-json\/wp\/v2\/pages\/11921\/revisions\/11933"}],"up":[{"embeddable":true,"href":"https:\/\/kitesafe.de\/en\/wp-json\/wp\/v2\/pages\/11909"}],"wp:featuredmedia":[{"embeddable":true,"href":"https:\/\/kitesafe.de\/en\/wp-json\/wp\/v2\/media\/10294"}],"wp:attachment":[{"href":"https:\/\/kitesafe.de\/en\/wp-json\/wp\/v2\/media?parent=11921"}],"curies":[{"name":"wp","href":"https:\/\/api.w.org\/{rel}","templated":true}]}}