{"id":11912,"date":"2022-01-08T12:25:42","date_gmt":"2022-01-08T11:25:42","guid":{"rendered":"https:\/\/kitesafe.de\/sup-rental\/"},"modified":"2025-02-04T01:35:42","modified_gmt":"2025-02-04T00:35:42","slug":"sup-rental","status":"publish","type":"page","link":"https:\/\/kitesafe.de\/en\/stand-up-paddling-sup\/sup-rental\/","title":{"rendered":"SUP rental"},"content":{"rendered":"<div id=\"modal-ready\"><div id=\"pl-11912\"  class=\"panel-layout\" ><div id=\"pg-11912-0\"  class=\"panel-grid panel-no-style\" ><div id=\"pgc-11912-0-0\"  class=\"panel-grid-cell\" ><div id=\"panel-11912-0-0-0\" class=\"so-panel widget widget_sow-image panel-first-child panel-last-child\" data-index=\"0\" ><div\n\t\t\t\n\t\t\tclass=\"so-widget-sow-image so-widget-sow-image-default-8b5b6f678277-11912\"\n\t\t\t\n\t\t>\n<div class=\"sow-image-container\">\n\t\t\t<a href=\"https:\/\/kitesafe.de\/wp-content\/uploads\/2018\/12\/P1020506.jpg\"\n\t\t\tdata-lightbox=\"18400335025c27647a5b044448200510\" data-lightbox-options=\"{&quot;alwaysShowNavOnTouchDevices&quot;:false,&quot;disabledOnTablet&quot;:false,&quot;disabledOnMobile&quot;:false,&quot;disableScrolling&quot;:false,&quot;overlayColor&quot;:&quot;#000&quot;,&quot;overlayOpacity&quot;:0.8000000000000000444089209850062616169452667236328125,&quot;fadeDuration&quot;:600,&quot;fitImagesInViewport&quot;:true,&quot;imageFadeDuration&quot;:600,&quot;maxHeight&quot;:&quot;&quot;,&quot;maxWidth&quot;:&quot;&quot;,&quot;positionFromTop&quot;:50,&quot;resizeDuration&quot;:700,&quot;showImageNumberLabel&quot;:true,&quot;disableCaption&quot;:&quot;&quot;,&quot;wrapAround&quot;:true,&quot;albumLabel&quot;:&quot; %1 of %2&quot;}\" data-title=\"SUP rental beach\" \t\t>\n\t\t\t<img \n\tsrc=\"https:\/\/kitesafe.de\/wp-content\/uploads\/2018\/12\/P1020506-864x330.jpg\" width=\"864\" height=\"330\" sizes=\"(max-width: 864px) 100vw, 864px\" title=\"SUP rental beach\" alt=\"SUP rental beach\" \t\tclass=\"so-widget-image\"\/>\n\t\t\t<\/a><\/div>\n\n<\/div><\/div><\/div><\/div><div id=\"pg-11912-1\"  class=\"panel-grid panel-no-style\" ><div id=\"pgc-11912-1-0\"  class=\"panel-grid-cell\" ><div id=\"panel-11912-1-0-0\" class=\"so-panel widget widget_sow-editor panel-first-child panel-last-child\" data-index=\"1\" ><div\n\t\t\t\n\t\t\tclass=\"so-widget-sow-editor so-widget-sow-editor-base\"\n\t\t\t\n\t\t><h3 class=\"widget-title\"><span class=\"widget-title__inline\">SUP rental<\/span><\/h3>\n<div class=\"siteorigin-widget-tinymce textwidget\">\n\t<p>Stand up paddling or SUP for short has established itself in recent years as the perfect workout and lazy alternative to kitesurfing. And even without ambitions for top athletic performance, it is fun to fall off the board in the bay or to watch the ground in waist-deep water. We have SUP boards and SUP paddles from FANATIC &amp; Indiana on site in the SUP rental, which we are happy to lend to you (against a deposit).<\/p>\n<\/div>\n<\/div><\/div><\/div><\/div><div id=\"pg-11912-2\"  class=\"panel-grid panel-no-style\" ><div id=\"pgc-11912-2-0\"  class=\"panel-grid-cell\" ><div id=\"panel-11912-2-0-0\" class=\"so-panel widget widget_pw_pricing_list widget-pricing-list panel-first-child panel-last-child\" data-index=\"2\" >\n\t<div class=\"pricing-list\">\n\t\t\t\t\t<div class=\"pricing-list__widget-title\">\n\t\t\t\t<h3 class=\"widget-title\"><span class=\"widget-title__inline\">SUP Verleih &#8211; Saison-Abo<\/span><\/h3>\t\t\t<\/div>\n\t\t\t\t\t\t\t<div class=\"pricing-list__item\">\n\t\t\t\t\t\t\t\t\t<span class=\"pricing-list__badge\">Saison-Verleih-Flatrate<\/span>\n\t\t\t\t\t\t\t\t<span class=\"pricing-list__title\"><\/span>\n\t\t\t\t<span class=\"pricing-list__line\"><\/span>\n\t\t\t\t<span class=\"pricing-list__price\"><\/span>\n\t\t\t\t\t\t\t<\/div>\n\t\t\t\t\t<div class=\"pricing-list__item\">\n\t\t\t\t\t\t\t\t<span class=\"pricing-list__title\">SUP &amp; Paddel<\/span>\n\t\t\t\t<span class=\"pricing-list__line\"><\/span>\n\t\t\t\t<span class=\"pricing-list__price\">450\u20ac<\/span>\n\t\t\t\t\t\t\t<\/div>\n\t\t\t\t\t<div class=\"pricing-list__item\">\n\t\t\t\t\t\t\t\t<span class=\"pricing-list__title\"><\/span>\n\t\t\t\t<span class=\"pricing-list__line\"><\/span>\n\t\t\t\t<span class=\"pricing-list__price\"><\/span>\n\t\t\t\t\t\t\t\t\t<p class=\"pricing-list__description\">\n\t\t\t\t\t\tStand-Up-Paddeln ist Deine Passion und Du liebst es, stressfrei \u00fcber das Wasser zu gleiten? Dann ist unser Saison-Abo genau das Richtige f\u00fcr Dich: f\u00fcr den Preis von 10 Tagen Verleihgeb\u00fchr kannst Du die gesamte Saison \u00fcber unseren Materialpool nutzen! Bei weiter steigenden Materialpreisen lohnt sich unsere Flatrate f\u00fcr alle Dauercamper, Dauerpaddler, Wochenendpaddler und G\u00e4ste mit Aufenthalt von mindestens 2 Wochen - ohne Sorge, dass Dein Board Luft verliert, das Paddel verbiegt oder Du Dich mit Lagerung, Reparatur &amp; Wartung befassen musst. Sprich uns gerne an, wir beraten Dich gerne!!!\t\t\t\t\t<\/p>\n\t\t\t\t\t\t\t<\/div>\n\t\t\t<\/div>\n\n<\/div><\/div><\/div><div id=\"pg-11912-3\"  class=\"panel-grid panel-no-style\" ><div id=\"pgc-11912-3-0\"  class=\"panel-grid-cell\" ><div id=\"panel-11912-3-0-0\" class=\"so-panel widget widget_pw_pricing_list widget-pricing-list panel-first-child panel-last-child\" data-index=\"3\" >\n\t<div class=\"pricing-list\">\n\t\t\t\t\t<div class=\"pricing-list__widget-title\">\n\t\t\t\t<h3 class=\"widget-title\"><span class=\"widget-title__inline\">SUP Verleih &#8211; Preisliste<\/span><\/h3>\t\t\t<\/div>\n\t\t\t\t\t\t\t<div class=\"pricing-list__item\">\n\t\t\t\t\t\t\t\t<span class=\"pricing-list__title\">SUP &amp; Paddel (1 Stunde)<\/span>\n\t\t\t\t<span class=\"pricing-list__line\"><\/span>\n\t\t\t\t<span class=\"pricing-list__price\">15\u20ac<\/span>\n\t\t\t\t\t\t\t<\/div>\n\t\t\t\t\t<div class=\"pricing-list__item\">\n\t\t\t\t\t\t\t\t\t<span class=\"pricing-list__badge\">Unser Tipp!<\/span>\n\t\t\t\t\t\t\t\t<span class=\"pricing-list__title\">SUP &amp; Paddel (3 Stunden)<\/span>\n\t\t\t\t<span class=\"pricing-list__line\"><\/span>\n\t\t\t\t<span class=\"pricing-list__price\">30\u20ac<\/span>\n\t\t\t\t\t\t\t<\/div>\n\t\t\t\t\t<div class=\"pricing-list__item\">\n\t\t\t\t\t\t\t\t<span class=\"pricing-list__title\">SUP &amp; Paddel (1 Tag)<\/span>\n\t\t\t\t<span class=\"pricing-list__line\"><\/span>\n\t\t\t\t<span class=\"pricing-list__price\">45\u20ac<\/span>\n\t\t\t\t\t\t\t<\/div>\n\t\t\t\t\t<div class=\"pricing-list__item\">\n\t\t\t\t\t\t\t\t<span class=\"pricing-list__title\">SUP-Tour (90min)<\/span>\n\t\t\t\t<span class=\"pricing-list__line\"><\/span>\n\t\t\t\t<span class=\"pricing-list__price\">30\u20ac<\/span>\n\t\t\t\t\t\t\t<\/div>\n\t\t\t\t\t<div class=\"pricing-list__item\">\n\t\t\t\t\t\t\t\t<span class=\"pricing-list__title\">SUP-Kurs (90min)<\/span>\n\t\t\t\t<span class=\"pricing-list__line\"><\/span>\n\t\t\t\t<span class=\"pricing-list__price\">45\u20ac<\/span>\n\t\t\t\t\t\t\t<\/div>\n\t\t\t\t\t<div class=\"pricing-list__item\">\n\t\t\t\t\t\t\t\t<span class=\"pricing-list__title\">Neopren (1 Stunde)<\/span>\n\t\t\t\t<span class=\"pricing-list__line\"><\/span>\n\t\t\t\t<span class=\"pricing-list__price\">5\u20ac<\/span>\n\t\t\t\t\t\t\t<\/div>\n\t\t\t\t\t<div class=\"pricing-list__item\">\n\t\t\t\t\t\t\t\t<span class=\"pricing-list__title\">Neopren (3 Stunden)<\/span>\n\t\t\t\t<span class=\"pricing-list__line\"><\/span>\n\t\t\t\t<span class=\"pricing-list__price\">10\u20ac<\/span>\n\t\t\t\t\t\t\t<\/div>\n\t\t\t\t\t<div class=\"pricing-list__item\">\n\t\t\t\t\t\t\t\t<span class=\"pricing-list__title\">Neopren (1 Tag)<\/span>\n\t\t\t\t<span class=\"pricing-list__line\"><\/span>\n\t\t\t\t<span class=\"pricing-list__price\">15\u20ac<\/span>\n\t\t\t\t\t\t\t<\/div>\n\t\t\t<\/div>\n\n<\/div><\/div><div id=\"pgc-11912-3-1\"  class=\"panel-grid-cell\" ><div id=\"panel-11912-3-1-0\" class=\"so-panel widget widget_pw_accordion widget-accordion panel-first-child panel-last-child\" data-index=\"4\" >\t<div class=\"accordion panel-group\" id=\"accordion-widget-3-1-0\" role=\"tablist\" aria-multiselectable=\"true\">\n\t\t\t<div class=\"accordion__panel  panel  panel-default\">\n\t\t\t<div class=\"accordion__heading  panel-heading\" role=\"tab\" id=\"heading-widget-3-1-0-1\">\n\t\t\t\t<h4 class=\"panel-title\">\n\t\t\t\t\t<a class=\"collapsed\" role=\"button\" data-toggle=\"collapse\" data-parent=\"#accordion-widget-3-1-0\" href=\"#collapse-widget-3-1-0-1\" aria-expanded=\"false\" aria-controls=\"collapse-widget-3-1-0-1\">\n\t\t\t\t\t\tWas muss ich zum Paddeln anziehen?\t\t\t\t\t<\/a>\n\t\t\t\t<\/h4>\n\t\t\t<\/div>\n\t\t\t<div id=\"collapse-widget-3-1-0-1\" class=\"accordion__content  panel-collapse  collapse\" role=\"tabpanel\" aria-labelledby=\"heading-widget-3-1-0-1\">\n\t\t\t\t<div class=\"panel-body\">\n\t\t\t\t\tKommt drauf an \ud83d\ude09 Wir empfehlen im Sommer Boardshort &amp; Shirt, in der Vor- und Nachsaison schadet auch ein Neoprenanzug nicht. Kommt im Endeffekt darauf an, ob und wie oft Du ins Wasser fallen wirst und wie lange Du auf dem Wasser bleiben willst.\t\t\t\t<\/div>\n\t\t\t<\/div>\n\t\t<\/div>\n\t\t\t<div class=\"accordion__panel  panel  panel-default\">\n\t\t\t<div class=\"accordion__heading  panel-heading\" role=\"tab\" id=\"heading-widget-3-1-0-2\">\n\t\t\t\t<h4 class=\"panel-title\">\n\t\t\t\t\t<a class=\"collapsed\" role=\"button\" data-toggle=\"collapse\" data-parent=\"#accordion-widget-3-1-0\" href=\"#collapse-widget-3-1-0-2\" aria-expanded=\"false\" aria-controls=\"collapse-widget-3-1-0-2\">\n\t\t\t\t\t\tBrauche ich irgendwelche Vorkenntnisse?\t\t\t\t\t<\/a>\n\t\t\t\t<\/h4>\n\t\t\t<\/div>\n\t\t\t<div id=\"collapse-widget-3-1-0-2\" class=\"accordion__content  panel-collapse  collapse\" role=\"tabpanel\" aria-labelledby=\"heading-widget-3-1-0-2\">\n\t\t\t\t<div class=\"panel-body\">\n\t\t\t\t\tDu musst schwimmen k\u00f6nnen und Dich vor dem Paddeln \u00fcber die Windrichtung und die damit verbundenen Risiken informieren.\t\t\t\t<\/div>\n\t\t\t<\/div>\n\t\t<\/div>\n\t\t\t<div class=\"accordion__panel  panel  panel-default\">\n\t\t\t<div class=\"accordion__heading  panel-heading\" role=\"tab\" id=\"heading-widget-3-1-0-3\">\n\t\t\t\t<h4 class=\"panel-title\">\n\t\t\t\t\t<a class=\"collapsed\" role=\"button\" data-toggle=\"collapse\" data-parent=\"#accordion-widget-3-1-0\" href=\"#collapse-widget-3-1-0-3\" aria-expanded=\"false\" aria-controls=\"collapse-widget-3-1-0-3\">\n\t\t\t\t\t\tMuss ich noch irgendwas mitbringen?\t\t\t\t\t<\/a>\n\t\t\t\t<\/h4>\n\t\t\t<\/div>\n\t\t\t<div id=\"collapse-widget-3-1-0-3\" class=\"accordion__content  panel-collapse  collapse\" role=\"tabpanel\" aria-labelledby=\"heading-widget-3-1-0-3\">\n\t\t\t\t<div class=\"panel-body\">\n\t\t\t\t\tDu solltest Dir noch etwas zu trinken, Sonnencreme, M\u00fcckenspray und eine Sonnenbrille mitbringen. Wenn Du eine wasserfeste Kamera hast, bring sie ruhig mit..\t\t\t\t<\/div>\n\t\t\t<\/div>\n\t\t<\/div>\n\t\t\t<div class=\"accordion__panel  panel  panel-default\">\n\t\t\t<div class=\"accordion__heading  panel-heading\" role=\"tab\" id=\"heading-widget-3-1-0-4\">\n\t\t\t\t<h4 class=\"panel-title\">\n\t\t\t\t\t<a class=\"collapsed\" role=\"button\" data-toggle=\"collapse\" data-parent=\"#accordion-widget-3-1-0\" href=\"#collapse-widget-3-1-0-4\" aria-expanded=\"false\" aria-controls=\"collapse-widget-3-1-0-4\">\n\t\t\t\t\t\tGibt es die M\u00f6glichkeit, sich mit dem Board irgendwo abholen zu lassen?\t\t\t\t\t<\/a>\n\t\t\t\t<\/h4>\n\t\t\t<\/div>\n\t\t\t<div id=\"collapse-widget-3-1-0-4\" class=\"accordion__content  panel-collapse  collapse\" role=\"tabpanel\" aria-labelledby=\"heading-widget-3-1-0-4\">\n\t\t\t\t<div class=\"panel-body\">\n\t\t\t\t\tJa, allerdings nur nach vorheriger Absprache und Verf\u00fcgbarkeit - plane also Wartezeit mit ein...\t\t\t\t<\/div>\n\t\t\t<\/div>\n\t\t<\/div>\n\t\t\t<div class=\"accordion__panel  panel  panel-default\">\n\t\t\t<div class=\"accordion__heading  panel-heading\" role=\"tab\" id=\"heading-widget-3-1-0-5\">\n\t\t\t\t<h4 class=\"panel-title\">\n\t\t\t\t\t<a class=\"collapsed\" role=\"button\" data-toggle=\"collapse\" data-parent=\"#accordion-widget-3-1-0\" href=\"#collapse-widget-3-1-0-5\" aria-expanded=\"false\" aria-controls=\"collapse-widget-3-1-0-5\">\n\t\t\t\t\t\tKann ich auch einen Hund mit auf die Boards nehmen?\t\t\t\t\t<\/a>\n\t\t\t\t<\/h4>\n\t\t\t<\/div>\n\t\t\t<div id=\"collapse-widget-3-1-0-5\" class=\"accordion__content  panel-collapse  collapse\" role=\"tabpanel\" aria-labelledby=\"heading-widget-3-1-0-5\">\n\t\t\t\t<div class=\"panel-body\">\n\t\t\t\t\tGenerell ist das m\u00f6glich - allerdings sind die Boards doch recht empfindlich, was Krallen angeht. Sollte das Board durch Deinen Hund besch\u00e4digt werden, musst Du f\u00fcr die Reparatur\/Instandsetzung aufkommen.\t\t\t\t<\/div>\n\t\t\t<\/div>\n\t\t<\/div>\n\t\t\t<\/div>\n\n<\/div><\/div><\/div><div id=\"pg-11912-4\"  class=\"panel-grid panel-no-style\" ><div id=\"pgc-11912-4-0\"  class=\"panel-grid-cell\" ><div id=\"panel-11912-4-0-0\" class=\"so-panel widget widget_sow-image panel-first-child panel-last-child\" data-index=\"5\" ><div\n\t\t\t\n\t\t\tclass=\"so-widget-sow-image so-widget-sow-image-default-8b5b6f678277-11912\"\n\t\t\t\n\t\t>\n<div class=\"sow-image-container\">\n\t\t\t<a href=\"https:\/\/kitesafe.de\/wp-content\/uploads\/2018\/12\/SUP-Loissin-12.jpg\"\n\t\t\tdata-lightbox=\"21312982585c35f54f7144e682641698\" data-lightbox-options=\"{&quot;alwaysShowNavOnTouchDevices&quot;:false,&quot;disabledOnTablet&quot;:false,&quot;disabledOnMobile&quot;:false,&quot;disableScrolling&quot;:false,&quot;overlayColor&quot;:&quot;#000&quot;,&quot;overlayOpacity&quot;:0.8000000000000000444089209850062616169452667236328125,&quot;fadeDuration&quot;:600,&quot;fitImagesInViewport&quot;:true,&quot;imageFadeDuration&quot;:600,&quot;maxHeight&quot;:&quot;&quot;,&quot;maxWidth&quot;:&quot;&quot;,&quot;positionFromTop&quot;:50,&quot;resizeDuration&quot;:700,&quot;showImageNumberLabel&quot;:true,&quot;disableCaption&quot;:&quot;&quot;,&quot;wrapAround&quot;:true,&quot;albumLabel&quot;:&quot; %1 of %2&quot;}\" data-title=\"SUP dog\" \t\t>\n\t\t\t<img \n\tsrc=\"https:\/\/kitesafe.de\/wp-content\/uploads\/2018\/12\/SUP-Loissin-12.jpg\" width=\"864\" height=\"486\" srcset=\"https:\/\/kitesafe.de\/wp-content\/uploads\/2018\/12\/SUP-Loissin-12.jpg 864w, https:\/\/kitesafe.de\/wp-content\/uploads\/2018\/12\/SUP-Loissin-12-300x169.jpg 300w, https:\/\/kitesafe.de\/wp-content\/uploads\/2018\/12\/SUP-Loissin-12-768x432.jpg 768w, https:\/\/kitesafe.de\/wp-content\/uploads\/2018\/12\/SUP-Loissin-12-540x304.jpg 540w, https:\/\/kitesafe.de\/wp-content\/uploads\/2018\/12\/SUP-Loissin-12-352x198.jpg 352w, https:\/\/kitesafe.de\/wp-content\/uploads\/2018\/12\/SUP-Loissin-12-360x204.jpg 360w, https:\/\/kitesafe.de\/wp-content\/uploads\/2018\/12\/SUP-Loissin-12-600x338.jpg 600w\" sizes=\"(max-width: 864px) 100vw, 864px\" title=\"SUP dog\" alt=\"SUP dog\" \t\tclass=\"so-widget-image\"\/>\n\t\t\t<\/a><\/div>\n\n<\/div><\/div><\/div><\/div><\/div><\/div>","protected":false},"excerpt":{"rendered":"<p>Stand up paddling or SUP for short has established itself in recent years as the perfect workout and lazy alternative to kitesurfing. And even without ambitions for top athletic performance, it is fun to fall off the board in the bay or to watch the ground in waist-deep water. We have SUP boards and SUP &hellip;<\/p>\n","protected":false},"author":1,"featured_media":0,"parent":11924,"menu_order":0,"comment_status":"closed","ping_status":"closed","template":"","meta":{"_acf_changed":false,"ngg_post_thumbnail":0,"footnotes":""},"class_list":["post-11912","page","type-page","status-publish","hentry","clearfix"],"acf":[],"_links":{"self":[{"href":"https:\/\/kitesafe.de\/en\/wp-json\/wp\/v2\/pages\/11912","targetHints":{"allow":["GET"]}}],"collection":[{"href":"https:\/\/kitesafe.de\/en\/wp-json\/wp\/v2\/pages"}],"about":[{"href":"https:\/\/kitesafe.de\/en\/wp-json\/wp\/v2\/types\/page"}],"author":[{"embeddable":true,"href":"https:\/\/kitesafe.de\/en\/wp-json\/wp\/v2\/users\/1"}],"replies":[{"embeddable":true,"href":"https:\/\/kitesafe.de\/en\/wp-json\/wp\/v2\/comments?post=11912"}],"version-history":[{"count":1,"href":"https:\/\/kitesafe.de\/en\/wp-json\/wp\/v2\/pages\/11912\/revisions"}],"predecessor-version":[{"id":11913,"href":"https:\/\/kitesafe.de\/en\/wp-json\/wp\/v2\/pages\/11912\/revisions\/11913"}],"up":[{"embeddable":true,"href":"https:\/\/kitesafe.de\/en\/wp-json\/wp\/v2\/pages\/11924"}],"wp:attachment":[{"href":"https:\/\/kitesafe.de\/en\/wp-json\/wp\/v2\/media?parent=11912"}],"curies":[{"name":"wp","href":"https:\/\/api.w.org\/{rel}","templated":true}]}}